{"id":6874,"date":"2021-08-20T00:04:06","date_gmt":"2021-08-19T22:04:06","guid":{"rendered":"https:\/\/digitalhistory.unite.it\/francisco-gomez-de-sandoval-y-rojas-duca-di-lerma\/"},"modified":"2021-11-23T15:27:10","modified_gmt":"2021-11-23T14:27:10","slug":"francisco-gomez-de-sandoval-y-rojas-duca-di-lerma","status":"publish","type":"page","link":"https:\/\/digitalhistory.unite.it\/en\/territori\/percorsi-regionali\/storia-araba-e-gusto-barocco\/lespulsione-dei-moriscos\/francisco-gomez-de-sandoval-y-rojas-duca-di-lerma\/","title":{"rendered":"Francisco G\u00f3mez de Sandoval y Rojas, duca di Lerma"},"content":{"rendered":"<h1>Francisco G\u00f3mez de Sandoval y Rojas, duca di Lerma <\/h1>\n<div class=\"testo\">\n<p style=\"text-align: justify\"><img loading=\"lazy\" decoding=\"async\" src=\"https:\/\/digitalhistory.unite.it\/wp-content\/uploads\/2021\/08\/duca_di_lerma_251x201.jpg\" width=\"251\" height=\"201\" alt=\"Duca di Lerma\" align=\"left\">Francisco G\u00f3mez de Sandoval y Rojas, V marchese di Denia e I duca di Lerma, nacque a Tordesillas nel 1553, erede di una famiglia di antico e prestioso lignaggio, ma dalle fortune economiche decadute. Grazie all&#8217;affetto e al favore del principe e poi re Filippo III (1578-1621), seppe conquistarsi una posizione di assoluta preminenza a corte e nel governo della monarchia spagnola. Il poderoso favorito (<em>valido<\/em> in spagnolo) resse di fatto le sorti della principale potenza dell&#8217;epoca al posto del legittimo sovrano, disinteressato o poco incline alla politica. Per un ventennio (1598-1618), il duca di Lerma inaugur\u00f2 un tipo di governo, basato sul posizionamento nei centri vitali dell&#8217;amministrazione di parenti, alleati e uomini di sua fiducia, che sarebbe stato in seguito imitato anche dal conte duca di Olivares (1587-1645). La pace con l&#8217;Inghilterra (1604), la Tregua dei Dodici anni (1609-1621) e l&#8217;espulsione dei <em>Moriscos<\/em> furono alcune tra le pi\u00f9 importanti decisioni prese durante il suo mandato. Scalzato dal posto di comando per mano della fazione guidata dal suo stesso erede Crist\u00f3bal, duca di Uceda, e dal confessore del re Luis de Aliaga, Lerma lasci\u00f2 la corte nel 1618, ma non prima di aver ottenuto la nomina a cardinale della Chiesa. Sopravvissuto al re che lo aveva innalzato e al figlio che lo aveva tradito, mor\u00ec a Valladolid il 17 maggio 1625.<\/p>\n<p style=\"text-align: justify\">Per saperne di pi\u00f9:<\/p>\n<ul>\n<li>\n<div style=\"text-align: justify\">A. Feros, <em>Kingship and Favoritism in the Spain of Philip III, 1598-1621<\/em>, Cambridge 2000.<\/div>\n<\/li>\n<li>\n<div style=\"text-align: justify\">P. Williams, <em>The great favourite: the Duke of Lerma and the court and government of Philip III of Spain, 1598-1621<\/em>, Manchester &#8211; New York 2006.<\/div>\n<\/li>\n<li>\n<div style=\"text-align: justify\">A. Alvar Ezquerra, <em>El Duque de Lerma. Corrupci\u00f3n y desmoralizaci\u00f3n en la Espa\u00f1a del siglo XVII<\/em>, Madrid 2010.<\/div>\n<\/li>\n<\/ul>\n<\/div>\n<p><\/p>\n","protected":false},"excerpt":{"rendered":"<p>Francisco G\u00f3mez de Sandoval y Rojas, duca di Lerma Francisco G\u00f3mez de Sandoval y Rojas, V marchese di Denia e I duca di Lerma, nacque a Tordesillas nel 1553, erede di una famiglia di antico e prestioso lignaggio, ma dalle fortune economiche decadute. Grazie all&#8217;affetto&hellip;<\/p>\n","protected":false},"author":1,"featured_media":0,"parent":6026,"menu_order":0,"comment_status":"closed","ping_status":"closed","template":"","meta":{"footnotes":""},"class_list":["post-6874","page","type-page","status-publish","hentry"],"_links":{"self":[{"href":"https:\/\/digitalhistory.unite.it\/en\/wp-json\/wp\/v2\/pages\/6874","targetHints":{"allow":["GET"]}}],"collection":[{"href":"https:\/\/digitalhistory.unite.it\/en\/wp-json\/wp\/v2\/pages"}],"about":[{"href":"https:\/\/digitalhistory.unite.it\/en\/wp-json\/wp\/v2\/types\/page"}],"author":[{"embeddable":true,"href":"https:\/\/digitalhistory.unite.it\/en\/wp-json\/wp\/v2\/users\/1"}],"replies":[{"embeddable":true,"href":"https:\/\/digitalhistory.unite.it\/en\/wp-json\/wp\/v2\/comments?post=6874"}],"version-history":[{"count":3,"href":"https:\/\/digitalhistory.unite.it\/en\/wp-json\/wp\/v2\/pages\/6874\/revisions"}],"predecessor-version":[{"id":10834,"href":"https:\/\/digitalhistory.unite.it\/en\/wp-json\/wp\/v2\/pages\/6874\/revisions\/10834"}],"up":[{"embeddable":true,"href":"https:\/\/digitalhistory.unite.it\/en\/wp-json\/wp\/v2\/pages\/6026"}],"wp:attachment":[{"href":"https:\/\/digitalhistory.unite.it\/en\/wp-json\/wp\/v2\/media?parent=6874"}],"curies":[{"name":"wp","href":"https:\/\/api.w.org\/{rel}","templated":true}]}}