{"id":6896,"date":"2021-08-20T00:04:07","date_gmt":"2021-08-19T22:04:07","guid":{"rendered":"https:\/\/digitalhistory.unite.it\/rubens\/"},"modified":"2021-11-23T17:44:57","modified_gmt":"2021-11-23T16:44:57","slug":"rubens","status":"publish","type":"page","link":"https:\/\/digitalhistory.unite.it\/en\/territori\/percorsi-trans-nazionali\/pittura-barocca\/velazquez-in-italia\/rubens\/","title":{"rendered":"Pieter Paul Rubens"},"content":{"rendered":"<h1>Pieter Paul Rubens <\/h1>\n<div class=\"testo\">\n<p style=\"text-align: justify\"><img loading=\"lazy\" decoding=\"async\" src=\"https:\/\/digitalhistory.unite.it\/wp-content\/uploads\/2021\/08\/peter_paul_rubens_-_self-portrait_-_wga20380__fileminimizer__251x340.jpg\" width=\"251\" height=\"340\" alt=\"Rubens\" align=\"left\">Figlio di un calvinista fiammingo rifugiatosi a Colonia per motivi religiosi, Pieter Paul Rubens (1577-1640) soggiorn\u00f2 in Italia dal 1600 al 1608. Oltre a perfezionare la sua arte sull&#8217;esempio dei grandi artisti del Rinascimento, ma anche di Annibale Carracci e del Caravaggio, Rubens si mise al servizio di Vincenzo Gonzaga, duca di Mantova, per il quale altern\u00f2 l&#8217;attivit\u00e0 di pittore con missioni diplomatiche e politiche. La pi\u00f9 celebre di queste lo port\u00f2 per otto mesi, nel 1603, alla corte del re di Spagna Filippo III. Rientrato nei Paesi Bassi, si dedic\u00f2 ad un&#8217;intensa attivit\u00e0, protetto dal favore dei reggenti Alberto d&#8217;Asburgo e Isabella. Continuando ad alternare l&#8217;attivit\u00e0 artistica con quella politico-diplomatica (missioni a Madrid e poi a Londra negli anni 1628-1630), Rubens si impose come uno dei maggiori artisti della sua epoca. Tra le sue opere: il <em>Ritratto equestre del duca di Lerma<\/em>, <em>Sansone e Dalila<\/em>, l&#8217;<em>Autoritratto<\/em> <em>con la moglie<\/em>, il <em>Cristo morto<\/em>, le 24 grandi tele che costituiscono il ciclo delle allegorie della vita di Maria de&#8217; Medici regina di Francia, il <em>Trittico di San Ildefonso<\/em>.<\/p>\n<\/div>\n<p><\/p>\n","protected":false},"excerpt":{"rendered":"<p>Pieter Paul Rubens Figlio di un calvinista fiammingo rifugiatosi a Colonia per motivi religiosi, Pieter Paul Rubens (1577-1640) soggiorn\u00f2 in Italia dal 1600 al 1608. Oltre a perfezionare la sua arte sull&#8217;esempio dei grandi artisti del Rinascimento, ma anche di Annibale Carracci e del Caravaggio,&hellip;<\/p>\n","protected":false},"author":1,"featured_media":0,"parent":6075,"menu_order":0,"comment_status":"closed","ping_status":"closed","template":"","meta":{"footnotes":""},"class_list":["post-6896","page","type-page","status-publish","hentry"],"_links":{"self":[{"href":"https:\/\/digitalhistory.unite.it\/en\/wp-json\/wp\/v2\/pages\/6896","targetHints":{"allow":["GET"]}}],"collection":[{"href":"https:\/\/digitalhistory.unite.it\/en\/wp-json\/wp\/v2\/pages"}],"about":[{"href":"https:\/\/digitalhistory.unite.it\/en\/wp-json\/wp\/v2\/types\/page"}],"author":[{"embeddable":true,"href":"https:\/\/digitalhistory.unite.it\/en\/wp-json\/wp\/v2\/users\/1"}],"replies":[{"embeddable":true,"href":"https:\/\/digitalhistory.unite.it\/en\/wp-json\/wp\/v2\/comments?post=6896"}],"version-history":[{"count":2,"href":"https:\/\/digitalhistory.unite.it\/en\/wp-json\/wp\/v2\/pages\/6896\/revisions"}],"predecessor-version":[{"id":10910,"href":"https:\/\/digitalhistory.unite.it\/en\/wp-json\/wp\/v2\/pages\/6896\/revisions\/10910"}],"up":[{"embeddable":true,"href":"https:\/\/digitalhistory.unite.it\/en\/wp-json\/wp\/v2\/pages\/6075"}],"wp:attachment":[{"href":"https:\/\/digitalhistory.unite.it\/en\/wp-json\/wp\/v2\/media?parent=6896"}],"curies":[{"name":"wp","href":"https:\/\/api.w.org\/{rel}","templated":true}]}}