{"id":6901,"date":"2021-08-20T00:04:07","date_gmt":"2021-08-19T22:04:07","guid":{"rendered":"https:\/\/digitalhistory.unite.it\/guerra-dei-trentanni\/"},"modified":"2021-11-23T15:27:18","modified_gmt":"2021-11-23T14:27:18","slug":"guerra-dei-trentanni","status":"publish","type":"page","link":"https:\/\/digitalhistory.unite.it\/en\/territori\/percorsi-trans-nazionali\/statue-equestri-di-sovrani-spagnoli\/filippo-iii-e-la-plaza-mayor-di-madrid\/guerra-dei-trentanni\/","title":{"rendered":"Guerra dei Trent&#8217;anni"},"content":{"rendered":"<h1>Guerra dei Trent&#8217;anni <\/h1>\n<div class=\"testo\">\n<p style=\"text-align: justify\"><img loading=\"lazy\" decoding=\"async\" src=\"https:\/\/digitalhistory.unite.it\/wp-content\/uploads\/2021\/08\/vel_zquez_-_de_breda_o_las_lanzas__museo_del_prado__1634-35___fileminimizer__342x282.jpg\" width=\"342\" height=\"282\" alt=\"Presa di Breda - Velazquez\" align=\"left\">La Guerra dei Trent&#8217;anni deve il suo nome alla durata di un conflitto che si svolse essenzialmente sul territorio tedesco e boemo nella prima met\u00e0 del Seicento (1618-1648), ma che interess\u00f2 anche l&#8217;Italia settentrionale. L&#8217;intricata situazione politico-religiosa seguita alla pace di Augusta del 1555 si complic\u00f2 ulteriormente quando l&#8217;imperatore Mattia d&#8217;Asburgo (1557-1619) disattese la Lettera di maest\u00e0 con cui nel 1609 suo fratello e predecessore Rodolfo II (1576-1612) aveva concesso la libert\u00e0 di coscienza ai sudditi del regno di Boemia. Le limitazioni imposte al culto calvinista da Mattia e la designazione come suo successore di un cattolico intransigente come il duca Ferdinando di Stiria (1578-1637), provocarono l&#8217;insurrezione della citt\u00e0 di Praga (23 maggio 1618) e la famosa \u00abdefenestrazione\u00bb: i rivoltosi assalirono il castello e gettarono dalla finestra i due rappresentanti imperiali che vi si trovavano. Alla morte di Mattia d&#8217;Asburgo, i boemi si rifiutarono di riconoscere l&#8217;erede designato e conferirono la corona all&#8217;elettore Federico V del Palatinato (1596-1632), capo dell&#8217;Unione Evangelica. Inizi\u00f2 cos\u00ec la Guerra dei Trent&#8217;anni. La prima storica battaglia avvenne sulla Montagna bianca (1620, nei pressi di Praga), dove le truppe imperiali, appoggiate dalla Lega cattolica e dalla fanteria degli Asburgo di Spagna, sconfissero le forze boeme e palatine. Riconquistata la Boemia, dove i vincitori imposero il cattolicesimo con brutalit\u00e0 e violenza, l&#8217;esercito ispano-imperiale invase anche il Palatinato. A questo punto, timorosi per l&#8217;espansione europea degli Asburgo e per il profilarsi di un&#8217;egemonia cattolica che avrebbe schiacciato le altre confessioni religiose, altre potenze protestanti scesero in campo: la Confederazione elvetica (1620-1630), la Danimarca (1625-1629) e la Svezia luterana (1629-1635). Nonostante tutto, per\u00f2, gli Asburgo continuavano ad avere la meglio. Le sorti del conflitto mutarono solo quando la Francia, che negli anni precedenti si era limitata ad appoggiare finanziariamente i protestanti, decise di scendere in campo con i suoi eserciti e sconfisse definitivamente gli Spagnoli a Rocroi (1643). I negoziati produssero due trattati, siglati rispettivamente a M\u00fcnster e a Osnabr\u00fcck, che sono passati alla storia come la Pace di Vestfalia (24 ottobre 1648). Il conflitto proseguir\u00e0 su scala ridotta solo tra la Spagna e la Francia, fino alla sconfitta delle truppe spagnole nella battaglia delle Dune (1658) e alla firma del trattato di pace dei Pirenei (1659). La Guerra dei Trent&#8217;anni segn\u00f2 il declino del disegno egemonico degli Asburgo austriaci e spagnoli (che furono costretti a riconoscere l&#8217;indipendenza delle Province Unite), sia in campo religioso sia in campo politico-militare, l&#8217;indebolimento del potere imperiale sulla Germania e il riconoscimento della fede calvinista alla pari delle altre confessioni protestanti. La pace di Vestfalia, inoltre, riconobbe il ruolo di potenze regionali alla Confederazione svizzera e alla Svezia (immagine: <em>La resa di Breda<\/em> di Diego Vel\u00e1zquez).<\/p>\n<p style=\"text-align: justify\">Per saperne di pi\u00f9:<\/p>\n<ul>\n<li>\n<div style=\"text-align: justify\">G. Parker, <em>The Thirty Years&#8217; War<\/em>, London 1984.<\/div>\n<\/li>\n<li>\n<div style=\"text-align: justify\">P.H. Wilson, <em>Europe&#8217;s Tragedy. A History of the Thirty Years War<\/em>, London 2009.<\/div>\n<\/li>\n<\/ul>\n<\/div>\n<p><\/p>\n","protected":false},"excerpt":{"rendered":"<p>Guerra dei Trent&#8217;anni La Guerra dei Trent&#8217;anni deve il suo nome alla durata di un conflitto che si svolse essenzialmente sul territorio tedesco e boemo nella prima met\u00e0 del Seicento (1618-1648), ma che interess\u00f2 anche l&#8217;Italia settentrionale. L&#8217;intricata situazione politico-religiosa seguita alla pace di Augusta&hellip;<\/p>\n","protected":false},"author":1,"featured_media":0,"parent":6053,"menu_order":0,"comment_status":"closed","ping_status":"closed","template":"","meta":{"footnotes":""},"class_list":["post-6901","page","type-page","status-publish","hentry"],"_links":{"self":[{"href":"https:\/\/digitalhistory.unite.it\/en\/wp-json\/wp\/v2\/pages\/6901","targetHints":{"allow":["GET"]}}],"collection":[{"href":"https:\/\/digitalhistory.unite.it\/en\/wp-json\/wp\/v2\/pages"}],"about":[{"href":"https:\/\/digitalhistory.unite.it\/en\/wp-json\/wp\/v2\/types\/page"}],"author":[{"embeddable":true,"href":"https:\/\/digitalhistory.unite.it\/en\/wp-json\/wp\/v2\/users\/1"}],"replies":[{"embeddable":true,"href":"https:\/\/digitalhistory.unite.it\/en\/wp-json\/wp\/v2\/comments?post=6901"}],"version-history":[{"count":2,"href":"https:\/\/digitalhistory.unite.it\/en\/wp-json\/wp\/v2\/pages\/6901\/revisions"}],"predecessor-version":[{"id":10917,"href":"https:\/\/digitalhistory.unite.it\/en\/wp-json\/wp\/v2\/pages\/6901\/revisions\/10917"}],"up":[{"embeddable":true,"href":"https:\/\/digitalhistory.unite.it\/en\/wp-json\/wp\/v2\/pages\/6053"}],"wp:attachment":[{"href":"https:\/\/digitalhistory.unite.it\/en\/wp-json\/wp\/v2\/media?parent=6901"}],"curies":[{"name":"wp","href":"https:\/\/api.w.org\/{rel}","templated":true}]}}