{"id":6975,"date":"2021-08-20T00:04:12","date_gmt":"2021-08-19T22:04:12","guid":{"rendered":"https:\/\/digitalhistory.unite.it\/la-catedral-nueva-di-cadice\/"},"modified":"2021-11-23T15:27:13","modified_gmt":"2021-11-23T14:27:13","slug":"la-catedral-nueva-di-cadice","status":"publish","type":"page","link":"https:\/\/digitalhistory.unite.it\/en\/territori\/percorsi-trans-nazionali\/genovesi-tra-italia-e-spagna-in-eta-barocca\/sculture-genovesi-nella-catedral-nueva-di-cadice\/la-catedral-nueva-di-cadice\/","title":{"rendered":"La Catedral Nueva di Cadice"},"content":{"rendered":"<h1>La Catedral Nueva di Cadice <\/h1>\n<div class=\"testo\">\n<p style=\"text-align: justify\">Situata nel centro storico di Cadice vicino alla costa, sostitu\u00ec la vecchia cattedrale, di dimensioni inferiori e ormai deteriorata dal tempo. La costuzione della nuova cattedrale dur\u00f2 praticamente un secolo: dagli inizi del XVIII agli inizi del XIX secolo. All&#8217;interno possiamo misurarci con una mescolanza di stili, con il Barocco e il Neoclassico che dominano nella decorazione del tempio. La pianta \u00e8 a croce latina, divisa in tre navate. Risalta la grande cupola&nbsp;sulla crociera&nbsp;e le volte sparse per tutto l&#8217;edificio, assieme alle cappelle dedicate a diversi Santi che circondano il perimetro della chiesa. I materiali utilizzati sono marmi e diaspri colorati, che danno un&#8217;aria di grandezza e ricchezza ai suoi spazi. L&#8217;esterno \u00e8 molto diverso da quello di altre cattedrali: la facciata \u00e8 in stile barocco con due torri ai lati, e la cupola \u00e8 coperta da&nbsp;piastrelle dorate che riflettono la luce.<\/p>\n<\/div>\n<p><\/p>\n","protected":false},"excerpt":{"rendered":"<p>La Catedral Nueva di Cadice Situata nel centro storico di Cadice vicino alla costa, sostitu\u00ec la vecchia cattedrale, di dimensioni inferiori e ormai deteriorata dal tempo. La costuzione della nuova cattedrale dur\u00f2 praticamente un secolo: dagli inizi del XVIII agli inizi del XIX secolo. All&#8217;interno&hellip;<\/p>\n","protected":false},"author":1,"featured_media":0,"parent":6062,"menu_order":0,"comment_status":"closed","ping_status":"closed","template":"","meta":{"footnotes":""},"class_list":["post-6975","page","type-page","status-publish","hentry"],"_links":{"self":[{"href":"https:\/\/digitalhistory.unite.it\/en\/wp-json\/wp\/v2\/pages\/6975","targetHints":{"allow":["GET"]}}],"collection":[{"href":"https:\/\/digitalhistory.unite.it\/en\/wp-json\/wp\/v2\/pages"}],"about":[{"href":"https:\/\/digitalhistory.unite.it\/en\/wp-json\/wp\/v2\/types\/page"}],"author":[{"embeddable":true,"href":"https:\/\/digitalhistory.unite.it\/en\/wp-json\/wp\/v2\/users\/1"}],"replies":[{"embeddable":true,"href":"https:\/\/digitalhistory.unite.it\/en\/wp-json\/wp\/v2\/comments?post=6975"}],"version-history":[{"count":3,"href":"https:\/\/digitalhistory.unite.it\/en\/wp-json\/wp\/v2\/pages\/6975\/revisions"}],"predecessor-version":[{"id":10869,"href":"https:\/\/digitalhistory.unite.it\/en\/wp-json\/wp\/v2\/pages\/6975\/revisions\/10869"}],"up":[{"embeddable":true,"href":"https:\/\/digitalhistory.unite.it\/en\/wp-json\/wp\/v2\/pages\/6062"}],"wp:attachment":[{"href":"https:\/\/digitalhistory.unite.it\/en\/wp-json\/wp\/v2\/media?parent=6975"}],"curies":[{"name":"wp","href":"https:\/\/api.w.org\/{rel}","templated":true}]}}