{"id":7041,"date":"2021-08-19T22:04:18","date_gmt":"2021-08-19T20:04:18","guid":{"rendered":"https:\/\/digitalhistory.unite.it\/catanzaro\/"},"modified":"2021-11-23T17:44:55","modified_gmt":"2021-11-23T16:44:55","slug":"catanzaro","status":"publish","type":"page","link":"https:\/\/digitalhistory.unite.it\/en\/temi\/feste-e-rituali\/la-settimana-santa-in-calabria\/catanzaro\/","title":{"rendered":"Catanzaro"},"content":{"rendered":"<h1>Catanzaro <\/h1>\n<div class=\"testo\">\n<p style=\"text-align: justify\">La citt\u00e0 di Catanzaro si svilupp\u00f2 quasi certamente da un&#8217;antica colonia greca. In et\u00e0 medievale, fu dominata, alternativamente, dai bizantini e dai mussulmani saraceni, fino alla conquista normanna da parte di Roberto il Guiscardo. Nei secoli successivi, Catanzaro vide cambiare pi\u00f9 volte la propria condizione, da citt\u00e0 appartenente al demanio regio, a feudo di grandi famiglie nobiliari, in particolare dei Ruffo. La fiorente industria serica locale permise a Catanzaro di godere di un notevole grado di benessere economico. Nel 1528 resistette all&#8217;assedio posto dai francesi, e grazie a tale evento ottenne dall&#8217;imperatore Carlo V (1500-1558) il titolo di &#8220;Fedelissima&#8221; e il privilegio di poter inserire l&#8217;aquila imperiale nel proprio stemma. A partire dal 1593 e ininterrottamente per i due secoli successivi, Catanzaro fu anche capoluogo della provincia della Calabria Ulteriore.<\/p>\n<\/div>\n<p><\/p>\n","protected":false},"excerpt":{"rendered":"<p>Catanzaro La citt\u00e0 di Catanzaro si svilupp\u00f2 quasi certamente da un&#8217;antica colonia greca. In et\u00e0 medievale, fu dominata, alternativamente, dai bizantini e dai mussulmani saraceni, fino alla conquista normanna da parte di Roberto il Guiscardo. Nei secoli successivi, Catanzaro vide cambiare pi\u00f9 volte la propria&hellip;<\/p>\n","protected":false},"author":1,"featured_media":0,"parent":6199,"menu_order":0,"comment_status":"closed","ping_status":"closed","template":"","meta":{"footnotes":""},"class_list":["post-7041","page","type-page","status-publish","hentry"],"_links":{"self":[{"href":"https:\/\/digitalhistory.unite.it\/en\/wp-json\/wp\/v2\/pages\/7041","targetHints":{"allow":["GET"]}}],"collection":[{"href":"https:\/\/digitalhistory.unite.it\/en\/wp-json\/wp\/v2\/pages"}],"about":[{"href":"https:\/\/digitalhistory.unite.it\/en\/wp-json\/wp\/v2\/types\/page"}],"author":[{"embeddable":true,"href":"https:\/\/digitalhistory.unite.it\/en\/wp-json\/wp\/v2\/users\/1"}],"replies":[{"embeddable":true,"href":"https:\/\/digitalhistory.unite.it\/en\/wp-json\/wp\/v2\/comments?post=7041"}],"version-history":[{"count":3,"href":"https:\/\/digitalhistory.unite.it\/en\/wp-json\/wp\/v2\/pages\/7041\/revisions"}],"predecessor-version":[{"id":10597,"href":"https:\/\/digitalhistory.unite.it\/en\/wp-json\/wp\/v2\/pages\/7041\/revisions\/10597"}],"up":[{"embeddable":true,"href":"https:\/\/digitalhistory.unite.it\/en\/wp-json\/wp\/v2\/pages\/6199"}],"wp:attachment":[{"href":"https:\/\/digitalhistory.unite.it\/en\/wp-json\/wp\/v2\/media?parent=7041"}],"curies":[{"name":"wp","href":"https:\/\/api.w.org\/{rel}","templated":true}]}}