{"id":7126,"date":"2021-08-20T00:04:22","date_gmt":"2021-08-19T22:04:22","guid":{"rendered":"https:\/\/digitalhistory.unite.it\/museo-nacional-de-escultura-of-valladolid\/"},"modified":"2021-11-23T15:28:12","modified_gmt":"2021-11-23T14:28:12","slug":"museo-nacional-de-escultura-of-valladolid","status":"publish","type":"page","link":"https:\/\/digitalhistory.unite.it\/en\/territories\/urban-routes\/museo-nacional-de-escultura-of-valladolid\/","title":{"rendered":"The Nacional Sculpture Museum of Valladolid"},"content":{"rendered":"<h1>The Nacional Sculpture Museum of Valladolid <\/h1>\n<div class=\"testo\">\n<ul>\n<li><a href=\"\/en\/territories\/urban-routes\/museo-nacional-de-escultura-of-valladolid\/a-museum-which-is-over-a-hundred-years-old\/\" title=\"A museum which is over a hundred years old\">A museum which is over a hundred years old<\/a><\/li>\n<li><a href=\"\/en\/territories\/urban-routes\/museo-nacional-de-escultura-of-valladolid\/the-sculpture-collections-the-colegio-de-san-gregorio-and-the-golden-age-of-spanish-sculpture\/\" title=\"The sculpture collections. The Colegio de San Gregorio and the golden age of Spanish sculpture\"> The sculpture collections. The&nbsp;<em>Colegio de San Gregorio<\/em>&nbsp;and the golden age of Spanish sculpture<\/a><\/li>\n<li><a href=\"\/en\/territories\/urban-routes\/museo-nacional-de-escultura-of-valladolid\/gregorio-fernandezs-cristo-yacente\/\" title=\"Gregorio Fern\u00e1ndez's &quot;Cristo yacente&quot;\">Gregorio Fern\u00e1ndez&#8217;s &#8220;Cristo yacente&#8221;<\/a>&nbsp;<\/li>\n<li><a href=\"\/en\/territories\/urban-routes\/museo-nacional-de-escultura-of-valladolid\/pedro-de-menas-magdalena\/\" title=\"Pedro de Mena's &quot;Magdalena&quot;\">Pedro de Mena&#8217;s &#8220;Magdalena&#8221;<\/a>&nbsp;<\/li>\n<li><a href=\"\/en\/territories\/urban-routes\/museo-nacional-de-escultura-of-valladolid\/gregorio-fernandezs-saint-teresa-of-jesus\/\" title=\"Gregorio Fern\u00e1ndez's &quot;Saint Teresa of Jesus&quot;\">Gregorio Fern\u00e1ndez&#8217;s &#8220;Santa Teresa de Jes\u00fas&#8221;<\/a><\/li>\n<li><a href=\"\/en\/territories\/urban-routes\/museo-nacional-de-escultura-of-valladolid\/francisco-del-rincons-elevacion-de-la-cruz\/\" title=\"Francisco del Rinc\u00f3n's &quot;Elevaci\u00f3n de la Cruz&quot;\">Francisco del Rinc\u00f3n&#8217;s &#8220;Elevaci\u00f3n de la Cruz&#8221;<\/a><\/li>\n<li><a href=\"\/en\/territories\/urban-routes\/museo-nacional-de-escultura-of-valladolid\/juan-de-roelass-alegoria-de-la-virgen-inmaculada\/\" title=\"Juan de Roelas's &quot;Alegor\u00eda de la Virgen Inmaculada&quot;\"> Juan de Roelas&#8217;s &#8220;Alegor\u00eda de la Virgen Inmaculada&#8221;<\/a><\/li>\n<\/ul><\/div>\n<p><\/p>\n","protected":false},"excerpt":{"rendered":"<p>The Nacional Sculpture Museum of Valladolid A museum which is over a hundred years old The sculpture collections. The&nbsp;Colegio de San Gregorio&nbsp;and the golden age of Spanish sculpture Gregorio Fern\u00e1ndez&#8217;s &#8220;Cristo yacente&#8221;&nbsp; Pedro de Mena&#8217;s &#8220;Magdalena&#8221;&nbsp; Gregorio Fern\u00e1ndez&#8217;s &#8220;Santa Teresa de Jes\u00fas&#8221; Francisco del Rinc\u00f3n&#8217;s&hellip;<\/p>\n","protected":false},"author":1,"featured_media":0,"parent":5893,"menu_order":0,"comment_status":"closed","ping_status":"closed","template":"","meta":{"footnotes":""},"class_list":["post-7126","page","type-page","status-publish","hentry"],"_links":{"self":[{"href":"https:\/\/digitalhistory.unite.it\/en\/wp-json\/wp\/v2\/pages\/7126","targetHints":{"allow":["GET"]}}],"collection":[{"href":"https:\/\/digitalhistory.unite.it\/en\/wp-json\/wp\/v2\/pages"}],"about":[{"href":"https:\/\/digitalhistory.unite.it\/en\/wp-json\/wp\/v2\/types\/page"}],"author":[{"embeddable":true,"href":"https:\/\/digitalhistory.unite.it\/en\/wp-json\/wp\/v2\/users\/1"}],"replies":[{"embeddable":true,"href":"https:\/\/digitalhistory.unite.it\/en\/wp-json\/wp\/v2\/comments?post=7126"}],"version-history":[{"count":2,"href":"https:\/\/digitalhistory.unite.it\/en\/wp-json\/wp\/v2\/pages\/7126\/revisions"}],"predecessor-version":[{"id":11493,"href":"https:\/\/digitalhistory.unite.it\/en\/wp-json\/wp\/v2\/pages\/7126\/revisions\/11493"}],"up":[{"embeddable":true,"href":"https:\/\/digitalhistory.unite.it\/en\/wp-json\/wp\/v2\/pages\/5893"}],"wp:attachment":[{"href":"https:\/\/digitalhistory.unite.it\/en\/wp-json\/wp\/v2\/media?parent=7126"}],"curies":[{"name":"wp","href":"https:\/\/api.w.org\/{rel}","templated":true}]}}