{"id":7136,"date":"2021-08-20T00:04:23","date_gmt":"2021-08-19T22:04:23","guid":{"rendered":"https:\/\/digitalhistory.unite.it\/seville\/"},"modified":"2021-11-23T15:27:35","modified_gmt":"2021-11-23T14:27:35","slug":"seville","status":"publish","type":"page","link":"https:\/\/digitalhistory.unite.it\/en\/territories\/urban-routes\/museo-nacional-de-escultura-of-valladolid\/juan-de-roelass-alegoria-de-la-virgen-inmaculada\/seville\/","title":{"rendered":"Seville"},"content":{"rendered":"<h1>Seville <\/h1>\n<div class=\"testo\">\n<p style=\"text-align: justify\"><img loading=\"lazy\" decoding=\"async\" src=\"https:\/\/digitalhistory.unite.it\/wp-content\/uploads\/2021\/08\/plazaespanasevilla_251x188.jpg\" width=\"251\" height=\"188\" alt=\"Siviglia\" align=\"left\">First conquered by the Visigoths (fifth century) and then the Muslims (eighth century), Seville became part of the kingdom of Castile and Le\u00f3n&nbsp;in 1248, holding, in later centuries, a prominent role within the Spanish monarchy. In 1481 the first <em>auto de fe<\/em> of the Spanish Inquisition was held in Seville, but the history of the city changed especially with the discovery of the Americas (1492). Seville became the centre of commerce and communications with the New World (through the <em>Casa de Contrataci\u00f3n<\/em> and the <em>Universidad de Mercaderes<\/em>), thus becoming cosmopolitan and populous: during the sixteenth century it surpassed 100,000 inhabitants. A large part of the local heritage is of the same period. Undergoing a crisis, along with the kingdom of Castile, in the seventeenth century, Seville was decimated by the plague outbreak in 1649, during which almost half of the population died. From the cultural point of view, however, Counter-Reformation and Baroque Seville was full of churches and convents which flourished thanks to the skill of artists such as Vald\u00e9s Leal, Zurbar\u00e1n, Murillo,&nbsp;<span>Mart\u00ednez Monta\u00f1\u00e9s and Juan<\/span>&nbsp;de Mesa. In 1717 the <em>Casa de Contrataci\u00f3n<\/em> was moved to Cadiz, with consequent economic and political damage to Seville. The Lisbon earthquake of 1755 caused deaths and serious damage to the city&#8217;s artistic heritage.&nbsp;<span>(photo: <em>Plaza de Espa\u00f1a<\/em>, Seville)<\/span><\/p>\n<\/p><\/div>\n<p><\/p>\n","protected":false},"excerpt":{"rendered":"<p>Seville First conquered by the Visigoths (fifth century) and then the Muslims (eighth century), Seville became part of the kingdom of Castile and Le\u00f3n&nbsp;in 1248, holding, in later centuries, a prominent role within the Spanish monarchy. In 1481 the first auto de fe of the&hellip;<\/p>\n","protected":false},"author":1,"featured_media":0,"parent":6323,"menu_order":0,"comment_status":"closed","ping_status":"closed","template":"","meta":{"footnotes":""},"class_list":["post-7136","page","type-page","status-publish","hentry"],"_links":{"self":[{"href":"https:\/\/digitalhistory.unite.it\/en\/wp-json\/wp\/v2\/pages\/7136","targetHints":{"allow":["GET"]}}],"collection":[{"href":"https:\/\/digitalhistory.unite.it\/en\/wp-json\/wp\/v2\/pages"}],"about":[{"href":"https:\/\/digitalhistory.unite.it\/en\/wp-json\/wp\/v2\/types\/page"}],"author":[{"embeddable":true,"href":"https:\/\/digitalhistory.unite.it\/en\/wp-json\/wp\/v2\/users\/1"}],"replies":[{"embeddable":true,"href":"https:\/\/digitalhistory.unite.it\/en\/wp-json\/wp\/v2\/comments?post=7136"}],"version-history":[{"count":3,"href":"https:\/\/digitalhistory.unite.it\/en\/wp-json\/wp\/v2\/pages\/7136\/revisions"}],"predecessor-version":[{"id":11090,"href":"https:\/\/digitalhistory.unite.it\/en\/wp-json\/wp\/v2\/pages\/7136\/revisions\/11090"}],"up":[{"embeddable":true,"href":"https:\/\/digitalhistory.unite.it\/en\/wp-json\/wp\/v2\/pages\/6323"}],"wp:attachment":[{"href":"https:\/\/digitalhistory.unite.it\/en\/wp-json\/wp\/v2\/media?parent=7136"}],"curies":[{"name":"wp","href":"https:\/\/api.w.org\/{rel}","templated":true}]}}