{"id":7155,"date":"2021-08-20T00:04:25","date_gmt":"2021-08-19T22:04:25","guid":{"rendered":"https:\/\/digitalhistory.unite.it\/alcala-de-henares\/"},"modified":"2021-11-23T17:45:05","modified_gmt":"2021-11-23T16:45:05","slug":"alcala-de-henares","status":"publish","type":"page","link":"https:\/\/digitalhistory.unite.it\/en\/territories\/urban-routes\/valladolid\/the-university\/alcala-de-henares\/","title":{"rendered":"Alcal\u00e1 de Henares"},"content":{"rendered":"<h1>Alcal\u00e1 de Henares <\/h1>\n<div class=\"testo\">\n<p style=\"text-align: justify\"><img loading=\"lazy\" decoding=\"async\" src=\"https:\/\/digitalhistory.unite.it\/wp-content\/uploads\/2021\/08\/universidad_de_alcal__de_henares_02_252x189.jpg\" width=\"252\" height=\"189\" alt=\"Alcal\u00e0\" align=\"left\">During the Early Modern age, the name of Alcal\u00e1 de Henares became especially famous for its university, the only one able to compete for prestige with the University of Salamanca (photo). It was founded in 1499 by Cardinal Francisco Jim\u00e9nez de Cisneros. The most important political, religious and intellectual personalities of Spain at the time studied there, such as Francisco de Quevedo, Tirso de Molina, Francisco Su\u00e1rez, Ignatius of Loyola, Lope de Vega, Calder\u00f3n&nbsp;de la Barca, Juan de Mariana, Juan Gin\u00e9s de Sepulveda and Benito Arias Montano. Also, on 29 September 1547, Miguel de Cervantes, the author of the most famous work of Spanish Baroque literature, <em>Don Quijote de la Mancha<\/em>, was born in Alcal<span>\u00e1<\/span>.<\/p>\n<\/p><\/div>\n<p><\/p>\n","protected":false},"excerpt":{"rendered":"<p>Alcal\u00e1 de Henares During the Early Modern age, the name of Alcal\u00e1 de Henares became especially famous for its university, the only one able to compete for prestige with the University of Salamanca (photo). It was founded in 1499 by Cardinal Francisco Jim\u00e9nez de Cisneros.&hellip;<\/p>\n","protected":false},"author":1,"featured_media":0,"parent":6380,"menu_order":0,"comment_status":"closed","ping_status":"closed","template":"","meta":{"footnotes":""},"class_list":["post-7155","page","type-page","status-publish","hentry"],"_links":{"self":[{"href":"https:\/\/digitalhistory.unite.it\/en\/wp-json\/wp\/v2\/pages\/7155","targetHints":{"allow":["GET"]}}],"collection":[{"href":"https:\/\/digitalhistory.unite.it\/en\/wp-json\/wp\/v2\/pages"}],"about":[{"href":"https:\/\/digitalhistory.unite.it\/en\/wp-json\/wp\/v2\/types\/page"}],"author":[{"embeddable":true,"href":"https:\/\/digitalhistory.unite.it\/en\/wp-json\/wp\/v2\/users\/1"}],"replies":[{"embeddable":true,"href":"https:\/\/digitalhistory.unite.it\/en\/wp-json\/wp\/v2\/comments?post=7155"}],"version-history":[{"count":2,"href":"https:\/\/digitalhistory.unite.it\/en\/wp-json\/wp\/v2\/pages\/7155\/revisions"}],"predecessor-version":[{"id":11532,"href":"https:\/\/digitalhistory.unite.it\/en\/wp-json\/wp\/v2\/pages\/7155\/revisions\/11532"}],"up":[{"embeddable":true,"href":"https:\/\/digitalhistory.unite.it\/en\/wp-json\/wp\/v2\/pages\/6380"}],"wp:attachment":[{"href":"https:\/\/digitalhistory.unite.it\/en\/wp-json\/wp\/v2\/media?parent=7155"}],"curies":[{"name":"wp","href":"https:\/\/api.w.org\/{rel}","templated":true}]}}