{"id":7156,"date":"2021-08-20T00:04:25","date_gmt":"2021-08-19T22:04:25","guid":{"rendered":"https:\/\/digitalhistory.unite.it\/francisco-jimenez-de-cisneros\/"},"modified":"2021-11-23T15:28:05","modified_gmt":"2021-11-23T14:28:05","slug":"francisco-jimenez-de-cisneros","status":"publish","type":"page","link":"https:\/\/digitalhistory.unite.it\/en\/territories\/urban-routes\/alcala-de-henares\/alcala-de-henares-the-town-of-cisneros-cervantes-and-the-jesuits\/francisco-jimenez-de-cisneros\/","title":{"rendered":"Francisco Jim\u00e9nez de Cisneros"},"content":{"rendered":"<h1>Francisco Jim\u00e9nez de Cisneros <\/h1>\n<div class=\"testo\">\n<p style=\"text-align: justify\"><img loading=\"lazy\" decoding=\"async\" src=\"https:\/\/digitalhistory.unite.it\/wp-content\/uploads\/2021\/08\/ximenez_de_cisneros__fileminimizer__226x448.jpg\" width=\"226\" height=\"448\" alt=\"Cisneros\" align=\"left\">Francisco Jim\u00e9nez de Cisneros was born in Torrelaguna, in the <em>Comunidad de Madrid<\/em>, in 1436. He studied theology and law at the Universities of Salamanca and Rome. He began his priestly career as Archpriest of Uceda and Vicar General of the Diocese of Sig\u00fcenza, but nevertheless ended up preferring the discipline and entered the Franciscan Order in 1484. He became provincial of the convent of San Juan de los Reyes in Toledo and soon established himself as one of the main advisers to the court of the Catholic Monarchs through his friendship with Queen Isabella the Catholic, who already had appointed him her confessor. In 1495 he was appointed archbishop of Toledo, and from there undertook to reform the Franciscan convents and to combat the corrupt morality of the secular clergy. In 1507 he obtained the cardinal&#8217;s hat and the following year began his most ambitious and innovative project: the founding of the University of Alcal\u00e1 de Henares. He was regent of the Iberian kingdoms on several occasions: at the death of Philip I the Handsome, in 1506, and pending the arrival of Charles I (Charles V as emperor) after the death of Ferdinand the Catholic, in 1516. Cardinal Cisneros died a year later, on November 8, 1517 in Roa, near Burgos.<\/p>\n<p>&nbsp;<\/p>\n<p>Read more:<\/p>\n<ul>\n<li style=\"text-align: justify\">J. Garc\u00eda Oro, <em>Cisneros: un cardenal reformista en el Reino de Espa\u00f1a (1436-1517)<\/em>, Madrid 2005.<\/li>\n<li style=\"text-align: justify\">S. Aguad\u00e9 Nieto (coord.), <em>Cisneros y el Siglo de Oro de la Universidad de Alcal\u00e1<\/em>, Centro Internacional de Estudios Hist\u00f3ricos&nbsp;Cisneros, Universidad de Alcal\u00e1 de Henares, Fundaci\u00f3n General de la Universidad de Alcal\u00e1 de Henares, Consejer\u00eda de Educaci\u00f3n de la Comunidad de Madrid, 1999.<\/li>\n<\/ul>\n<p style=\"text-align: justify\">&nbsp;<\/p>\n<\/p><\/div>\n<p><\/p>\n","protected":false},"excerpt":{"rendered":"<p>Francisco Jim\u00e9nez de Cisneros Francisco Jim\u00e9nez de Cisneros was born in Torrelaguna, in the Comunidad de Madrid, in 1436. He studied theology and law at the Universities of Salamanca and Rome. He began his priestly career as Archpriest of Uceda and Vicar General of the&hellip;<\/p>\n","protected":false},"author":1,"featured_media":0,"parent":6339,"menu_order":0,"comment_status":"closed","ping_status":"closed","template":"","meta":{"footnotes":""},"class_list":["post-7156","page","type-page","status-publish","hentry"],"_links":{"self":[{"href":"https:\/\/digitalhistory.unite.it\/en\/wp-json\/wp\/v2\/pages\/7156","targetHints":{"allow":["GET"]}}],"collection":[{"href":"https:\/\/digitalhistory.unite.it\/en\/wp-json\/wp\/v2\/pages"}],"about":[{"href":"https:\/\/digitalhistory.unite.it\/en\/wp-json\/wp\/v2\/types\/page"}],"author":[{"embeddable":true,"href":"https:\/\/digitalhistory.unite.it\/en\/wp-json\/wp\/v2\/users\/1"}],"replies":[{"embeddable":true,"href":"https:\/\/digitalhistory.unite.it\/en\/wp-json\/wp\/v2\/comments?post=7156"}],"version-history":[{"count":2,"href":"https:\/\/digitalhistory.unite.it\/en\/wp-json\/wp\/v2\/pages\/7156\/revisions"}],"predecessor-version":[{"id":11417,"href":"https:\/\/digitalhistory.unite.it\/en\/wp-json\/wp\/v2\/pages\/7156\/revisions\/11417"}],"up":[{"embeddable":true,"href":"https:\/\/digitalhistory.unite.it\/en\/wp-json\/wp\/v2\/pages\/6339"}],"wp:attachment":[{"href":"https:\/\/digitalhistory.unite.it\/en\/wp-json\/wp\/v2\/media?parent=7156"}],"curies":[{"name":"wp","href":"https:\/\/api.w.org\/{rel}","templated":true}]}}