{"id":7158,"date":"2021-08-20T00:04:25","date_gmt":"2021-08-19T22:04:25","guid":{"rendered":"https:\/\/digitalhistory.unite.it\/medieval-scholasticism\/"},"modified":"2021-11-23T15:28:05","modified_gmt":"2021-11-23T14:28:05","slug":"medieval-scholasticism","status":"publish","type":"page","link":"https:\/\/digitalhistory.unite.it\/en\/territories\/urban-routes\/alcala-de-henares\/alcala-de-henares-the-town-of-cisneros-cervantes-and-the-jesuits\/medieval-scholasticism\/","title":{"rendered":"Medieval scholasticism"},"content":{"rendered":"<h1>Medieval scholasticism <\/h1>\n<div class=\"testo\">\n<p style=\"text-align: justify\">A philosophical-theological doctrinal current, cultivated and developed in the schools of medieva lEurope from the Carolingian age until the Renaissance. The philosophical schools of thought that embraced this system were located at the cathedrals and monasteries then moved on, during the thirteenth century, to the university. The aim of the School was to understand Christianity by resorting to classical philosophy, especially Aristotle&#8217;s thought. The method used to subordinate reason to faith was basically based on the repetitive study of the Bible and ancient texts.&nbsp;<\/p>\n<p style=\"text-align: justify\">Read more:<\/p>\n<ul>\n<li>J.A. Merino, <em>Historia de la filosof\u00eda medieval<\/em>, Madrid 2001.<\/li>\n<li>P. Vignaux (traducci\u00f3n de T. de Segovia), <em>El pensamiento en la Edad Media<\/em>, M\u00e9xico 1990.<\/li>\n<li>\u00c9. Gilson, <em>El esp\u00edritu de la filosof\u00eda medieval<\/em>, Madrid 2004.<\/li>\n<\/ul><\/div>\n<p><\/p>\n","protected":false},"excerpt":{"rendered":"<p>Medieval scholasticism A philosophical-theological doctrinal current, cultivated and developed in the schools of medieva lEurope from the Carolingian age until the Renaissance. The philosophical schools of thought that embraced this system were located at the cathedrals and monasteries then moved on, during the thirteenth century,&hellip;<\/p>\n","protected":false},"author":1,"featured_media":0,"parent":6339,"menu_order":0,"comment_status":"closed","ping_status":"closed","template":"","meta":{"footnotes":""},"class_list":["post-7158","page","type-page","status-publish","hentry"],"_links":{"self":[{"href":"https:\/\/digitalhistory.unite.it\/en\/wp-json\/wp\/v2\/pages\/7158","targetHints":{"allow":["GET"]}}],"collection":[{"href":"https:\/\/digitalhistory.unite.it\/en\/wp-json\/wp\/v2\/pages"}],"about":[{"href":"https:\/\/digitalhistory.unite.it\/en\/wp-json\/wp\/v2\/types\/page"}],"author":[{"embeddable":true,"href":"https:\/\/digitalhistory.unite.it\/en\/wp-json\/wp\/v2\/users\/1"}],"replies":[{"embeddable":true,"href":"https:\/\/digitalhistory.unite.it\/en\/wp-json\/wp\/v2\/comments?post=7158"}],"version-history":[{"count":2,"href":"https:\/\/digitalhistory.unite.it\/en\/wp-json\/wp\/v2\/pages\/7158\/revisions"}],"predecessor-version":[{"id":11419,"href":"https:\/\/digitalhistory.unite.it\/en\/wp-json\/wp\/v2\/pages\/7158\/revisions\/11419"}],"up":[{"embeddable":true,"href":"https:\/\/digitalhistory.unite.it\/en\/wp-json\/wp\/v2\/pages\/6339"}],"wp:attachment":[{"href":"https:\/\/digitalhistory.unite.it\/en\/wp-json\/wp\/v2\/media?parent=7158"}],"curies":[{"name":"wp","href":"https:\/\/api.w.org\/{rel}","templated":true}]}}