{"id":7164,"date":"2021-08-20T00:04:25","date_gmt":"2021-08-19T22:04:25","guid":{"rendered":"https:\/\/digitalhistory.unite.it\/francisco-villanueva\/"},"modified":"2021-11-23T17:45:03","modified_gmt":"2021-11-23T16:45:03","slug":"francisco-villanueva","status":"publish","type":"page","link":"https:\/\/digitalhistory.unite.it\/en\/territories\/urban-routes\/alcala-de-henares\/the-ermita-del-cristo-de-los-doctrinos\/francisco-villanueva\/","title":{"rendered":"Francisco Villanueva"},"content":{"rendered":"<h1>Francisco Villanueva <\/h1>\n<div class=\"testo\">\n<p style=\"text-align: justify\">Francisco Villanueva was born in 1509 in Plasencia and entered in the newly founded Society of Jesus in the city of Coimbra, in Portugal. After a short time he went to Alcal\u00e1 de Henares to study. Together with a group of Jesuits he set out to build the first Jesuit college of the province of Toledo. Ignatius charged him with the opening of a number of colleges, such as those of C\u00f3rdoba and Plasencia. The struggle which pitted Villanueva against the archbishop of Toledo, Juan Mart\u00ednez Sil\u00edceo, who used the Inquisition to prosecute members of the Society is worthy of note. They were accused of being open to philosophical alternatives to classic medieval scholasticism. He died at Alcal\u00e1 de Henares in 1557.<\/p>\n<p>Read more:<\/p>\n<ul>\n<li style=\"text-align: justify\">C.M\u00aa. Abad, <em>Un centro de ejercicios espirituales en la antigua Compa\u00f1\u00eda: el colegio de Alcal\u00e1<\/em>, in <span>\u00abManresa\u00bb<\/span>, 20 (1948), pp. 156-180.<\/li>\n<li style=\"text-align: justify\">J. Mart\u00ednez de la Escalera S.J., <em>Fundaci\u00f3n Complutense de la Compa\u00f1\u00eda de Jes\u00fas<\/em>, in <em>La Compa\u00f1\u00eda de Jes\u00fas en Alcal\u00e1 de Henares<\/em>, Alcal\u00e1 1989, pp. 15-24.<\/li>\n<\/ul><\/div>\n<p><\/p>\n","protected":false},"excerpt":{"rendered":"<p>Francisco Villanueva Francisco Villanueva was born in 1509 in Plasencia and entered in the newly founded Society of Jesus in the city of Coimbra, in Portugal. After a short time he went to Alcal\u00e1 de Henares to study. Together with a group of Jesuits he&hellip;<\/p>\n","protected":false},"author":1,"featured_media":0,"parent":6341,"menu_order":0,"comment_status":"closed","ping_status":"closed","template":"","meta":{"footnotes":""},"class_list":["post-7164","page","type-page","status-publish","hentry"],"_links":{"self":[{"href":"https:\/\/digitalhistory.unite.it\/en\/wp-json\/wp\/v2\/pages\/7164","targetHints":{"allow":["GET"]}}],"collection":[{"href":"https:\/\/digitalhistory.unite.it\/en\/wp-json\/wp\/v2\/pages"}],"about":[{"href":"https:\/\/digitalhistory.unite.it\/en\/wp-json\/wp\/v2\/types\/page"}],"author":[{"embeddable":true,"href":"https:\/\/digitalhistory.unite.it\/en\/wp-json\/wp\/v2\/users\/1"}],"replies":[{"embeddable":true,"href":"https:\/\/digitalhistory.unite.it\/en\/wp-json\/wp\/v2\/comments?post=7164"}],"version-history":[{"count":2,"href":"https:\/\/digitalhistory.unite.it\/en\/wp-json\/wp\/v2\/pages\/7164\/revisions"}],"predecessor-version":[{"id":11435,"href":"https:\/\/digitalhistory.unite.it\/en\/wp-json\/wp\/v2\/pages\/7164\/revisions\/11435"}],"up":[{"embeddable":true,"href":"https:\/\/digitalhistory.unite.it\/en\/wp-json\/wp\/v2\/pages\/6341"}],"wp:attachment":[{"href":"https:\/\/digitalhistory.unite.it\/en\/wp-json\/wp\/v2\/media?parent=7164"}],"curies":[{"name":"wp","href":"https:\/\/api.w.org\/{rel}","templated":true}]}}