{"id":7166,"date":"2021-08-20T00:04:25","date_gmt":"2021-08-19T22:04:25","guid":{"rendered":"https:\/\/digitalhistory.unite.it\/juan-de-mariana\/"},"modified":"2021-11-23T17:45:03","modified_gmt":"2021-11-23T16:45:03","slug":"juan-de-mariana","status":"publish","type":"page","link":"https:\/\/digitalhistory.unite.it\/en\/territories\/urban-routes\/alcala-de-henares\/the-colegio-maximo-of-the-company-in-alcala-a-reference-point-and-centre-for-studies-in-the-seventeenth-century\/juan-de-mariana\/","title":{"rendered":"Juan de Mariana"},"content":{"rendered":"<h1>Juan de Mariana <\/h1>\n<div class=\"testo\">\n<p style=\"text-align: justify\">Juan de Mariana was a historian and theologian of the Society of Jesus, born in Talavera de la Reina in 1526 and he studied at Alcal\u00e1 de Henares, where he met the Jesuits and he decided to join the Society. In addition to being one of the most important writers of the Spanish Golden Age, he was rector of various Jesuit colleges, such as those of Loreto and Messina. Among his most important works the <em>Historiae de rebus Hispaniae<\/em> (1592) stand out, in which he explained and interpreted the history of Spain, and the controversial <em>De Rege et Regis Institutione<\/em> (1599), which justified tyrannicide as an extreme measure against an unjust and despotic government. He died in Toledo in 1624.<\/p>\n<p>Read more:<\/p>\n<ul>\n<li style=\"text-align: justify\">J. Barba Martin, <em>Las dos historias de J. de Mariana<\/em>, in <span>\u00abEstudios\u00bb<\/span>, 29 (1992), pp. 51-70.<\/li>\n<li style=\"text-align: justify\">J. Maiso Gonz\u00e1lez, <em>Momento historiogr\u00e1fico que aparece en la Historia de Juan de Mariana<\/em>, in <em>Homenaje a Antonio de <span>B\u00e9thencourt<\/span>&nbsp;Massieu<\/em>, Las Palmas de Gran Canaria 1995, vol. II, pp. 321-336.<\/li>\n<li style=\"text-align: justify\">F. Centenera S\u00e1nchez-Seco, <em>El pensamiento filos\u00f3fico-pol\u00edtico de Juan de Mariana en el Tratado De rege et regis institutione<\/em>, in L. San Miguel Garc\u00eda (ed.), <em>Filosof\u00eda pol\u00edtica: las grandes obras<\/em>, 2006, pp. 371-386.<\/li>\n<\/ul>\n<p style=\"text-align: justify\">&nbsp;<\/p>\n<\/p><\/div>\n<p><\/p>\n","protected":false},"excerpt":{"rendered":"<p>Juan de Mariana Juan de Mariana was a historian and theologian of the Society of Jesus, born in Talavera de la Reina in 1526 and he studied at Alcal\u00e1 de Henares, where he met the Jesuits and he decided to join the Society. In addition&hellip;<\/p>\n","protected":false},"author":1,"featured_media":0,"parent":6342,"menu_order":0,"comment_status":"closed","ping_status":"closed","template":"","meta":{"footnotes":""},"class_list":["post-7166","page","type-page","status-publish","hentry"],"_links":{"self":[{"href":"https:\/\/digitalhistory.unite.it\/en\/wp-json\/wp\/v2\/pages\/7166","targetHints":{"allow":["GET"]}}],"collection":[{"href":"https:\/\/digitalhistory.unite.it\/en\/wp-json\/wp\/v2\/pages"}],"about":[{"href":"https:\/\/digitalhistory.unite.it\/en\/wp-json\/wp\/v2\/types\/page"}],"author":[{"embeddable":true,"href":"https:\/\/digitalhistory.unite.it\/en\/wp-json\/wp\/v2\/users\/1"}],"replies":[{"embeddable":true,"href":"https:\/\/digitalhistory.unite.it\/en\/wp-json\/wp\/v2\/comments?post=7166"}],"version-history":[{"count":2,"href":"https:\/\/digitalhistory.unite.it\/en\/wp-json\/wp\/v2\/pages\/7166\/revisions"}],"predecessor-version":[{"id":11431,"href":"https:\/\/digitalhistory.unite.it\/en\/wp-json\/wp\/v2\/pages\/7166\/revisions\/11431"}],"up":[{"embeddable":true,"href":"https:\/\/digitalhistory.unite.it\/en\/wp-json\/wp\/v2\/pages\/6342"}],"wp:attachment":[{"href":"https:\/\/digitalhistory.unite.it\/en\/wp-json\/wp\/v2\/media?parent=7166"}],"curies":[{"name":"wp","href":"https:\/\/api.w.org\/{rel}","templated":true}]}}