{"id":7168,"date":"2021-08-20T00:04:25","date_gmt":"2021-08-19T22:04:25","guid":{"rendered":"https:\/\/digitalhistory.unite.it\/herrera-style\/"},"modified":"2021-11-23T15:28:06","modified_gmt":"2021-11-23T14:28:06","slug":"herrera-style","status":"publish","type":"page","link":"https:\/\/digitalhistory.unite.it\/en\/territories\/urban-routes\/alcala-de-henares\/the-church-of-the-jesuits-in-the-image-and-likeness-of-the-gesu-in-rome\/herrera-style\/","title":{"rendered":"Herrera style"},"content":{"rendered":"<h1>Herrera style <\/h1>\n<div class=\"testo\">\n<p style=\"text-align: justify\"><img loading=\"lazy\" decoding=\"async\" src=\"https:\/\/digitalhistory.unite.it\/wp-content\/uploads\/2021\/08\/escorial__fileminimizer__341x141.jpg\" width=\"341\" height=\"141\" alt=\"Stile herreriano\" align=\"left\">The Herrera style is an architectural style that developed in Spain from the middle of the sixteenth century, coinciding with the construction of the palace-monastery of El Escorial built by Philip II. The name is derived from the architect Juan de Herrera (1530-1597), who designed the project. The Herrera style is considered as the last stage of the Spanish Renaissance, and its main feature is the constant use of the wall, bereft of decorations, to give a feeling of great bulk. The roofs of the buildings, almost always made ??of wood, are covered with slate and surmounted by capitals with a typical pyramidal tip.<\/p>\n<p>Read more:<\/p>\n<ul>\n<li style=\"text-align: justify\">J. I. Linazaroso,&nbsp;<em>El Clasicismo Herreriano: \u00bfUn proyecto interrumpido?<\/em>, in&nbsp;<em>Herrera y el clasicismo: ensayos, cat\u00e1logo y dibujos en torno a la arquitectura en clave clasicista<\/em>, Junta de Castilla y Le\u00f3n 1986, pp. 15-20.<\/li>\n<li style=\"text-align: justify\">A. Bustamante Garc\u00eda,&nbsp;<em>Juan de Herrera y El Escorial<\/em>, in J. G\u00f3mez Mart\u00ednez, M. \u00c1. Aramburu-Zabala Higuera (coords.), Juan&nbsp;<em>de Herrera y su influencia: actas del simposio, Camargo, 14-17 julio 1992<\/em>, Santander 1993, pp. 17-26.<\/li>\n<\/ul><\/div>\n<p><\/p>\n","protected":false},"excerpt":{"rendered":"<p>Herrera style The Herrera style is an architectural style that developed in Spain from the middle of the sixteenth century, coinciding with the construction of the palace-monastery of El Escorial built by Philip II. The name is derived from the architect Juan de Herrera (1530-1597),&hellip;<\/p>\n","protected":false},"author":1,"featured_media":0,"parent":6343,"menu_order":0,"comment_status":"closed","ping_status":"closed","template":"","meta":{"footnotes":""},"class_list":["post-7168","page","type-page","status-publish","hentry"],"_links":{"self":[{"href":"https:\/\/digitalhistory.unite.it\/en\/wp-json\/wp\/v2\/pages\/7168","targetHints":{"allow":["GET"]}}],"collection":[{"href":"https:\/\/digitalhistory.unite.it\/en\/wp-json\/wp\/v2\/pages"}],"about":[{"href":"https:\/\/digitalhistory.unite.it\/en\/wp-json\/wp\/v2\/types\/page"}],"author":[{"embeddable":true,"href":"https:\/\/digitalhistory.unite.it\/en\/wp-json\/wp\/v2\/users\/1"}],"replies":[{"embeddable":true,"href":"https:\/\/digitalhistory.unite.it\/en\/wp-json\/wp\/v2\/comments?post=7168"}],"version-history":[{"count":2,"href":"https:\/\/digitalhistory.unite.it\/en\/wp-json\/wp\/v2\/pages\/7168\/revisions"}],"predecessor-version":[{"id":11428,"href":"https:\/\/digitalhistory.unite.it\/en\/wp-json\/wp\/v2\/pages\/7168\/revisions\/11428"}],"up":[{"embeddable":true,"href":"https:\/\/digitalhistory.unite.it\/en\/wp-json\/wp\/v2\/pages\/6343"}],"wp:attachment":[{"href":"https:\/\/digitalhistory.unite.it\/en\/wp-json\/wp\/v2\/media?parent=7168"}],"curies":[{"name":"wp","href":"https:\/\/api.w.org\/{rel}","templated":true}]}}