{"id":7170,"date":"2021-08-20T00:04:25","date_gmt":"2021-08-19T22:04:25","guid":{"rendered":"https:\/\/digitalhistory.unite.it\/santas-formas-incorruptas\/"},"modified":"2021-11-23T15:28:06","modified_gmt":"2021-11-23T14:28:06","slug":"santas-formas-incorruptas","status":"publish","type":"page","link":"https:\/\/digitalhistory.unite.it\/en\/territories\/urban-routes\/alcala-de-henares\/the-church-of-the-jesuits-in-the-image-and-likeness-of-the-gesu-in-rome\/santas-formas-incorruptas\/","title":{"rendered":"Santas Formas Incorruptas"},"content":{"rendered":"<h1>Santas Formas Incorruptas <\/h1>\n<div class=\"testo\">\n<p style=\"text-align: justify\">The history of the <em>Formas Incorruptas&nbsp;<\/em> (incorruptible forms) of Alcal\u00e1 de Henares dates back to 1597, when the Jesuit Juan Ju\u00e1rez received, in the secrecy of confession, a total of twenty-six forms of the Eucharist, the result of a sacrilegious theft from a <em>Morisco<\/em> (a former Muslim who converted to Catholicism). Eleven years, the Jesuits discovered that, despite the humidity to which they were exposed, the forms were still intact, and it was immediately interpreted as the result of a genuine miracle. Since then, the <em>Santas Formas<\/em> were venerated and taken in procession public and also accompanied by the royal family. Nevertheless, the encasing and the <em>Santas Formas<\/em> themselves disappeared during the Spanish Civil War (1936-1939).<\/p>\n<p>Read more:<\/p>\n<ul>\n<li>F. M. de Arabio-Urrutia,&nbsp;<em>Monograf\u00eda hist\u00f3rica de las incorruptas Santas Formas de Alcal\u00e1 de Henares<\/em>, Alcal\u00e1 de Henares 1997.<\/li>\n<\/ul><\/div>\n<p><\/p>\n","protected":false},"excerpt":{"rendered":"<p>Santas Formas Incorruptas The history of the Formas Incorruptas&nbsp; (incorruptible forms) of Alcal\u00e1 de Henares dates back to 1597, when the Jesuit Juan Ju\u00e1rez received, in the secrecy of confession, a total of twenty-six forms of the Eucharist, the result of a sacrilegious theft from&hellip;<\/p>\n","protected":false},"author":1,"featured_media":0,"parent":6343,"menu_order":0,"comment_status":"closed","ping_status":"closed","template":"","meta":{"footnotes":""},"class_list":["post-7170","page","type-page","status-publish","hentry"],"_links":{"self":[{"href":"https:\/\/digitalhistory.unite.it\/en\/wp-json\/wp\/v2\/pages\/7170","targetHints":{"allow":["GET"]}}],"collection":[{"href":"https:\/\/digitalhistory.unite.it\/en\/wp-json\/wp\/v2\/pages"}],"about":[{"href":"https:\/\/digitalhistory.unite.it\/en\/wp-json\/wp\/v2\/types\/page"}],"author":[{"embeddable":true,"href":"https:\/\/digitalhistory.unite.it\/en\/wp-json\/wp\/v2\/users\/1"}],"replies":[{"embeddable":true,"href":"https:\/\/digitalhistory.unite.it\/en\/wp-json\/wp\/v2\/comments?post=7170"}],"version-history":[{"count":2,"href":"https:\/\/digitalhistory.unite.it\/en\/wp-json\/wp\/v2\/pages\/7170\/revisions"}],"predecessor-version":[{"id":11429,"href":"https:\/\/digitalhistory.unite.it\/en\/wp-json\/wp\/v2\/pages\/7170\/revisions\/11429"}],"up":[{"embeddable":true,"href":"https:\/\/digitalhistory.unite.it\/en\/wp-json\/wp\/v2\/pages\/6343"}],"wp:attachment":[{"href":"https:\/\/digitalhistory.unite.it\/en\/wp-json\/wp\/v2\/media?parent=7170"}],"curies":[{"name":"wp","href":"https:\/\/api.w.org\/{rel}","templated":true}]}}