{"id":7171,"date":"2021-08-20T00:04:25","date_gmt":"2021-08-19T22:04:25","guid":{"rendered":"https:\/\/digitalhistory.unite.it\/juan-gomez-de-mora\/"},"modified":"2021-11-23T17:45:03","modified_gmt":"2021-11-23T16:45:03","slug":"juan-gomez-de-mora","status":"publish","type":"page","link":"https:\/\/digitalhistory.unite.it\/en\/territories\/urban-routes\/alcala-de-henares\/the-jesuits-at-the-complutense-university-of-alcala\/juan-gomez-de-mora\/","title":{"rendered":"Juan G\u00f3mez de Mora"},"content":{"rendered":"<h1>Juan G\u00f3mez de Mora <\/h1>\n<div class=\"testo\">\n<p style=\"text-align: justify\"><img loading=\"lazy\" decoding=\"async\" src=\"https:\/\/digitalhistory.unite.it\/wp-content\/uploads\/2021\/08\/casa_de_la_villa__madrid___fileminimizer__251x167.jpg\" width=\"251\" height=\"167\" alt=\"Casa de la Villa\" align=\"left\">Juan G\u00f3mez de Mora was an architect of the Spanish Baroque. He was born in Cuenca in 1586, the son of the famous <em>pintor de c\u00e1mara<\/em> Don Juan G\u00f3mez in the court of Philip II. His uncle was Francisco de Mora, an architect who designed many buildings in the capital of the sixteenth century. Juan G\u00f3mez de Mora became Philip III&#8217;s favourite architect and worked on the reforms of the royal palace, the <em>Alc\u00e1zar<\/em> in Madrid. The works of Juan G\u00f3mez de Mora are characterized by their symmetry, a reflexion of the influence of the style inaugurated by Juan de Herrera in the construction of the palace-monastery of El Escorial. However, he also embraces new decorative elements, making him one of the most important architects of Baroque Madrid. His works include the <em>Plaza Mayor<\/em> of Madrid and the convent of the <em>Encarnaci\u00f3n&nbsp;<\/em> (Incarnation) in the same city. He died in 1648.<\/p>\n<p>Read more:<\/p>\n<ul>\n<li style=\"text-align: justify\">A. Bonet Correa,&nbsp;<em>El plano de Juan G\u00f3mez de Mora de la Plaza Mayor de Madrid en 1636<\/em>, in \u00abAnales del Instituto de Estudios Madrile\u00f1os\u00bb, 9 (1973), pp. 15-53.<\/li>\n<li style=\"text-align: justify\">M. Agull\u00f3 Cobo,&nbsp;<em>Documentos para la biograf\u00eda de Juan G\u00f3mez de Mora<\/em>, in \u00abAnales del Instituto de Estudios Madrile\u00f1os\u00bb, 9 (1973), pp. 55-80.<\/li>\n<\/ul><\/div>\n<p><\/p>\n","protected":false},"excerpt":{"rendered":"<p>Juan G\u00f3mez de Mora Juan G\u00f3mez de Mora was an architect of the Spanish Baroque. He was born in Cuenca in 1586, the son of the famous pintor de c\u00e1mara Don Juan G\u00f3mez in the court of Philip II. His uncle was Francisco de Mora,&hellip;<\/p>\n","protected":false},"author":1,"featured_media":0,"parent":6344,"menu_order":0,"comment_status":"closed","ping_status":"closed","template":"","meta":{"footnotes":""},"class_list":["post-7171","page","type-page","status-publish","hentry"],"_links":{"self":[{"href":"https:\/\/digitalhistory.unite.it\/en\/wp-json\/wp\/v2\/pages\/7171","targetHints":{"allow":["GET"]}}],"collection":[{"href":"https:\/\/digitalhistory.unite.it\/en\/wp-json\/wp\/v2\/pages"}],"about":[{"href":"https:\/\/digitalhistory.unite.it\/en\/wp-json\/wp\/v2\/types\/page"}],"author":[{"embeddable":true,"href":"https:\/\/digitalhistory.unite.it\/en\/wp-json\/wp\/v2\/users\/1"}],"replies":[{"embeddable":true,"href":"https:\/\/digitalhistory.unite.it\/en\/wp-json\/wp\/v2\/comments?post=7171"}],"version-history":[{"count":2,"href":"https:\/\/digitalhistory.unite.it\/en\/wp-json\/wp\/v2\/pages\/7171\/revisions"}],"predecessor-version":[{"id":11437,"href":"https:\/\/digitalhistory.unite.it\/en\/wp-json\/wp\/v2\/pages\/7171\/revisions\/11437"}],"up":[{"embeddable":true,"href":"https:\/\/digitalhistory.unite.it\/en\/wp-json\/wp\/v2\/pages\/6344"}],"wp:attachment":[{"href":"https:\/\/digitalhistory.unite.it\/en\/wp-json\/wp\/v2\/media?parent=7171"}],"curies":[{"name":"wp","href":"https:\/\/api.w.org\/{rel}","templated":true}]}}