{"id":7187,"date":"2021-08-20T00:04:26","date_gmt":"2021-08-19T22:04:26","guid":{"rendered":"https:\/\/digitalhistory.unite.it\/the-feast-of-san-gennaro-in-naples\/"},"modified":"2021-11-23T15:28:19","modified_gmt":"2021-11-23T14:28:19","slug":"the-feast-of-san-gennaro-in-naples","status":"publish","type":"page","link":"https:\/\/digitalhistory.unite.it\/en\/themes\/festivals\/patronal-feasts-in-campania\/the-feast-of-san-gennaro-in-naples\/","title":{"rendered":"The Feast of San Gennaro in Naples"},"content":{"rendered":"<h1>The Feast of San Gennaro in Naples <\/h1>\n<div class=\"testo\">\n<p style=\"text-align: justify\">The story of San Gennaro and his cult in the city of <a href=\"\/en\/territories\/urban-routes\/lecce\/piazza-santoronzo\/naples\/\" title=\"Naples\">Naples<\/a> has been known for centuries all over the world. It is enough to recall that the Neapolitans dedicate three dates to San Gennaro and the miracle of the liquefaction of his blood: on the first Saturday in May (the date on which the first translation of his relics is celebrated), 19 September (the day which commemorates the martyrdom of Gennaro which took place at Pozzuoli in 305 A.D. under the Roman authorities) and 16 December (the date which commemorates the miraculous intervention of the saint, who, <a href=\"\/en\/territories\/urban-routes\/cosimo-fanzago\/the-churches-of-naples-and-some-symbols-of-the-city\/\" title=\"The churches of Naples and some symbols of the city\">in 1631, saved the city which had been threatened by the eruption of Vesuvius<\/a>). The most important ceremony, the one that takes place every year 19 September in the <a href=\"\/en\/territories\/urban-routes\/ascanio-filomarino\/the-archbishops-palace-and-the-cathedral\/\" title=\"The Archbishop's Palace and the Cathedral\">Cathedral of Naples<\/a>, was begun by Pope <a href=\"\/en\/themes\/festivals\/patronal-feasts-in-campania\/the-feast-of-san-gennaro-in-naples\/sixtus-v\/\" title=\"Sixtus V\">Sixtus V<\/a> in 1586.<\/p>\n<p style=\"text-align: justify\">Here, rather than reconstruct the history of one of the most esteemed patron saints Feasts in Italy in detail, we will concentrate on the differences between the celebrations of the past and of our times. In particular, we will draw attention to the differences between <a href=\"\/en\/themes\/festivals\/patronal-feasts-in-campania\/the-feast-of-san-gennaro-in-naples\/the-feast-of-san-gennaro-today\/\" title=\"The Feast of San Gennaro today\">today&#8217;s ritual<\/a> and the cult of San Gennaro in the modern age. The translation of the relics of Gennaro in Naples at the threshold of the Early Modern period (1497) marks the beginning of a period of strengthening of worship, which culminates during the Baroque era. This is, in fact, the era in which the artistic and literary figure of the martyr bishop intensifies (hagiographies and theatrical depictions), and celebrations in his honour acquire a <a href=\"\/en\/themes\/festivals\/patronal-feasts-in-campania\/the-feast-of-san-gennaro-in-naples\/the-machinery-of-san-gennaro\/\" title=\"The &quot;machinery&quot; of San Gennaro\">spectacular<\/a> and <a href=\"\/en\/themes\/festivals\/patronal-feasts-in-campania\/the-feast-of-san-gennaro-in-naples\/the-scenic-apparatuses-on-the-anniversary-of-the-martyrdom\/\" title=\"The scenic apparatuses on the anniversary of the martyrdom\">scenographic<\/a> character. It was the second half of the seventeenth century, moreover, that thanks to the intervention of Archbishop <a href=\"\/en\/territories\/urban-routes\/ascanio-filomarino\/\" title=\"Ascanio Filomarino\">Ascanio Filomarino<\/a> that Gennaro was recognized as the patron of the <a href=\"\/en\/territories\/urban-routes\/lecce\/other-works\/kingdom-of-naples\/\" title=\"Kingdom of Naples\">Kingdom of Naples<\/a> (1663), a role that had been disputed by Saint Dominic, whose patronage was proclaimed by <a href=\"\/en\/territories\/urban-routes\/ascanio-filomarino\/an-ambitious-prelate-and-his-passion-for-art\/urban-viii\/\" title=\"Urban VIII\">Urban VIII<\/a> in 1640 (at the request of the Viceroy, the <a href=\"\/en\/territories\/urban-routes\/ascanio-filomarino\/the-cardinal-in-naples-palazzo-filomarino\/ramiro-nunez-de-guzman-duke-of-medina-de-las-torres\/\" title=\"Ramiro N\u00fa\u00f1ez de Guzm\u00e1n, Duke of Medina de las Torres\">Duke of Medina de las Torres<\/a>). A few decades later (1676), the Church of Rome placed the commemoration of the Neapolitan martyr in the universal liturgical calendar. These were the years of the <a href=\"\/en\/territories\/urban-routes\/ascanio-filomarino\/filomarino-and-the-masaniello-revolt\/\" title=\"Filomarino and the Masaniello revolt\">revolt of Masaniello<\/a> (1648) and the plague (1656-1657), the years in which the <a href=\"\/en\/territories\/international-routes\/painters-and-works-of-art-between-italy-and-spain\/at-the-origin-of-the-painting-of-the-golden-age\/counter-reformation\/\" title=\"Counter-Reformation\">Counter-Reformation<\/a> Church relied on religious rituals to reassert its control over society.<\/p>\n<p style=\"text-align: justify\"><a href=\"\/en\/themes\/festivals\/patronal-feasts-in-campania\/\" title=\"Patronal Feasts in Campania\">&lt;&lt;&lt;&#8212;back to Patronal Feasts in Campania<\/a><\/p>\n<\/p><\/div>\n<p><\/p>\n","protected":false},"excerpt":{"rendered":"<p>The Feast of San Gennaro in Naples The story of San Gennaro and his cult in the city of Naples has been known for centuries all over the world. It is enough to recall that the Neapolitans dedicate three dates to San Gennaro and the&hellip;<\/p>\n","protected":false},"author":1,"featured_media":0,"parent":6593,"menu_order":0,"comment_status":"closed","ping_status":"closed","template":"","meta":{"footnotes":""},"class_list":["post-7187","page","type-page","status-publish","hentry"],"_links":{"self":[{"href":"https:\/\/digitalhistory.unite.it\/en\/wp-json\/wp\/v2\/pages\/7187","targetHints":{"allow":["GET"]}}],"collection":[{"href":"https:\/\/digitalhistory.unite.it\/en\/wp-json\/wp\/v2\/pages"}],"about":[{"href":"https:\/\/digitalhistory.unite.it\/en\/wp-json\/wp\/v2\/types\/page"}],"author":[{"embeddable":true,"href":"https:\/\/digitalhistory.unite.it\/en\/wp-json\/wp\/v2\/users\/1"}],"replies":[{"embeddable":true,"href":"https:\/\/digitalhistory.unite.it\/en\/wp-json\/wp\/v2\/comments?post=7187"}],"version-history":[{"count":2,"href":"https:\/\/digitalhistory.unite.it\/en\/wp-json\/wp\/v2\/pages\/7187\/revisions"}],"predecessor-version":[{"id":11579,"href":"https:\/\/digitalhistory.unite.it\/en\/wp-json\/wp\/v2\/pages\/7187\/revisions\/11579"}],"up":[{"embeddable":true,"href":"https:\/\/digitalhistory.unite.it\/en\/wp-json\/wp\/v2\/pages\/6593"}],"wp:attachment":[{"href":"https:\/\/digitalhistory.unite.it\/en\/wp-json\/wp\/v2\/media?parent=7187"}],"curies":[{"name":"wp","href":"https:\/\/api.w.org\/{rel}","templated":true}]}}