{"id":7191,"date":"2021-08-20T00:04:26","date_gmt":"2021-08-19T22:04:26","guid":{"rendered":"https:\/\/digitalhistory.unite.it\/juan-jose-de-austria-2\/"},"modified":"2021-11-23T15:28:13","modified_gmt":"2021-11-23T14:28:13","slug":"juan-jose-de-austria-2","status":"publish","type":"page","link":"https:\/\/digitalhistory.unite.it\/en\/territories\/urban-routes\/ascanio-filomarino\/filomarino-and-the-masaniello-revolt\/juan-jose-de-austria-2\/","title":{"rendered":"Juan Jos\u00e9 de Austria"},"content":{"rendered":"<h1>Juan Jos\u00e9 de Austria <\/h1>\n<div class=\"testo\">\n<p style=\"text-align: justify\" class=\"Standard\"><img loading=\"lazy\" decoding=\"async\" src=\"https:\/\/digitalhistory.unite.it\/wp-content\/uploads\/2021\/08\/741px-juan_jose_de_austria_227x313.jpg\" width=\"227\" height=\"313\" alt=\"Juan Jose de Austria\" align=\"left\">Juan Jos\u00e9 de Austria (1629-1679) was the illegitimate son of King Philip IV of Spain. His mother, Mar\u00eda Calder\u00f3n called <em>La Calderona<\/em>, was a famous actress of the time. Officially recognized by his father in 1642, he undertook an intensive military and political careeer. His first assignment was to lead the fleet prepared to repress the revolt of Naples (1647-1648). He was later viceroy of Sicily until 1651 and the following year put an end to the Catalan revolt regaining Barcelona after a long siege. In the following years he was governor of the Spanish Netherlands, and tried in vain to regain Portugal in the sixties of the seventeenth century. After the death of Philip IV, the contrast between Don Juan and the widowed Queen Mariana of Austria, the mother of the only legitimate son of the sovereign who remained alive, grew more and more acute. Don Juan was able to undermine the power of the Queen&#8217;s favourite, the Jesuit Nithard, and his successor, Fernando de Valenzuela. He became prime minister in 1677 and died two years later, not having obtained important results and leaving Spain in the hands of the weak brother, Charles II.<\/p>\n<p>Read more:<\/p>\n<ul>\n<li style=\"text-align: justify\">I. Ruiz Rodr\u00edguez,&nbsp;<em>Don Juan Jos\u00e9 de Austria en la Monarqu\u00eda Hisp\u00e1nica. Entre la pol\u00edtica, el poder y la intriga,<\/em>&nbsp;Madrid 2007.<\/li>\n<\/ul><\/div>\n<p><\/p>\n","protected":false},"excerpt":{"rendered":"<p>Juan Jos\u00e9 de Austria Juan Jos\u00e9 de Austria (1629-1679) was the illegitimate son of King Philip IV of Spain. His mother, Mar\u00eda Calder\u00f3n called La Calderona, was a famous actress of the time. Officially recognized by his father in 1642, he undertook an intensive military&hellip;<\/p>\n","protected":false},"author":1,"featured_media":0,"parent":6348,"menu_order":0,"comment_status":"closed","ping_status":"closed","template":"","meta":{"footnotes":""},"class_list":["post-7191","page","type-page","status-publish","hentry"],"_links":{"self":[{"href":"https:\/\/digitalhistory.unite.it\/en\/wp-json\/wp\/v2\/pages\/7191","targetHints":{"allow":["GET"]}}],"collection":[{"href":"https:\/\/digitalhistory.unite.it\/en\/wp-json\/wp\/v2\/pages"}],"about":[{"href":"https:\/\/digitalhistory.unite.it\/en\/wp-json\/wp\/v2\/types\/page"}],"author":[{"embeddable":true,"href":"https:\/\/digitalhistory.unite.it\/en\/wp-json\/wp\/v2\/users\/1"}],"replies":[{"embeddable":true,"href":"https:\/\/digitalhistory.unite.it\/en\/wp-json\/wp\/v2\/comments?post=7191"}],"version-history":[{"count":2,"href":"https:\/\/digitalhistory.unite.it\/en\/wp-json\/wp\/v2\/pages\/7191\/revisions"}],"predecessor-version":[{"id":11514,"href":"https:\/\/digitalhistory.unite.it\/en\/wp-json\/wp\/v2\/pages\/7191\/revisions\/11514"}],"up":[{"embeddable":true,"href":"https:\/\/digitalhistory.unite.it\/en\/wp-json\/wp\/v2\/pages\/6348"}],"wp:attachment":[{"href":"https:\/\/digitalhistory.unite.it\/en\/wp-json\/wp\/v2\/media?parent=7191"}],"curies":[{"name":"wp","href":"https:\/\/api.w.org\/{rel}","templated":true}]}}