{"id":7215,"date":"2021-08-20T00:04:26","date_gmt":"2021-08-19T22:04:26","guid":{"rendered":"https:\/\/digitalhistory.unite.it\/dukes-of-osuna\/"},"modified":"2021-11-23T15:28:04","modified_gmt":"2021-11-23T14:28:04","slug":"dukes-of-osuna","status":"publish","type":"page","link":"https:\/\/digitalhistory.unite.it\/en\/territories\/urban-routes\/dukes-of-bejar\/el-bosque-of-bejar-importing-an-italian-model\/dukes-of-osuna\/","title":{"rendered":"Dukes of Osuna"},"content":{"rendered":"<h1>Dukes of Osuna <\/h1>\n<div class=\"testo\">\n<p style=\"text-align: justify\"><img loading=\"lazy\" decoding=\"async\" src=\"https:\/\/digitalhistory.unite.it\/wp-content\/uploads\/2021\/08\/pedro_t_llez-gir_n_y_velasco_203x374.jpg\" width=\"203\" height=\"374\" alt=\"Osuna\" align=\"left\">The Duchy of Osuna is a noble title that belonged to members of the <em>Casa de Osuna<\/em>, the T\u00e9llez-Gir\u00f3n. From the time of Philip II of Spain they were important ministers of the king. The seventeenth century saw an increase in their influence and their assets, converting them into one of the most powerful noble families of the Spanish Monarchy, along with the House of Alba. Within the family, during the Early Modern period, Pedro T\u00e9llez-Gir\u00f3n y Velasco, III Duke of Osuna (1574-1624), who was a courtier, soldier, viceroy of Sicily (1610-1616) and Naples (1616-1620) deserves a special mention (image).<\/p>\n<p>Read more:<\/p>\n<ul>\n<li style=\"text-align: justify\">I<em>.&nbsp;<\/em> Atienza Hern\u00e1ndez, <em>Aristocracia, riqueza y poder en la Espa\u00f1a moderna. La casa de Osuna, Siglos XV-XIX<\/em>, Madrid 1987.<\/li>\n<li style=\"text-align: justify\">L.M. Linde, <em>Don Pedro Gir\u00f3n, duque de Osuna: la hegemon\u00eda espa\u00f1ola en Europa a comienzos del siglo XVII<\/em>, Madrid 2005.<\/li>\n<\/ul><\/div>\n<p><\/p>\n","protected":false},"excerpt":{"rendered":"<p>Dukes of Osuna The Duchy of Osuna is a noble title that belonged to members of the Casa de Osuna, the T\u00e9llez-Gir\u00f3n. From the time of Philip II of Spain they were important ministers of the king. The seventeenth century saw an increase in their&hellip;<\/p>\n","protected":false},"author":1,"featured_media":0,"parent":6369,"menu_order":0,"comment_status":"closed","ping_status":"closed","template":"","meta":{"footnotes":""},"class_list":["post-7215","page","type-page","status-publish","hentry"],"_links":{"self":[{"href":"https:\/\/digitalhistory.unite.it\/en\/wp-json\/wp\/v2\/pages\/7215","targetHints":{"allow":["GET"]}}],"collection":[{"href":"https:\/\/digitalhistory.unite.it\/en\/wp-json\/wp\/v2\/pages"}],"about":[{"href":"https:\/\/digitalhistory.unite.it\/en\/wp-json\/wp\/v2\/types\/page"}],"author":[{"embeddable":true,"href":"https:\/\/digitalhistory.unite.it\/en\/wp-json\/wp\/v2\/users\/1"}],"replies":[{"embeddable":true,"href":"https:\/\/digitalhistory.unite.it\/en\/wp-json\/wp\/v2\/comments?post=7215"}],"version-history":[{"count":2,"href":"https:\/\/digitalhistory.unite.it\/en\/wp-json\/wp\/v2\/pages\/7215\/revisions"}],"predecessor-version":[{"id":11407,"href":"https:\/\/digitalhistory.unite.it\/en\/wp-json\/wp\/v2\/pages\/7215\/revisions\/11407"}],"up":[{"embeddable":true,"href":"https:\/\/digitalhistory.unite.it\/en\/wp-json\/wp\/v2\/pages\/6369"}],"wp:attachment":[{"href":"https:\/\/digitalhistory.unite.it\/en\/wp-json\/wp\/v2\/media?parent=7215"}],"curies":[{"name":"wp","href":"https:\/\/api.w.org\/{rel}","templated":true}]}}