{"id":7241,"date":"2021-08-20T00:04:27","date_gmt":"2021-08-19T22:04:27","guid":{"rendered":"https:\/\/digitalhistory.unite.it\/rodrigo-calderon-2\/"},"modified":"2021-11-23T15:28:01","modified_gmt":"2021-11-23T14:28:01","slug":"rodrigo-calderon-2","status":"publish","type":"page","link":"https:\/\/digitalhistory.unite.it\/en\/territories\/regional-routes\/duke-of-lerma\/valladolid-and-the-displacement-of-the-court\/rodrigo-calderon-2\/","title":{"rendered":"Rodrigo Calder\u00f3n"},"content":{"rendered":"<h1>Rodrigo Calder\u00f3n <\/h1>\n<div class=\"testo\">\n<p style=\"text-align: justify\"><img loading=\"lazy\" decoding=\"async\" src=\"https:\/\/digitalhistory.unite.it\/wp-content\/uploads\/2021\/08\/rodrigo_calderon_225x318.jpg\" width=\"225\" height=\"318\" alt=\"Rodrigo Calderon\" align=\"left\">Rodrigo Calder\u00f3n (1576-1621) was the favourite of the Duke of Lerma. Born in Antwerp by a soldier involved in the sack of the city of the same year, he entered the service of the Marquis of Denia, as a young page. He followed his patron&#8217;s rapid rise in political and social life, serving as <em>secretario de c\u00e1mara<\/em> of the king until 1607. Subject to a judicial investigation in 1607, which found him innocent, Don Rodrigo had to deal with the aversion of many, especially of Queen Margaret of Austria. Accused of being arrogant, of sudden enrichment and on account of the enormous power he achieved despite the humility of his birth, Calder\u00f3n was dismissed by the court at the behest of his own patron and sent as an extraordinary ambassador to Flanders and France (1612-1613). On his return, however, did not recover his previous position and lived on the fringes of courtly society, though he was still protected by the Duke of Lerma. When the latter left the court in October 1618, Calderon entered prison. Tried in civil and criminal courts, and declared guilty of only a fraction of the allegations that had been leveled against him (including that of being responsible for the death of the queen in 1611), he was sentenced to death and executed in the <em>Plaza mayor<\/em> of Madrid 21 October, 1621.<\/p>\n<p>Read more :<\/p>\n<ul>\n<li>\n<div style=\"text-align: justify\">J. Juder\u00edas,&nbsp;<em>Un proceso pol\u00edtico en tiempo de Felipe III: Don Rodrigo Calder\u00f3n, Marqu\u00e9s de Siete Iglesias. Su vida, su proceso y su muerte<\/em>, in \u00abRevista de Archivos, Bibliotecas y Museos\u00bb, 9 (1905), pp. 334-365; 10 (1906), pp. 1-31.<\/div>\n<\/li>\n<li>\n<div style=\"text-align: justify\">S. Mart\u00ednez Hern\u00e1ndez,&nbsp;<em>Rodrigo Calder\u00f3n, la sombra del valido. Privanza, favor y corrupci\u00f3n en la corte de Felipe III<\/em>, Madrid 2009.<\/div>\n<\/li>\n<\/ul><\/div>\n<p><\/p>\n","protected":false},"excerpt":{"rendered":"<p>Rodrigo Calder\u00f3n Rodrigo Calder\u00f3n (1576-1621) was the favourite of the Duke of Lerma. Born in Antwerp by a soldier involved in the sack of the city of the same year, he entered the service of the Marquis of Denia, as a young page. He followed&hellip;<\/p>\n","protected":false},"author":1,"featured_media":0,"parent":6395,"menu_order":0,"comment_status":"closed","ping_status":"closed","template":"","meta":{"footnotes":""},"class_list":["post-7241","page","type-page","status-publish","hentry"],"_links":{"self":[{"href":"https:\/\/digitalhistory.unite.it\/en\/wp-json\/wp\/v2\/pages\/7241","targetHints":{"allow":["GET"]}}],"collection":[{"href":"https:\/\/digitalhistory.unite.it\/en\/wp-json\/wp\/v2\/pages"}],"about":[{"href":"https:\/\/digitalhistory.unite.it\/en\/wp-json\/wp\/v2\/types\/page"}],"author":[{"embeddable":true,"href":"https:\/\/digitalhistory.unite.it\/en\/wp-json\/wp\/v2\/users\/1"}],"replies":[{"embeddable":true,"href":"https:\/\/digitalhistory.unite.it\/en\/wp-json\/wp\/v2\/comments?post=7241"}],"version-history":[{"count":2,"href":"https:\/\/digitalhistory.unite.it\/en\/wp-json\/wp\/v2\/pages\/7241\/revisions"}],"predecessor-version":[{"id":11368,"href":"https:\/\/digitalhistory.unite.it\/en\/wp-json\/wp\/v2\/pages\/7241\/revisions\/11368"}],"up":[{"embeddable":true,"href":"https:\/\/digitalhistory.unite.it\/en\/wp-json\/wp\/v2\/pages\/6395"}],"wp:attachment":[{"href":"https:\/\/digitalhistory.unite.it\/en\/wp-json\/wp\/v2\/media?parent=7241"}],"curies":[{"name":"wp","href":"https:\/\/api.w.org\/{rel}","templated":true}]}}