{"id":7247,"date":"2021-08-20T00:04:27","date_gmt":"2021-08-19T22:04:27","guid":{"rendered":"https:\/\/digitalhistory.unite.it\/cristobal-gomez-de-sandoval-y-rojas-the-duke-of-uceda\/"},"modified":"2021-11-23T15:28:00","modified_gmt":"2021-11-23T14:28:00","slug":"cristobal-gomez-de-sandoval-y-rojas-the-duke-of-uceda","status":"publish","type":"page","link":"https:\/\/digitalhistory.unite.it\/en\/territories\/regional-routes\/duke-of-lerma\/the-plaza-mayor-of-madrid-and-the-end-of-the-government-of-the-duke\/cristobal-gomez-de-sandoval-y-rojas-the-duke-of-uceda\/","title":{"rendered":"Crist\u00f3bal G\u00f3mez de Sandoval y Rojas, the Duke of Uceda"},"content":{"rendered":"<h1>Crist\u00f3bal G\u00f3mez de Sandoval y Rojas, the Duke of Uceda <\/h1>\n<div class=\"testo\">\n<p style=\"text-align: justify\">Crist\u00f3bal G\u00f3mez de Sandoval y Rojas (1581-1624) was the eldest son of the fifth Marquis of Denia, then the Duke of Lerma. Thanks to his father, who became favourite of King Philip III (1578-1621), he obtained the title of Duke of Uceda in 1609. Allied with the royal confessor Luis de Aliaga, he led a long internal opposition to the faction in power against his father. Linked by personal friendship with Philip III who was almost of the same age, he became <em>valido<\/em>&nbsp;in 1618 after the departure of the Duke of Lerma from the court. Uceda, however, did not enjoy the same paternal power, since the&nbsp; twenty year general delegation of powers to his predecessor was not recognized. After the death of Philip III (1621), was subjected to a trial on account of favours which were against public interest, which had been given to the Duke of Osuna, who was married to his daughter. Having gotten off with a light sentence, however, he retired from public life until his death, in Alcal\u00e1 de Henares, in 1624.<\/p>\n<p>Read more :<\/p>\n<ul>\n<li>\n<div style=\"text-align: justify\">F. Benigno,&nbsp;<em>L&#8217;ombra del re. Ministri e lotta politica nella Spagna del Seicento<\/em>, Venezia 1992.<\/div>\n<\/li>\n<li>\n<div style=\"text-align: justify\">R.M. P\u00e9rez Marcos,&nbsp;<em>El Duque de Uceda<\/em>, in J.A. Escudero (ed.),&nbsp;<em>Los validos<\/em>, Madrid 2004, pp. 177-241.<\/div>\n<\/li>\n<\/ul><\/div>\n<p><\/p>\n","protected":false},"excerpt":{"rendered":"<p>Crist\u00f3bal G\u00f3mez de Sandoval y Rojas, the Duke of Uceda Crist\u00f3bal G\u00f3mez de Sandoval y Rojas (1581-1624) was the eldest son of the fifth Marquis of Denia, then the Duke of Lerma. Thanks to his father, who became favourite of King Philip III (1578-1621), he&hellip;<\/p>\n","protected":false},"author":1,"featured_media":0,"parent":6398,"menu_order":0,"comment_status":"closed","ping_status":"closed","template":"","meta":{"footnotes":""},"class_list":["post-7247","page","type-page","status-publish","hentry"],"_links":{"self":[{"href":"https:\/\/digitalhistory.unite.it\/en\/wp-json\/wp\/v2\/pages\/7247","targetHints":{"allow":["GET"]}}],"collection":[{"href":"https:\/\/digitalhistory.unite.it\/en\/wp-json\/wp\/v2\/pages"}],"about":[{"href":"https:\/\/digitalhistory.unite.it\/en\/wp-json\/wp\/v2\/types\/page"}],"author":[{"embeddable":true,"href":"https:\/\/digitalhistory.unite.it\/en\/wp-json\/wp\/v2\/users\/1"}],"replies":[{"embeddable":true,"href":"https:\/\/digitalhistory.unite.it\/en\/wp-json\/wp\/v2\/comments?post=7247"}],"version-history":[{"count":2,"href":"https:\/\/digitalhistory.unite.it\/en\/wp-json\/wp\/v2\/pages\/7247\/revisions"}],"predecessor-version":[{"id":11364,"href":"https:\/\/digitalhistory.unite.it\/en\/wp-json\/wp\/v2\/pages\/7247\/revisions\/11364"}],"up":[{"embeddable":true,"href":"https:\/\/digitalhistory.unite.it\/en\/wp-json\/wp\/v2\/pages\/6398"}],"wp:attachment":[{"href":"https:\/\/digitalhistory.unite.it\/en\/wp-json\/wp\/v2\/media?parent=7247"}],"curies":[{"name":"wp","href":"https:\/\/api.w.org\/{rel}","templated":true}]}}