{"id":7311,"date":"2021-08-20T00:04:30","date_gmt":"2021-08-19T22:04:30","guid":{"rendered":"https:\/\/digitalhistory.unite.it\/the-war-of-messina\/"},"modified":"2021-11-23T15:27:46","modified_gmt":"2021-11-23T14:27:46","slug":"the-war-of-messina","status":"publish","type":"page","link":"https:\/\/digitalhistory.unite.it\/en\/territories\/international-routes\/equestrian-statues\/one-exception-charles-ii-and-a-particular-representation\/the-war-of-messina\/","title":{"rendered":"The War of Messina"},"content":{"rendered":"<h1>The War of Messina <\/h1>\n<div class=\"testo\">\n<p style=\"text-align: justify\">In 1647, while Palermo and a part of Sicily revolted against Spain, Messina remained loyal to the Crown. In subsequent years, however, the court of Madrid tried to reduce Messina&#8217;s autonomy and fiscal freedom, setting the conditions for a secessionist revolt (1674-1678), which threatened to place Sicily in the hands of the French. The autonomist faction of the Senate of Messina, called the <em>malvezzi<\/em>, which contrasted with pro-Spanish legitimist group of the <em>merli<\/em> (blackbirds), prevailed. The siege of the Spaniards, however, forced the rebels to seek the aid of the French (1673) and recognize Louis XIV (1638-1715) as their ruler (1675). The result was a military campaign (1674-1678), during which the French tried to take control of eastern Sicily. The Spaniards, however, managed to snuff out the revolt, which was struggling to expand in other cities, thanks to disagreements between Messinesi and French. The high costs of shipping and the poor results which were expected persuaded Louis XIV to sign a peace treaty with Spain, which provided for the withdrawal of French troops from the island (which was followed by many exiles from Messina). The return of the Spaniards, followed by a moderate repression, marked the end of the privileges of Messina. The Spanish troops destroyed the symbols of the power of the city and built a fort (the <em>cittadella<\/em>) to better prevent and counter insurgency in the future.<\/p>\n<p>Read more:<\/p>\n<ul>\n<li>\n<div style=\"text-align: justify\">F. Benigno,&nbsp;<em>Lotta politica e sbocco rivoluzionario: riflessioni sul caso di Messina (1674-1678)<\/em>, in \u00abStorica\u00bb, 13 (1999), pp. 7-56.<\/div>\n<\/li>\n<li>\n<div style=\"text-align: justify\">L.A. Ribot Garc\u00eda,&nbsp;<em>La monarqu\u00eda de Espa\u00f1a y la guerra de Mesina (1674-1678)<\/em>, San Sebasti\u00e1n de los Reyes 2002.<\/div>\n<\/li>\n<\/ul><\/div>\n<p><\/p>\n","protected":false},"excerpt":{"rendered":"<p>The War of Messina In 1647, while Palermo and a part of Sicily revolted against Spain, Messina remained loyal to the Crown. In subsequent years, however, the court of Madrid tried to reduce Messina&#8217;s autonomy and fiscal freedom, setting the conditions for a secessionist revolt&hellip;<\/p>\n","protected":false},"author":1,"featured_media":0,"parent":6463,"menu_order":0,"comment_status":"closed","ping_status":"closed","template":"","meta":{"footnotes":""},"class_list":["post-7311","page","type-page","status-publish","hentry"],"_links":{"self":[{"href":"https:\/\/digitalhistory.unite.it\/en\/wp-json\/wp\/v2\/pages\/7311","targetHints":{"allow":["GET"]}}],"collection":[{"href":"https:\/\/digitalhistory.unite.it\/en\/wp-json\/wp\/v2\/pages"}],"about":[{"href":"https:\/\/digitalhistory.unite.it\/en\/wp-json\/wp\/v2\/types\/page"}],"author":[{"embeddable":true,"href":"https:\/\/digitalhistory.unite.it\/en\/wp-json\/wp\/v2\/users\/1"}],"replies":[{"embeddable":true,"href":"https:\/\/digitalhistory.unite.it\/en\/wp-json\/wp\/v2\/comments?post=7311"}],"version-history":[{"count":2,"href":"https:\/\/digitalhistory.unite.it\/en\/wp-json\/wp\/v2\/pages\/7311\/revisions"}],"predecessor-version":[{"id":11187,"href":"https:\/\/digitalhistory.unite.it\/en\/wp-json\/wp\/v2\/pages\/7311\/revisions\/11187"}],"up":[{"embeddable":true,"href":"https:\/\/digitalhistory.unite.it\/en\/wp-json\/wp\/v2\/pages\/6463"}],"wp:attachment":[{"href":"https:\/\/digitalhistory.unite.it\/en\/wp-json\/wp\/v2\/media?parent=7311"}],"curies":[{"name":"wp","href":"https:\/\/api.w.org\/{rel}","templated":true}]}}