{"id":7316,"date":"2021-08-20T00:04:30","date_gmt":"2021-08-19T22:04:30","guid":{"rendered":"https:\/\/digitalhistory.unite.it\/the-fueggers\/"},"modified":"2021-11-23T15:27:50","modified_gmt":"2021-11-23T14:27:50","slug":"the-fueggers","status":"publish","type":"page","link":"https:\/\/digitalhistory.unite.it\/en\/territories\/international-routes\/genoa\/a-rich-and-powerful-community\/the-fueggers\/","title":{"rendered":"The F\u00fcggers"},"content":{"rendered":"<h1>The F\u00fcggers <\/h1>\n<div class=\"testo\">\n<p style=\"text-align: justify\"><img loading=\"lazy\" decoding=\"async\" src=\"https:\/\/digitalhistory.unite.it\/wp-content\/uploads\/2021\/08\/jakob_fugger_227x321.jpg\" width=\"227\" height=\"321\" alt=\"Jakob Fugger\" align=\"left\">The German F\u00fcgger family were the real rulers of the European banking system between the fifteenth and sixteenth centuries. Originally from Augsburg, they amassed great wealth thanks to textile production, commerce, mining and the steel industry, which enabled them to secure huge loans of money to popes, kings, emperors and other princes of Europe, such as the Medici. However, the F\u00fcgger tied their fortunes mainly to the Habsburgs, in particular thanks to the skill and mastery in the affairs of Jakob F\u00fcgger, called &#8220;the rich&#8221; (1459-1525). They turned the family interests towards more profitable sectors, compared to the textile industry, such as the extraction and sale of metals in Central Europe, the spice trade, and especially loans to European sovereigns. Jakob F\u00fcgger was the banker of the popes, he financed the establishment of the Pontifical Swiss Guard and especially contributed in a decisive way, thanks to his money, to the election of Charles V as emperor. In 1524, Jakob and his family lost their management of the Roman mint and the monopoly on the minting of Pontifical currency. Although never reaching the wealth and power which they attained during the period of Jakob F\u00fcgger, they were among the major players in the international credit system until 1657, becoming, at the same time, a noble dynasty which branched out and was repeatedly awarded public and ecclesiastical offices. The three dynastic lines of the family still exist: the F\u00fcgger von Kirchberg and Wei\u00dfenhorn, the F\u00fcgger von Gl\u00f6tt and the F\u00fcgger-Babenhausen.<\/p>\n<p>Read more :<\/p>\n<ul>\n<li>E. Hering,&nbsp;<em>Die Fugger<\/em>, Leipzig 1939.<\/li>\n<li>G. P\u00f6lnitz,&nbsp;<em>Die Fugger<\/em>, Frankfurt 1960.<\/li>\n<li style=\"text-align: justify\">M. H\u00e4berlein,&nbsp;<em>The Fuggers of Augsburg: Pursuing Wealth and Honor in Renaissance Germany<\/em>, University of Virginia Press 2012.<\/li>\n<\/ul><\/div>\n<p><\/p>\n","protected":false},"excerpt":{"rendered":"<p>The F\u00fcggers The German F\u00fcgger family were the real rulers of the European banking system between the fifteenth and sixteenth centuries. Originally from Augsburg, they amassed great wealth thanks to textile production, commerce, mining and the steel industry, which enabled them to secure huge loans&hellip;<\/p>\n","protected":false},"author":1,"featured_media":0,"parent":6465,"menu_order":0,"comment_status":"closed","ping_status":"closed","template":"","meta":{"footnotes":""},"class_list":["post-7316","page","type-page","status-publish","hentry"],"_links":{"self":[{"href":"https:\/\/digitalhistory.unite.it\/en\/wp-json\/wp\/v2\/pages\/7316","targetHints":{"allow":["GET"]}}],"collection":[{"href":"https:\/\/digitalhistory.unite.it\/en\/wp-json\/wp\/v2\/pages"}],"about":[{"href":"https:\/\/digitalhistory.unite.it\/en\/wp-json\/wp\/v2\/types\/page"}],"author":[{"embeddable":true,"href":"https:\/\/digitalhistory.unite.it\/en\/wp-json\/wp\/v2\/users\/1"}],"replies":[{"embeddable":true,"href":"https:\/\/digitalhistory.unite.it\/en\/wp-json\/wp\/v2\/comments?post=7316"}],"version-history":[{"count":2,"href":"https:\/\/digitalhistory.unite.it\/en\/wp-json\/wp\/v2\/pages\/7316\/revisions"}],"predecessor-version":[{"id":11235,"href":"https:\/\/digitalhistory.unite.it\/en\/wp-json\/wp\/v2\/pages\/7316\/revisions\/11235"}],"up":[{"embeddable":true,"href":"https:\/\/digitalhistory.unite.it\/en\/wp-json\/wp\/v2\/pages\/6465"}],"wp:attachment":[{"href":"https:\/\/digitalhistory.unite.it\/en\/wp-json\/wp\/v2\/media?parent=7316"}],"curies":[{"name":"wp","href":"https:\/\/api.w.org\/{rel}","templated":true}]}}