{"id":7319,"date":"2021-08-20T00:04:30","date_gmt":"2021-08-19T22:04:30","guid":{"rendered":"https:\/\/digitalhistory.unite.it\/the-republic-of-genoa\/"},"modified":"2021-11-23T15:27:50","modified_gmt":"2021-11-23T14:27:50","slug":"the-republic-of-genoa","status":"publish","type":"page","link":"https:\/\/digitalhistory.unite.it\/en\/territories\/international-routes\/genoa\/the-genoese-in-the-port-of-cadiz-in-the-seventeenth-century\/the-republic-of-genoa\/","title":{"rendered":"The Republic of Genoa"},"content":{"rendered":"<h1>The Republic of Genoa <\/h1>\n<div class=\"testo\">\n<p style=\"text-align: justify\">A free city in the eleventh century in the Middle Ages, the Republic of Genoa was present throughout the Mediterranean as one of the Italian naval powers. It came to occupy the whole of Liguria, part of Piedmont, Corsica and Sardinia. In the era of Charles V it entered into an alliance with the Spanish Monarchy that was to last until the seventeenth century, when the relationship deteriorated, partly due to the decline of the Habsburg Monarchy. Many families of powerful merchant-bankers originated in Genoa, able to guarantee loans of large sums of money to the Iberian sovereigns: among them there were the Spinola, Doria, Centurione, Serra and Giustiniani families. Conquered by Napoleon Bonaparte in 1797, the Republic of Genoa was officially incorporated, at the Congress of Vienna (1815), into the Kingdom of Sardinia.<\/p>\n<p>Read more:<\/p>\n<ul>\n<li>A. Pacini,&nbsp;<em>La Genova di Andrea Doria nell&#8217;impero di Carlo V<\/em>, Firenze 1999.<\/li>\n<li style=\"text-align: justify\">I. Pulido Bueno,&nbsp;<em>G\u00e9nova en la trayectoria hist\u00f3rica de Espa\u00f1a: del auxilio militar a la preminencia econ\u00f3mica, ss. XI-SVIII. Grimaldi, Sp\u00ednola y Centuri\u00f3n en la empresa de la Reconquista, la expansi\u00f3n ultramarina y el sostenimiento del imperio espa\u00f1ol<\/em>, Huelva 2013.<\/li>\n<\/ul><\/div>\n<p><\/p>\n","protected":false},"excerpt":{"rendered":"<p>The Republic of Genoa A free city in the eleventh century in the Middle Ages, the Republic of Genoa was present throughout the Mediterranean as one of the Italian naval powers. It came to occupy the whole of Liguria, part of Piedmont, Corsica and Sardinia.&hellip;<\/p>\n","protected":false},"author":1,"featured_media":0,"parent":6468,"menu_order":0,"comment_status":"closed","ping_status":"closed","template":"","meta":{"footnotes":""},"class_list":["post-7319","page","type-page","status-publish","hentry"],"_links":{"self":[{"href":"https:\/\/digitalhistory.unite.it\/en\/wp-json\/wp\/v2\/pages\/7319","targetHints":{"allow":["GET"]}}],"collection":[{"href":"https:\/\/digitalhistory.unite.it\/en\/wp-json\/wp\/v2\/pages"}],"about":[{"href":"https:\/\/digitalhistory.unite.it\/en\/wp-json\/wp\/v2\/types\/page"}],"author":[{"embeddable":true,"href":"https:\/\/digitalhistory.unite.it\/en\/wp-json\/wp\/v2\/users\/1"}],"replies":[{"embeddable":true,"href":"https:\/\/digitalhistory.unite.it\/en\/wp-json\/wp\/v2\/comments?post=7319"}],"version-history":[{"count":2,"href":"https:\/\/digitalhistory.unite.it\/en\/wp-json\/wp\/v2\/pages\/7319\/revisions"}],"predecessor-version":[{"id":11242,"href":"https:\/\/digitalhistory.unite.it\/en\/wp-json\/wp\/v2\/pages\/7319\/revisions\/11242"}],"up":[{"embeddable":true,"href":"https:\/\/digitalhistory.unite.it\/en\/wp-json\/wp\/v2\/pages\/6468"}],"wp:attachment":[{"href":"https:\/\/digitalhistory.unite.it\/en\/wp-json\/wp\/v2\/media?parent=7319"}],"curies":[{"name":"wp","href":"https:\/\/api.w.org\/{rel}","templated":true}]}}