{"id":7426,"date":"2021-08-20T00:04:36","date_gmt":"2021-08-19T22:04:36","guid":{"rendered":"https:\/\/digitalhistory.unite.it\/napoles\/"},"modified":"2021-11-23T15:27:38","modified_gmt":"2021-11-23T14:27:38","slug":"napoles","status":"publish","type":"page","link":"https:\/\/digitalhistory.unite.it\/en\/territorios\/itinerarios-urbanos\/lecce\/plaza-de-san-oronzo\/napoles\/","title":{"rendered":"N\u00e1poles"},"content":{"rendered":"<h1>N\u00e1poles <\/h1>\n<div class=\"testo\">\n<p style=\"text-align: justify\"><img loading=\"lazy\" decoding=\"async\" src=\"https:\/\/digitalhistory.unite.it\/wp-content\/uploads\/2021\/08\/napoli_250x159.jpg\" width=\"250\" height=\"159\" alt=\"Napoli\" align=\"left\">N\u00e1poles &#8211; capital del Reino hom\u00f3nimo &#8211; fue una de las ciudades m\u00e1s ricas y pobladas del barroco europeo. Durante el siglo XVI fue objeto de una profunda reorganizaci\u00f3n urban\u00edstica y vio duplicar su poblaci\u00f3n que, en el siglo siguiente, super\u00f3 los 300.000 habitantes, siendo N\u00e1poles la segunda ciudad m\u00e1s poblada de Europa despu\u00e9s de Par\u00eds. En N\u00e1poles resid\u00eda el virrey que gobernaba en nombre del lejano monarca y todos los organismos administrativos, financieros y judiciales del Reino. El gobierno municipal era ejercido por la Junta (o Tribunal) de San Lorenzo (el nombre de la iglesia donde se reun\u00eda), formado por los denominados &#8220;electos&#8221;: los&nbsp;representantes de las cinco \u00e1reas en que se divid\u00eda el patriciado napolitano, llamadas &#8220;plazas&#8221;, &#8220;asientos&#8221; o &#8220;esca\u00f1os&#8221; (Capuana, Nido, Montagna, Porto y Portanova). A \u00e9stos se a\u00f1ad\u00eda un &#8220;electo&#8221; del pueblo. En el siglo XVII, N\u00e1poles fue sacudida por sucesos naturales (la erupci\u00f3n del Vesubio en el a\u00f1o 1631), por revueltas (la llamada revuelta de Masaniello en 1647-1648), y por terribles epidemias (la peste de 1656-1657). Con el final de los Habsburgo de Austria, la ciudad pas\u00f3 por varios a\u00f1os bajo el dominio austriaco, s\u00f3lo para volver, a partir de 1734, a ser posesiones de los nuevos reyes de Espa\u00f1a, los Borbones.<\/p>\n<\/p><\/div>\n<p><\/p>\n","protected":false},"excerpt":{"rendered":"<p>N\u00e1poles N\u00e1poles &#8211; capital del Reino hom\u00f3nimo &#8211; fue una de las ciudades m\u00e1s ricas y pobladas del barroco europeo. Durante el siglo XVI fue objeto de una profunda reorganizaci\u00f3n urban\u00edstica y vio duplicar su poblaci\u00f3n que, en el siglo siguiente, super\u00f3 los 300.000 habitantes,&hellip;<\/p>\n","protected":false},"author":1,"featured_media":0,"parent":6628,"menu_order":0,"comment_status":"closed","ping_status":"closed","template":"","meta":{"footnotes":""},"class_list":["post-7426","page","type-page","status-publish","hentry"],"_links":{"self":[{"href":"https:\/\/digitalhistory.unite.it\/en\/wp-json\/wp\/v2\/pages\/7426","targetHints":{"allow":["GET"]}}],"collection":[{"href":"https:\/\/digitalhistory.unite.it\/en\/wp-json\/wp\/v2\/pages"}],"about":[{"href":"https:\/\/digitalhistory.unite.it\/en\/wp-json\/wp\/v2\/types\/page"}],"author":[{"embeddable":true,"href":"https:\/\/digitalhistory.unite.it\/en\/wp-json\/wp\/v2\/users\/1"}],"replies":[{"embeddable":true,"href":"https:\/\/digitalhistory.unite.it\/en\/wp-json\/wp\/v2\/comments?post=7426"}],"version-history":[{"count":3,"href":"https:\/\/digitalhistory.unite.it\/en\/wp-json\/wp\/v2\/pages\/7426\/revisions"}],"predecessor-version":[{"id":11121,"href":"https:\/\/digitalhistory.unite.it\/en\/wp-json\/wp\/v2\/pages\/7426\/revisions\/11121"}],"up":[{"embeddable":true,"href":"https:\/\/digitalhistory.unite.it\/en\/wp-json\/wp\/v2\/pages\/6628"}],"wp:attachment":[{"href":"https:\/\/digitalhistory.unite.it\/en\/wp-json\/wp\/v2\/media?parent=7426"}],"curies":[{"name":"wp","href":"https:\/\/api.w.org\/{rel}","templated":true}]}}