{"id":7440,"date":"2021-08-20T00:04:37","date_gmt":"2021-08-19T22:04:37","guid":{"rendered":"https:\/\/digitalhistory.unite.it\/reyes-catolicos\/"},"modified":"2021-11-23T15:27:38","modified_gmt":"2021-11-23T14:27:38","slug":"reyes-catolicos","status":"publish","type":"page","link":"https:\/\/digitalhistory.unite.it\/en\/territorios\/itinerarios-urbanos\/valladolid\/el-museo-nacional-de-escultura\/reyes-catolicos\/","title":{"rendered":"Reyes Cat\u00f3licos"},"content":{"rendered":"<h1>Reyes Cat\u00f3licos <\/h1>\n<div class=\"testo\">\n<p style=\"text-align: justify\"><img loading=\"lazy\" decoding=\"async\" src=\"https:\/\/digitalhistory.unite.it\/wp-content\/uploads\/2021\/08\/reyes_cat_licos_y_col_n_en_el_alc_zar_de_c_rdoba__fileminimizer__278x185.jpg\" width=\"278\" height=\"185\" alt=\"Re cattolici\" align=\"left\">Fernando II de Arag\u00f3n (1452-1516) e Isabel I de Castilla (1451-1504) se casaron el&nbsp;19 de octubre de 1469 en Valladolid. Su matrimonio confirm\u00f3 la uni\u00f3n din\u00e1stica de los dos reinos, aunque mantuvieron ordenamientos y administraciones independientes. Fernando e Isabel fueron miembros de la Casa de Trast\u00e1mara, descendientes de Juan I de Castilla, y para unirse en matrimonio necesitaron la dispensa papal de Sixto IV. Otro pont\u00edfice, Alejandro VI, les confiri\u00f3 el t\u00edtulo de &#8220;Reyes Cat\u00f3licos&#8221;. Durante su reinado sucedieron algunos eventos de importancia fundamental: el descubrimiento de Am\u00e9rica (1492) y el final del centenario proceso de la Reconquista, que se termin\u00f3 con la derrota del \u00faltimo reino musulm\u00e1n en la Pen\u00ednsula Ib\u00e9rica, el reino nazar\u00ed de Granada (1492). De gran calado para la historia de Espa\u00f1a fue tambi\u00e9n la decisi\u00f3n de expulsar a los jud\u00edos (1492) y proceder a las conversiones forzadas de miles de musulmanes identificados como Moriscos. El confesor de los Reyes Cat\u00f3licos, el dominico Tom\u00e1s de Torquemada, fue el primer Inquisidor General encargado de la Inquisici\u00f3n espa\u00f1ola. Entre sus hijos, el \u00fanico var\u00f3n, el pr\u00edncipe Juan, muri\u00f3 antes que sus padres (1497) y as\u00ed fue Juana, casada con Felipe I de Habsburgo, quien asumi\u00f3 el legado de los Reyes Cat\u00f3licos. Del matrimonio entre Juana y Felipe nacer\u00eda el futuro emperador Carlos V (1500-1558).<\/p>\n<p style=\"text-align: justify\">Para leer m\u00e1s:<\/p>\n<ul>\n<li>\n<div style=\"text-align: justify\">E. Belenguer Cebri\u00e0, <em>Fernando el Cat\u00f3lico. Un monarca decisivo en las encrucijadas de su \u00e9poca<\/em>, Barcelona 2001.<\/div>\n<\/li>\n<li>\n<div style=\"text-align: justify\">A. Alvar Ezquerra, <em>Isabel la&nbsp;Cat\u00f3lica. Una reina vencedora, una mujer derrotada<\/em>, Madrid 2004.<\/div>\n<\/li>\n<li>\n<div style=\"text-align: justify\">E. Belenguer Cebri\u00e0, <em>Ferdinando e Isabella. I&nbsp;Re Cattolici nella politica europea del Rinascimento<\/em>, Roma 2001.<\/div>\n<\/li>\n<\/ul><\/div>\n<p><\/p>\n","protected":false},"excerpt":{"rendered":"<p>Reyes Cat\u00f3licos Fernando II de Arag\u00f3n (1452-1516) e Isabel I de Castilla (1451-1504) se casaron el&nbsp;19 de octubre de 1469 en Valladolid. Su matrimonio confirm\u00f3 la uni\u00f3n din\u00e1stica de los dos reinos, aunque mantuvieron ordenamientos y administraciones independientes. Fernando e Isabel fueron miembros de la&hellip;<\/p>\n","protected":false},"author":1,"featured_media":0,"parent":6666,"menu_order":0,"comment_status":"closed","ping_status":"closed","template":"","meta":{"footnotes":""},"class_list":["post-7440","page","type-page","status-publish","hentry"],"_links":{"self":[{"href":"https:\/\/digitalhistory.unite.it\/en\/wp-json\/wp\/v2\/pages\/7440","targetHints":{"allow":["GET"]}}],"collection":[{"href":"https:\/\/digitalhistory.unite.it\/en\/wp-json\/wp\/v2\/pages"}],"about":[{"href":"https:\/\/digitalhistory.unite.it\/en\/wp-json\/wp\/v2\/types\/page"}],"author":[{"embeddable":true,"href":"https:\/\/digitalhistory.unite.it\/en\/wp-json\/wp\/v2\/users\/1"}],"replies":[{"embeddable":true,"href":"https:\/\/digitalhistory.unite.it\/en\/wp-json\/wp\/v2\/comments?post=7440"}],"version-history":[{"count":3,"href":"https:\/\/digitalhistory.unite.it\/en\/wp-json\/wp\/v2\/pages\/7440\/revisions"}],"predecessor-version":[{"id":11131,"href":"https:\/\/digitalhistory.unite.it\/en\/wp-json\/wp\/v2\/pages\/7440\/revisions\/11131"}],"up":[{"embeddable":true,"href":"https:\/\/digitalhistory.unite.it\/en\/wp-json\/wp\/v2\/pages\/6666"}],"wp:attachment":[{"href":"https:\/\/digitalhistory.unite.it\/en\/wp-json\/wp\/v2\/media?parent=7440"}],"curies":[{"name":"wp","href":"https:\/\/api.w.org\/{rel}","templated":true}]}}