{"id":7458,"date":"2021-08-20T00:04:37","date_gmt":"2021-08-19T22:04:37","guid":{"rendered":"https:\/\/digitalhistory.unite.it\/paulo-v\/"},"modified":"2021-11-23T15:27:38","modified_gmt":"2021-11-23T14:27:38","slug":"paulo-v","status":"publish","type":"page","link":"https:\/\/digitalhistory.unite.it\/en\/territorios\/itinerarios-urbanos\/napoles-y-el-cardinal-ascanio-filomarino\/un-ambicioso-prelado\/paulo-v\/","title":{"rendered":"Paulo V"},"content":{"rendered":"<h1>Paulo V <\/h1>\n<div class=\"testo\">\n<p style=\"text-align: justify\"><img loading=\"lazy\" decoding=\"async\" src=\"https:\/\/digitalhistory.unite.it\/wp-content\/uploads\/2021\/08\/paolo_v_226x235.jpg\" width=\"226\" height=\"235\" alt=\"Paolo V\" align=\"left\">Camillo Borghese (1552-1621) fue elegido papa con el nombre de Paulo V, el 16 de mayo de 1605. Nacido en Roma, fue miembro de una familia de origen sien\u00e9s. Jurista, fue elegido cardenal en 1596 por el Papa Clemente VIII, para el que hab\u00eda desarrollado tambi\u00e9n una acci\u00f3n diplom\u00e1tica en la corte espa\u00f1ola de Felipe II. Poco despu\u00e9s de su elecci\u00f3n, se enfrent\u00f3 a la Rep\u00fablica de Venecia, a la que lanz\u00f3 el <em>Interdetto<\/em>, causando una grave crisis internacional. No escap\u00f3 al tradicional nepotismo de los papas, asegurando el ascenso econ\u00f3mico y social de su familia y en particular de su cardenal-nepote (sobrino) Scipione Borghese. Bajo Paulo V fueron juzgadas y condenadas las teor\u00edas helioc\u00e9ntricas de Galileo Galilei, mientras fueron canonizadas figuras de relieve para el catolicismo de aquellos a\u00f1os como Carlos Borromeo, Ignacio de Loyola, Felipe Neri y Teresa de \u00c1vila. Entre los cambios que realiz\u00f3 en el dise\u00f1o de la ciudad de Roma, destaca la modificaci\u00f3n radical del proyecto de Miguel \u00c1ngel de la Bas\u00edlica de San Pedro, de la que se cambi\u00f3 la planta y se a\u00f1adi\u00f3 en el t\u00edmpano, en el centro del front\u00f3n, la enorme inscripci\u00f3n: &#8220;PAULUS V BURGHESIUS ROMANUS&#8221;.<\/p>\n<\/p><\/div>\n<p><\/p>\n","protected":false},"excerpt":{"rendered":"<p>Paulo V Camillo Borghese (1552-1621) fue elegido papa con el nombre de Paulo V, el 16 de mayo de 1605. Nacido en Roma, fue miembro de una familia de origen sien\u00e9s. Jurista, fue elegido cardenal en 1596 por el Papa Clemente VIII, para el que&hellip;<\/p>\n","protected":false},"author":1,"featured_media":0,"parent":6640,"menu_order":0,"comment_status":"closed","ping_status":"closed","template":"","meta":{"footnotes":""},"class_list":["post-7458","page","type-page","status-publish","hentry"],"_links":{"self":[{"href":"https:\/\/digitalhistory.unite.it\/en\/wp-json\/wp\/v2\/pages\/7458","targetHints":{"allow":["GET"]}}],"collection":[{"href":"https:\/\/digitalhistory.unite.it\/en\/wp-json\/wp\/v2\/pages"}],"about":[{"href":"https:\/\/digitalhistory.unite.it\/en\/wp-json\/wp\/v2\/types\/page"}],"author":[{"embeddable":true,"href":"https:\/\/digitalhistory.unite.it\/en\/wp-json\/wp\/v2\/users\/1"}],"replies":[{"embeddable":true,"href":"https:\/\/digitalhistory.unite.it\/en\/wp-json\/wp\/v2\/comments?post=7458"}],"version-history":[{"count":3,"href":"https:\/\/digitalhistory.unite.it\/en\/wp-json\/wp\/v2\/pages\/7458\/revisions"}],"predecessor-version":[{"id":11129,"href":"https:\/\/digitalhistory.unite.it\/en\/wp-json\/wp\/v2\/pages\/7458\/revisions\/11129"}],"up":[{"embeddable":true,"href":"https:\/\/digitalhistory.unite.it\/en\/wp-json\/wp\/v2\/pages\/6640"}],"wp:attachment":[{"href":"https:\/\/digitalhistory.unite.it\/en\/wp-json\/wp\/v2\/media?parent=7458"}],"curies":[{"name":"wp","href":"https:\/\/api.w.org\/{rel}","templated":true}]}}