{"id":7459,"date":"2021-08-20T00:04:37","date_gmt":"2021-08-19T22:04:37","guid":{"rendered":"https:\/\/digitalhistory.unite.it\/urbano-viii\/"},"modified":"2021-11-23T17:44:57","modified_gmt":"2021-11-23T16:44:57","slug":"urbano-viii","status":"publish","type":"page","link":"https:\/\/digitalhistory.unite.it\/en\/territorios\/itinerarios-urbanos\/napoles-y-el-cardinal-ascanio-filomarino\/un-ambicioso-prelado\/urbano-viii\/","title":{"rendered":"Urbano VIII"},"content":{"rendered":"<h1>Urbano VIII <\/h1>\n<div class=\"testo\">\n<p style=\"text-align: justify\"><img loading=\"lazy\" decoding=\"async\" src=\"https:\/\/digitalhistory.unite.it\/wp-content\/uploads\/2021\/08\/urban_viii_226x349.jpg\" width=\"226\" height=\"349\" alt=\"Urbano VIII\" align=\"left\">Maffeo Vincenzo Barberini (1568-1644) fue miembro de una rica familia de mercaderes florentinos. Formado con los Jesuitas, y habiendo obtenido su t\u00edtulo en jurisprudencia, se abri\u00f3 paso en la administraci\u00f3n de los Estados Pontificios, alcanzando el cargo de nuncio apost\u00f3lico en Par\u00eds. En 1606 fue nombrado cardenal por el Papa Paulo V (1552-1621), y dos a\u00f1os despu\u00e9s se convirti\u00f3 en obispo de Spoleto. En 1623, despu\u00e9s de la muerte de Gregorio XV (1554-1623), fue elegido Papa con el nombre de Urbano VIII. Su pontificado, que coincidi\u00f3 con la fase central de la Guerra de Treinta A\u00f1os, se caracteriz\u00f3 en pol\u00edtica exterior por tener una posici\u00f3n favorable a Francia y contraria a Espa\u00f1a. Se frustr\u00f3 su intento de recuperar el Ducado de Castro, y decret\u00f3 la devoluci\u00f3n del ducado de Urbino al Estado de la Iglesia. Amante de las artes y poderoso mecenas, Urbano VIII dot\u00f3 a Roma de su aspecto barroco, por ejemplo, con el c\u00e9lebre baldaquino de bronce, obra de Bernini, en la Bas\u00edlica de San Pedro. Durante su pontificado se celebr\u00f3 el segundo proceso contra Galileo.<\/p>\n<\/p><\/div>\n<p><\/p>\n","protected":false},"excerpt":{"rendered":"<p>Urbano VIII Maffeo Vincenzo Barberini (1568-1644) fue miembro de una rica familia de mercaderes florentinos. Formado con los Jesuitas, y habiendo obtenido su t\u00edtulo en jurisprudencia, se abri\u00f3 paso en la administraci\u00f3n de los Estados Pontificios, alcanzando el cargo de nuncio apost\u00f3lico en Par\u00eds. En&hellip;<\/p>\n","protected":false},"author":1,"featured_media":0,"parent":6640,"menu_order":0,"comment_status":"closed","ping_status":"closed","template":"","meta":{"footnotes":""},"class_list":["post-7459","page","type-page","status-publish","hentry"],"_links":{"self":[{"href":"https:\/\/digitalhistory.unite.it\/en\/wp-json\/wp\/v2\/pages\/7459","targetHints":{"allow":["GET"]}}],"collection":[{"href":"https:\/\/digitalhistory.unite.it\/en\/wp-json\/wp\/v2\/pages"}],"about":[{"href":"https:\/\/digitalhistory.unite.it\/en\/wp-json\/wp\/v2\/types\/page"}],"author":[{"embeddable":true,"href":"https:\/\/digitalhistory.unite.it\/en\/wp-json\/wp\/v2\/users\/1"}],"replies":[{"embeddable":true,"href":"https:\/\/digitalhistory.unite.it\/en\/wp-json\/wp\/v2\/comments?post=7459"}],"version-history":[{"count":3,"href":"https:\/\/digitalhistory.unite.it\/en\/wp-json\/wp\/v2\/pages\/7459\/revisions"}],"predecessor-version":[{"id":11130,"href":"https:\/\/digitalhistory.unite.it\/en\/wp-json\/wp\/v2\/pages\/7459\/revisions\/11130"}],"up":[{"embeddable":true,"href":"https:\/\/digitalhistory.unite.it\/en\/wp-json\/wp\/v2\/pages\/6640"}],"wp:attachment":[{"href":"https:\/\/digitalhistory.unite.it\/en\/wp-json\/wp\/v2\/media?parent=7459"}],"curies":[{"name":"wp","href":"https:\/\/api.w.org\/{rel}","templated":true}]}}