{"id":7464,"date":"2021-08-20T00:04:37","date_gmt":"2021-08-19T22:04:37","guid":{"rendered":"https:\/\/digitalhistory.unite.it\/caravaggio\/"},"modified":"2021-11-23T17:44:57","modified_gmt":"2021-11-23T16:44:57","slug":"caravaggio","status":"publish","type":"page","link":"https:\/\/digitalhistory.unite.it\/en\/territorios\/itinerarios-urbanos\/napoles-y-el-cardinal-ascanio-filomarino\/un-ambicioso-prelado\/caravaggio\/","title":{"rendered":"Caravaggio"},"content":{"rendered":"<h1>Caravaggio <\/h1>\n<div class=\"testo\">\n<p style=\"text-align: justify\"><img loading=\"lazy\" decoding=\"async\" src=\"https:\/\/digitalhistory.unite.it\/wp-content\/uploads\/2021\/08\/bild-ottavio_leoni__caravaggio_228x303.jpg\" width=\"228\" height=\"303\" alt=\"Caravaggio\" align=\"left\">Michelangelo Merisi, conocido como Caravaggio (1571-1610) fue uno de los m\u00e1s grandes protagonistas de la historia del arte internacional. Nacido en Mil\u00e1n, lleg\u00f3 a Roma alrededor de 1592 a 1593, encontrando en el cardenal Francesco Maria del Monte su gran protector poderoso. Trabaj\u00f3 para las familias m\u00e1s importantes de Roma, como los Giustiniani, los Barberini, los Borghese, los Mattei y los Patrizi, as\u00ed como para varias iglesias. Despu\u00e9s de haber cometido un asesinato el 29 de mayo de 1606, Caravaggio dej\u00f3 Roma y se refugi\u00f3, al a\u00f1o siguiente, en N\u00e1poles, Malta, Sicilia y de nuevo en N\u00e1poles. Muri\u00f3 de neumon\u00eda o de disenter\u00eda el 18 de julio de 1610, justo cuando estaba el rumor de que el Papa estaba dispuesto a perdonarlo por el asesinato romano. Muchas de las obras de Caravaggio gozaron de una reputaci\u00f3n en todo el mundo y lleg\u00f3 a la cima del arte europeo de los siglos XVI y XVII, sobre todo por el uso magistral de la luz. Algunos ejemplos: <em>La vocaci\u00f3n de San Mateo<\/em>, la <em>Crucifixi\u00f3n de San Pedro<\/em>, la <em>Deposici\u00f3n<\/em>, la <em>Cesta de frutas<\/em>, <em>Baco<\/em>, la <em>Cena en Emmaus<\/em>, <em>El Martirio de Santa \u00darsula<\/em>, <em>David con la cabeza de Goliat<\/em>, las <em>Siete obras de misericordia<\/em>, la <em>Flagelaci\u00f3n de Cristo<\/em>, <em>Amor vincit omnia<\/em>, la <em>Conversi\u00f3n de San Paolo<\/em>, <em>Judith decapita a Holofernes<\/em>.<\/p>\n<\/p><\/div>\n<p><\/p>\n","protected":false},"excerpt":{"rendered":"<p>Caravaggio Michelangelo Merisi, conocido como Caravaggio (1571-1610) fue uno de los m\u00e1s grandes protagonistas de la historia del arte internacional. Nacido en Mil\u00e1n, lleg\u00f3 a Roma alrededor de 1592 a 1593, encontrando en el cardenal Francesco Maria del Monte su gran protector poderoso. Trabaj\u00f3 para&hellip;<\/p>\n","protected":false},"author":1,"featured_media":0,"parent":6640,"menu_order":0,"comment_status":"closed","ping_status":"closed","template":"","meta":{"footnotes":""},"class_list":["post-7464","page","type-page","status-publish","hentry"],"_links":{"self":[{"href":"https:\/\/digitalhistory.unite.it\/en\/wp-json\/wp\/v2\/pages\/7464","targetHints":{"allow":["GET"]}}],"collection":[{"href":"https:\/\/digitalhistory.unite.it\/en\/wp-json\/wp\/v2\/pages"}],"about":[{"href":"https:\/\/digitalhistory.unite.it\/en\/wp-json\/wp\/v2\/types\/page"}],"author":[{"embeddable":true,"href":"https:\/\/digitalhistory.unite.it\/en\/wp-json\/wp\/v2\/users\/1"}],"replies":[{"embeddable":true,"href":"https:\/\/digitalhistory.unite.it\/en\/wp-json\/wp\/v2\/comments?post=7464"}],"version-history":[{"count":3,"href":"https:\/\/digitalhistory.unite.it\/en\/wp-json\/wp\/v2\/pages\/7464\/revisions"}],"predecessor-version":[{"id":11128,"href":"https:\/\/digitalhistory.unite.it\/en\/wp-json\/wp\/v2\/pages\/7464\/revisions\/11128"}],"up":[{"embeddable":true,"href":"https:\/\/digitalhistory.unite.it\/en\/wp-json\/wp\/v2\/pages\/6640"}],"wp:attachment":[{"href":"https:\/\/digitalhistory.unite.it\/en\/wp-json\/wp\/v2\/media?parent=7464"}],"curies":[{"name":"wp","href":"https:\/\/api.w.org\/{rel}","templated":true}]}}