{"id":7467,"date":"2021-08-20T00:04:37","date_gmt":"2021-08-19T22:04:37","guid":{"rendered":"https:\/\/digitalhistory.unite.it\/inigo-velez-de-guevara-conde-de-onate\/"},"modified":"2021-11-23T15:27:38","modified_gmt":"2021-11-23T14:27:38","slug":"inigo-velez-de-guevara-conde-de-onate","status":"publish","type":"page","link":"https:\/\/digitalhistory.unite.it\/en\/territorios\/itinerarios-urbanos\/napoles-y-el-cardinal-ascanio-filomarino\/el-cardenal-en-napoles-palacio-filomarino\/inigo-velez-de-guevara-conde-de-onate\/","title":{"rendered":"I\u00f1igo V\u00e9lez de Guevara, conde de O\u00f1ate"},"content":{"rendered":"<h1>I\u00f1igo V\u00e9lez de Guevara, conde de O\u00f1ate <\/h1>\n<div class=\"testo\">\n<p style=\"text-align: justify\">I\u00f1igo V\u00e9lez de Guevara (1597-1658), llamado <em>el mozo<\/em> para distinguirlo de su padre hom\u00f3nimo, fue el s\u00e9ptimo conde de O\u00f1ate y cuarto conde de Villamediana, un personaje destacado durante el reinado de Felipe IV de Habsburgo (1605-1665). Fue el protagonista de una intensa carrera pol\u00edtica que le llev\u00f3 a ejercer los cargos de embajador en Inglaterra y Roma y virrey de N\u00e1poles. Una vez pacificado el reino partenopeo, al reducir la revuelta de Masaniello (1647-1648), regres\u00f3 a Espa\u00f1a, entr\u00f3 en el Consejo de Estado y recibi\u00f3 el t\u00edtulo de marqu\u00e9s de Guevara. Nombrado gobernador del ducado de Mil\u00e1n en 1658, muri\u00f3 poco despu\u00e9s sin tener la oportunidad de ocupar el cargo.<\/p>\n<p style=\"text-align: justify\">Para leer m\u00e1s:<\/p>\n<ul>\n<li style=\"text-align: justify\">G. Galasso, <em>Napoli spagnola dopo Masaniello. Politica, cultura, societ\u00e0<\/em> , Firenze 1982.<\/li>\n<li style=\"text-align: justify\">A. Minguito Palomares, <em>N\u00e1poles y el virrey conde de O\u00f1ate. La estrategia del poder y el resurgir del reino (1648-1653)<\/em>, Madrid 2011.<\/li>\n<\/ul><\/div>\n<p><\/p>\n","protected":false},"excerpt":{"rendered":"<p>I\u00f1igo V\u00e9lez de Guevara, conde de O\u00f1ate I\u00f1igo V\u00e9lez de Guevara (1597-1658), llamado el mozo para distinguirlo de su padre hom\u00f3nimo, fue el s\u00e9ptimo conde de O\u00f1ate y cuarto conde de Villamediana, un personaje destacado durante el reinado de Felipe IV de Habsburgo (1605-1665). Fue&hellip;<\/p>\n","protected":false},"author":1,"featured_media":0,"parent":6641,"menu_order":0,"comment_status":"closed","ping_status":"closed","template":"","meta":{"footnotes":""},"class_list":["post-7467","page","type-page","status-publish","hentry"],"_links":{"self":[{"href":"https:\/\/digitalhistory.unite.it\/en\/wp-json\/wp\/v2\/pages\/7467","targetHints":{"allow":["GET"]}}],"collection":[{"href":"https:\/\/digitalhistory.unite.it\/en\/wp-json\/wp\/v2\/pages"}],"about":[{"href":"https:\/\/digitalhistory.unite.it\/en\/wp-json\/wp\/v2\/types\/page"}],"author":[{"embeddable":true,"href":"https:\/\/digitalhistory.unite.it\/en\/wp-json\/wp\/v2\/users\/1"}],"replies":[{"embeddable":true,"href":"https:\/\/digitalhistory.unite.it\/en\/wp-json\/wp\/v2\/comments?post=7467"}],"version-history":[{"count":3,"href":"https:\/\/digitalhistory.unite.it\/en\/wp-json\/wp\/v2\/pages\/7467\/revisions"}],"predecessor-version":[{"id":11122,"href":"https:\/\/digitalhistory.unite.it\/en\/wp-json\/wp\/v2\/pages\/7467\/revisions\/11122"}],"up":[{"embeddable":true,"href":"https:\/\/digitalhistory.unite.it\/en\/wp-json\/wp\/v2\/pages\/6641"}],"wp:attachment":[{"href":"https:\/\/digitalhistory.unite.it\/en\/wp-json\/wp\/v2\/media?parent=7467"}],"curies":[{"name":"wp","href":"https:\/\/api.w.org\/{rel}","templated":true}]}}