{"id":7470,"date":"2021-08-20T00:04:38","date_gmt":"2021-08-19T22:04:38","guid":{"rendered":"https:\/\/digitalhistory.unite.it\/jusepe-de-ribera-lo-spagnoletto\/"},"modified":"2021-11-23T15:27:38","modified_gmt":"2021-11-23T14:27:38","slug":"jusepe-de-ribera-lo-spagnoletto","status":"publish","type":"page","link":"https:\/\/digitalhistory.unite.it\/en\/territorios\/itinerarios-urbanos\/napoles-y-el-cardinal-ascanio-filomarino\/el-palacio-arzobispal-y-la-catedral\/jusepe-de-ribera-lo-spagnoletto\/","title":{"rendered":"Jusepe de Ribera, &#8220;lo Spagnoletto&#8221;"},"content":{"rendered":"<h1>Jusepe de Ribera, &#8220;lo Spagnoletto&#8221; <\/h1>\n<div class=\"testo\">\n<p style=\"text-align: justify\"><img loading=\"lazy\" decoding=\"async\" src=\"https:\/\/digitalhistory.unite.it\/wp-content\/uploads\/2021\/08\/503px-jos__ribera_251x299.jpg\" width=\"251\" height=\"299\" alt=\"Ribera\" align=\"left\">Jusepe de Ribera, llamado &#8220;lo Spagnoletto&#8221; (1591-1652) naci\u00f3 en J\u00e1tiva, en el reino de Valencia, pero se estableci\u00f3 siendo todav\u00eda muy joven en Italia. Despu\u00e9s de pasar alg\u00fan tiempo en Lombard\u00eda y en Emilia, lleg\u00f3 a Roma en 1615, y all\u00ed complet\u00f3 su formaci\u00f3n inspir\u00e1ndose en Caravaggio, pero tambi\u00e9n en las obras de Rafael. Al a\u00f1o siguiente lleg\u00f3 a N\u00e1poles, en el s\u00e9quito del nuevo virrey, el III duque de Osuna. En N\u00e1poles, Ribera habr\u00eda vivido el resto de su vida, trabajando para el virrey, pero tambi\u00e9n para los nobles napolitanos y las iglesias y conventos de la ciudad. Entre sus obras m\u00e1s famosas: <em>El Martirio de San Bartolom\u00e9<\/em>, el <em>Sileno ebrio<\/em>, el <em>Martirio de San Andr\u00e9s<\/em>, <em>La Piedad<\/em>, <em>El sue\u00f1o de Jacob<\/em>, <em>El ni\u00f1o cojo<\/em> y <em>Los Doce profetas<\/em> que decoran los arcos de la pared de la entrada y de las capillas laterales de la Cartuja de San Martino. Gravemente enfermo, Ribera ralentiz\u00f3 su actividad en los \u00faltimos a\u00f1os. Muri\u00f3 y fue enterrado en N\u00e1poles.<\/p>\n<\/p><\/div>\n<p><\/p>\n","protected":false},"excerpt":{"rendered":"<p>Jusepe de Ribera, &#8220;lo Spagnoletto&#8221; Jusepe de Ribera, llamado &#8220;lo Spagnoletto&#8221; (1591-1652) naci\u00f3 en J\u00e1tiva, en el reino de Valencia, pero se estableci\u00f3 siendo todav\u00eda muy joven en Italia. Despu\u00e9s de pasar alg\u00fan tiempo en Lombard\u00eda y en Emilia, lleg\u00f3 a Roma en 1615, y&hellip;<\/p>\n","protected":false},"author":1,"featured_media":0,"parent":6642,"menu_order":0,"comment_status":"closed","ping_status":"closed","template":"","meta":{"footnotes":""},"class_list":["post-7470","page","type-page","status-publish","hentry"],"_links":{"self":[{"href":"https:\/\/digitalhistory.unite.it\/en\/wp-json\/wp\/v2\/pages\/7470","targetHints":{"allow":["GET"]}}],"collection":[{"href":"https:\/\/digitalhistory.unite.it\/en\/wp-json\/wp\/v2\/pages"}],"about":[{"href":"https:\/\/digitalhistory.unite.it\/en\/wp-json\/wp\/v2\/types\/page"}],"author":[{"embeddable":true,"href":"https:\/\/digitalhistory.unite.it\/en\/wp-json\/wp\/v2\/users\/1"}],"replies":[{"embeddable":true,"href":"https:\/\/digitalhistory.unite.it\/en\/wp-json\/wp\/v2\/comments?post=7470"}],"version-history":[{"count":3,"href":"https:\/\/digitalhistory.unite.it\/en\/wp-json\/wp\/v2\/pages\/7470\/revisions"}],"predecessor-version":[{"id":11125,"href":"https:\/\/digitalhistory.unite.it\/en\/wp-json\/wp\/v2\/pages\/7470\/revisions\/11125"}],"up":[{"embeddable":true,"href":"https:\/\/digitalhistory.unite.it\/en\/wp-json\/wp\/v2\/pages\/6642"}],"wp:attachment":[{"href":"https:\/\/digitalhistory.unite.it\/en\/wp-json\/wp\/v2\/media?parent=7470"}],"curies":[{"name":"wp","href":"https:\/\/api.w.org\/{rel}","templated":true}]}}