{"id":7471,"date":"2021-08-20T00:04:38","date_gmt":"2021-08-19T22:04:38","guid":{"rendered":"https:\/\/digitalhistory.unite.it\/felipe-iv\/"},"modified":"2021-11-23T15:27:39","modified_gmt":"2021-11-23T14:27:39","slug":"felipe-iv","status":"publish","type":"page","link":"https:\/\/digitalhistory.unite.it\/en\/territorios\/itinerarios-urbanos\/valladolid\/iglesia-de-san-pablo\/felipe-iv\/","title":{"rendered":"Felipe IV de Habsburgo"},"content":{"rendered":"<h1>Felipe IV de Habsburgo <\/h1>\n<div class=\"testo\">\n<p style=\"text-align: justify\"><img loading=\"lazy\" decoding=\"async\" src=\"https:\/\/digitalhistory.unite.it\/wp-content\/uploads\/2021\/08\/img_0972_251x167-2.jpg\" width=\"251\" height=\"167\" alt=\"Filippo IV\" align=\"left\">Felipe IV de Habsburgo (1605-1665) rein\u00f3 sobre Espa\u00f1a y los dominios espa\u00f1oles en Europa y en Am\u00e9rica desde 1621 hasta su muerte. Durante su reinado, Espa\u00f1a atraves\u00f3 una profunda crisis unida a las ut\u00f3picas y&nbsp;costosas empresas militares, lo que llev\u00f3 a padecer frecuentes bancarrotas. Pronto fue objeto de ataque el estilo de gobierno de Gaspar de Guzm\u00e1n, Conde-Duque de Olivares (1587-1645), el poderoso valido de Felipe IV, que ejerci\u00f3, de hecho, el poder del rey durante m\u00e1s de veinte a\u00f1os. Olivares trat\u00f3 en vano de restablecer la hegemon\u00eda espa\u00f1ola en Europa y de poner remedio a la crisis financiera dela Monarqu\u00eda: acabada la Tregua de los&nbsp;doce a\u00f1os (1609-1621), retom\u00f3 la guerra contra las Provincias Unidas; se uni\u00f3 a los Habsburgo de Austria en la Guerra de los Treinta A\u00f1os; a la vez que trat\u00f3 de mejorar la situaci\u00f3n de las finanzas del Estado, mediante la redistribuci\u00f3n de la carga fiscal entre los diferentes reinos. Con este fin, promovi\u00f3 un proyecto llamado &#8220;Uni\u00f3n de los ej\u00e9rcitos&#8221; (1624), que preve\u00eda la distribuci\u00f3n de los gastos militares, antes apoyado solamente por Castilla, entre todos los territorios dela Corona. Esta iniciativa dio lugar a una ola revolucionaria, en la que los principales reinos y territorios de la Monarqu\u00eda reivindicaron violentamente la antigua libertad y autonom\u00eda: Portugal y Catalu\u00f1a se rebelaron en 1640, Palermo y N\u00e1poles (la llamada revuelta de Masaniello) en 1647-1648. Incluso despu\u00e9s de la destituci\u00f3n de Olivares en 1643, el declive militar de la monarqu\u00eda no se detuvo. Perdi\u00f3 definitivamente Portugal, tuvo que renunciar a toda pretensi\u00f3n de soberan\u00eda sobre las Provincias Unidas, mientras se resolv\u00eda el largo conflicto con Francia, despu\u00e9s de la Paz de los Pirineos (1659), con el fin del dominio espa\u00f1ol en Europa.<\/p>\n<p style=\"text-align: justify\">Para leer m\u00e1s:<\/p>\n<ul>\n<li>\n<div style=\"text-align: justify\">A. Dom\u00ednguez Ortiz, <em>Pol\u00edtica y Hacienda de Felipe IV<\/em>, Madrid 1960.<\/div>\n<\/li>\n<li>\n<div style=\"text-align: justify\">R.A. Stradling, <em>Philip IV and the Government of Spain, 1621-1665<\/em>, Cambridge 1988.<\/div>\n<\/li>\n<li>\n<div style=\"text-align: justify\">J. Alcal\u00e1-Zamora y Queipo de Llano (ed.), <em>Felipe IV. El hombre y el reinado<\/em>, Madrid 2005.<\/div>\n<\/li>\n<\/ul><\/div>\n<p><\/p>\n","protected":false},"excerpt":{"rendered":"<p>Felipe IV de Habsburgo Felipe IV de Habsburgo (1605-1665) rein\u00f3 sobre Espa\u00f1a y los dominios espa\u00f1oles en Europa y en Am\u00e9rica desde 1621 hasta su muerte. Durante su reinado, Espa\u00f1a atraves\u00f3 una profunda crisis unida a las ut\u00f3picas y&nbsp;costosas empresas militares, lo que llev\u00f3 a&hellip;<\/p>\n","protected":false},"author":1,"featured_media":0,"parent":6665,"menu_order":0,"comment_status":"closed","ping_status":"closed","template":"","meta":{"footnotes":""},"class_list":["post-7471","page","type-page","status-publish","hentry"],"_links":{"self":[{"href":"https:\/\/digitalhistory.unite.it\/en\/wp-json\/wp\/v2\/pages\/7471","targetHints":{"allow":["GET"]}}],"collection":[{"href":"https:\/\/digitalhistory.unite.it\/en\/wp-json\/wp\/v2\/pages"}],"about":[{"href":"https:\/\/digitalhistory.unite.it\/en\/wp-json\/wp\/v2\/types\/page"}],"author":[{"embeddable":true,"href":"https:\/\/digitalhistory.unite.it\/en\/wp-json\/wp\/v2\/users\/1"}],"replies":[{"embeddable":true,"href":"https:\/\/digitalhistory.unite.it\/en\/wp-json\/wp\/v2\/comments?post=7471"}],"version-history":[{"count":3,"href":"https:\/\/digitalhistory.unite.it\/en\/wp-json\/wp\/v2\/pages\/7471\/revisions"}],"predecessor-version":[{"id":11135,"href":"https:\/\/digitalhistory.unite.it\/en\/wp-json\/wp\/v2\/pages\/7471\/revisions\/11135"}],"up":[{"embeddable":true,"href":"https:\/\/digitalhistory.unite.it\/en\/wp-json\/wp\/v2\/pages\/6665"}],"wp:attachment":[{"href":"https:\/\/digitalhistory.unite.it\/en\/wp-json\/wp\/v2\/media?parent=7471"}],"curies":[{"name":"wp","href":"https:\/\/api.w.org\/{rel}","templated":true}]}}