{"id":7478,"date":"2021-08-20T00:04:38","date_gmt":"2021-08-19T22:04:38","guid":{"rendered":"https:\/\/digitalhistory.unite.it\/felipe-iii\/"},"modified":"2021-11-23T15:27:39","modified_gmt":"2021-11-23T14:27:39","slug":"felipe-iii","status":"publish","type":"page","link":"https:\/\/digitalhistory.unite.it\/en\/territorios\/itinerarios-urbanos\/valladolid\/iglesia-de-san-pablo\/felipe-iii\/","title":{"rendered":"Felipe III de Habsburgo"},"content":{"rendered":"<h1>Felipe III de Habsburgo <\/h1>\n<div class=\"testo\">\n<p style=\"text-align: justify\"><img loading=\"lazy\" decoding=\"async\" src=\"https:\/\/digitalhistory.unite.it\/wp-content\/uploads\/2021\/08\/img_0967_251x167.jpg\" width=\"251\" height=\"167\" alt=\"Filippo III\" align=\"left\">Felipe III de Habsburgo (1578-1621), hijo y sucesor de Felipe II y de Ana de Austria, fue rey de Espa\u00f1a &#8211; y de los m\u00faltiples dominios sujetos a \u00e9l &#8211; y de Portugal, 1598-1621. Entre las decisiones m\u00e1s importantes de su gobierno, destacan: la finalizaci\u00f3n de un conflicto abierto con Inglaterra (1604); la Tregua de los Doce A\u00f1os con las Provincias Unidas (1609); la expulsi\u00f3n de trescientos mil Moriscos (es decir, los descendientes de los s\u00fabditos musulmanes convertidos a la fuerza durante la Reconquista), entre 1609 y 1614; la guerra al lado de los Habsburgo imperiales enl a Guerra de los Treinta A\u00f1os (1618-1648). Sin embargo, el rasgo m\u00e1s caracter\u00edstico de su gobierno fue la opci\u00f3n de renunciar, de hecho, al ejercicio de sus facultades, deleg\u00e1ndolo casi del todo al cortesano que m\u00e1s gozaba de su favor y de su confianza: Francisco G\u00f3mez de Sandoval y Rojas, duque de Lerma (1553-1625). El favorito del rey, o valido, se impuso de esta manera como el verdadero soberano de la Monarqu\u00eda espa\u00f1ola.<\/p>\n<p style=\"text-align: justify\">Para leer m\u00e1s:<\/p>\n<ul>\n<li>\n<div style=\"text-align: justify\">C. P\u00e9rez Bustamante, <em>Felipe III. Semblanza de un monarca y perfiles de una privanza<\/em>, Madrid 1950.<\/div>\n<\/li>\n<li>\n<div style=\"text-align: justify\">A. Dennis, <em>Philip III: the Shadow of a King<\/em>, Madrid 1985.<\/div>\n<\/li>\n<li>\n<div style=\"text-align: justify\">I. Pulido Bueno, <em>Felipe III. Cartas de gobierno<\/em>, Huelva 2010.<\/div>\n<\/li>\n<\/ul><\/div>\n<p><\/p>\n","protected":false},"excerpt":{"rendered":"<p>Felipe III de Habsburgo Felipe III de Habsburgo (1578-1621), hijo y sucesor de Felipe II y de Ana de Austria, fue rey de Espa\u00f1a &#8211; y de los m\u00faltiples dominios sujetos a \u00e9l &#8211; y de Portugal, 1598-1621. Entre las decisiones m\u00e1s importantes de su&hellip;<\/p>\n","protected":false},"author":1,"featured_media":0,"parent":6665,"menu_order":0,"comment_status":"closed","ping_status":"closed","template":"","meta":{"footnotes":""},"class_list":["post-7478","page","type-page","status-publish","hentry"],"_links":{"self":[{"href":"https:\/\/digitalhistory.unite.it\/en\/wp-json\/wp\/v2\/pages\/7478","targetHints":{"allow":["GET"]}}],"collection":[{"href":"https:\/\/digitalhistory.unite.it\/en\/wp-json\/wp\/v2\/pages"}],"about":[{"href":"https:\/\/digitalhistory.unite.it\/en\/wp-json\/wp\/v2\/types\/page"}],"author":[{"embeddable":true,"href":"https:\/\/digitalhistory.unite.it\/en\/wp-json\/wp\/v2\/users\/1"}],"replies":[{"embeddable":true,"href":"https:\/\/digitalhistory.unite.it\/en\/wp-json\/wp\/v2\/comments?post=7478"}],"version-history":[{"count":3,"href":"https:\/\/digitalhistory.unite.it\/en\/wp-json\/wp\/v2\/pages\/7478\/revisions"}],"predecessor-version":[{"id":11134,"href":"https:\/\/digitalhistory.unite.it\/en\/wp-json\/wp\/v2\/pages\/7478\/revisions\/11134"}],"up":[{"embeddable":true,"href":"https:\/\/digitalhistory.unite.it\/en\/wp-json\/wp\/v2\/pages\/6665"}],"wp:attachment":[{"href":"https:\/\/digitalhistory.unite.it\/en\/wp-json\/wp\/v2\/media?parent=7478"}],"curies":[{"name":"wp","href":"https:\/\/api.w.org\/{rel}","templated":true}]}}