{"id":7480,"date":"2021-08-20T00:04:38","date_gmt":"2021-08-19T22:04:38","guid":{"rendered":"https:\/\/digitalhistory.unite.it\/carlos-iii-de-borbon\/"},"modified":"2021-11-23T15:27:38","modified_gmt":"2021-11-23T14:27:38","slug":"carlos-iii-de-borbon","status":"publish","type":"page","link":"https:\/\/digitalhistory.unite.it\/en\/territorios\/itinerarios-urbanos\/napoles-y-el-cardinal-ascanio-filomarino\/el-palacio-real\/carlos-iii-de-borbon\/","title":{"rendered":"Carlos III de Borb\u00f3n"},"content":{"rendered":"<h1>Carlos III de Borb\u00f3n <\/h1>\n<div class=\"testo\">\n<p style=\"text-align: justify\"><img loading=\"lazy\" decoding=\"async\" src=\"https:\/\/digitalhistory.unite.it\/wp-content\/uploads\/2021\/08\/estatua_ecuestre_de_carlos_iii_-_02__fileminimizer__227x227.jpg\" width=\"227\" height=\"227\" alt=\"Carlo III\" align=\"left\">Carlos Sebasti\u00e1n de Borb\u00f3n (1716-1788) fue el primog\u00e9nito del segundo matrimonio del rey Felipe V de Espa\u00f1a con Isabel de Farnesio. Tercero en la l\u00ednea de sucesi\u00f3n al trono espa\u00f1ol, vio garantizada la herencia de dos dinast\u00edas italianas por entonces al borde de la extinci\u00f3n: los Medici y los Farnese. Fue duque de Parma y Piacenza y heredero al trono del Gran Ducado de Toscana de 1731 a 1735. En 1734, dirigi\u00f3 las tropas espa\u00f1olas para reconquistar los reinos de N\u00e1poles y Sicilia, y fue coronado Rey de las Dos Sicilias al a\u00f1o siguiente. La conquista fue ratificada por los tratados de paz que pusieron fin a la Guerra de Sucesi\u00f3n polaca (1733-1738), aunque Carlos se vio obligado a ceder los estados de los Medici a los Lorena y los de Farnese a los Habsburgo. Su feliz gobierno napolitano termin\u00f3 cuando su hermanastro Fernando VI muri\u00f3 en 1759, de manera que Carlos ascendi\u00f3 al trono de Espa\u00f1a con el nombre de Carlos III. Como rey de Espa\u00f1a se convirti\u00f3 en promotor de una pol\u00edtica de reforma, de acuerdo con el modelo del despotismo ilustrado. En pol\u00edtica exterior, se inclin\u00f3 de parte su pariente franc\u00e9s, Luis XV, en la Guerra de los Siete A\u00f1os, lo que signific\u00f3 grandes p\u00e9rdidas.<\/p>\n<p style=\"text-align: justify\">Para leer m\u00e1s:<\/p>\n<ul>\n<li style=\"text-align: justify\">C. Petrie, <em>King Charles III of Spain. An Enlightened Despot<\/em>, London 1971.<\/li>\n<li style=\"text-align: justify\">F. S\u00e1nchez-Blanco, <em>El absolutismo y las luces en el reinado de Carlos III<\/em>, Madrid 2002.<\/li>\n<li style=\"text-align: justify\">N. Guasti, <em>Lotta politica e riforme all&#8217;inizio del regno di Carlo III. Campomanes e l&#8217;espulsione dei gesuiti dalla monarchia spagnola (1759-1768)<\/em>, Bologna 2006.<\/li>\n<\/ul><\/div>\n<p><\/p>\n","protected":false},"excerpt":{"rendered":"<p>Carlos III de Borb\u00f3n Carlos Sebasti\u00e1n de Borb\u00f3n (1716-1788) fue el primog\u00e9nito del segundo matrimonio del rey Felipe V de Espa\u00f1a con Isabel de Farnesio. Tercero en la l\u00ednea de sucesi\u00f3n al trono espa\u00f1ol, vio garantizada la herencia de dos dinast\u00edas italianas por entonces al&hellip;<\/p>\n","protected":false},"author":1,"featured_media":0,"parent":6644,"menu_order":0,"comment_status":"closed","ping_status":"closed","template":"","meta":{"footnotes":""},"class_list":["post-7480","page","type-page","status-publish","hentry"],"_links":{"self":[{"href":"https:\/\/digitalhistory.unite.it\/en\/wp-json\/wp\/v2\/pages\/7480","targetHints":{"allow":["GET"]}}],"collection":[{"href":"https:\/\/digitalhistory.unite.it\/en\/wp-json\/wp\/v2\/pages"}],"about":[{"href":"https:\/\/digitalhistory.unite.it\/en\/wp-json\/wp\/v2\/types\/page"}],"author":[{"embeddable":true,"href":"https:\/\/digitalhistory.unite.it\/en\/wp-json\/wp\/v2\/users\/1"}],"replies":[{"embeddable":true,"href":"https:\/\/digitalhistory.unite.it\/en\/wp-json\/wp\/v2\/comments?post=7480"}],"version-history":[{"count":3,"href":"https:\/\/digitalhistory.unite.it\/en\/wp-json\/wp\/v2\/pages\/7480\/revisions"}],"predecessor-version":[{"id":11126,"href":"https:\/\/digitalhistory.unite.it\/en\/wp-json\/wp\/v2\/pages\/7480\/revisions\/11126"}],"up":[{"embeddable":true,"href":"https:\/\/digitalhistory.unite.it\/en\/wp-json\/wp\/v2\/pages\/6644"}],"wp:attachment":[{"href":"https:\/\/digitalhistory.unite.it\/en\/wp-json\/wp\/v2\/media?parent=7480"}],"curies":[{"name":"wp","href":"https:\/\/api.w.org\/{rel}","templated":true}]}}