{"id":7529,"date":"2021-08-20T00:04:40","date_gmt":"2021-08-19T22:04:40","guid":{"rendered":"https:\/\/digitalhistory.unite.it\/margarita-de-austria\/"},"modified":"2021-11-23T15:27:37","modified_gmt":"2021-11-23T14:27:37","slug":"margarita-de-austria","status":"publish","type":"page","link":"https:\/\/digitalhistory.unite.it\/en\/territorios\/itinerarios-regionales\/monasterios\/el-monasterio-de-las-descalzas-reales\/margarita-de-austria\/","title":{"rendered":"Margarita de Austria"},"content":{"rendered":"<h1>Margarita de Austria <\/h1>\n<div class=\"testo\">\n<p style=\"text-align: justify\">Margarita de Austria naci\u00f3 en 1584 en la corte de Graz, Austria. Hija de los archiduques Carlos II de Estiria y de Mar\u00eda Ana de Baviera, se cas\u00f3 con el pr\u00edncipe de Espa\u00f1a, futuro Felipe III. Reina consorte de Espa\u00f1a a partir de 1599, Margarita fue la \u00fanica esposa del monarca, al que se encontraba muy unida. La reina, aunque directamente no se involucr\u00f3 en pol\u00edtica, s\u00ed que influy\u00f3 en las decisiones de su marido y mantuvo una fluida correspondencia con sus familiares en Graz, con el Imperio cuando su hermano Fernando se convirti\u00f3 en Emperador, y con la corte Papal, dada su obediencia al Pont\u00edfice y su empe\u00f1o por extender el catolicismo en los territorios del monarca hispano (ya fuera a trav\u00e9s de nuevas fundaciones de conventos, de acudir a numerosos actos religiosos, de implantar nuevas devociones, etc.). En la corte, era vox populi la mala relaci\u00f3n que manten\u00eda con el duque de Lerma, valido de Felipe III, al que criticaba por su forma de gobernar ante la falta de autoridad del joven monarca. Falleci\u00f3 en uno de sus partos en 1611, habiendo tenido ocho hijos.<\/p>\n<p style=\"text-align: justify\"><span>Para leer m\u00e1s:<\/span><\/p>\n<ul>\n<li style=\"text-align: justify\">M. S\u00e1nchez, <em>The Empress, the Queen and the Nun: Women and Power at the Court of Philip III of Spain<\/em>, Baltimora 1998.<\/li>\n<\/ul><\/div>\n<p><\/p>\n","protected":false},"excerpt":{"rendered":"<p>Margarita de Austria Margarita de Austria naci\u00f3 en 1584 en la corte de Graz, Austria. Hija de los archiduques Carlos II de Estiria y de Mar\u00eda Ana de Baviera, se cas\u00f3 con el pr\u00edncipe de Espa\u00f1a, futuro Felipe III. Reina consorte de Espa\u00f1a a partir&hellip;<\/p>\n","protected":false},"author":1,"featured_media":0,"parent":6683,"menu_order":0,"comment_status":"closed","ping_status":"closed","template":"","meta":{"footnotes":""},"class_list":["post-7529","page","type-page","status-publish","hentry"],"_links":{"self":[{"href":"https:\/\/digitalhistory.unite.it\/en\/wp-json\/wp\/v2\/pages\/7529","targetHints":{"allow":["GET"]}}],"collection":[{"href":"https:\/\/digitalhistory.unite.it\/en\/wp-json\/wp\/v2\/pages"}],"about":[{"href":"https:\/\/digitalhistory.unite.it\/en\/wp-json\/wp\/v2\/types\/page"}],"author":[{"embeddable":true,"href":"https:\/\/digitalhistory.unite.it\/en\/wp-json\/wp\/v2\/users\/1"}],"replies":[{"embeddable":true,"href":"https:\/\/digitalhistory.unite.it\/en\/wp-json\/wp\/v2\/comments?post=7529"}],"version-history":[{"count":3,"href":"https:\/\/digitalhistory.unite.it\/en\/wp-json\/wp\/v2\/pages\/7529\/revisions"}],"predecessor-version":[{"id":11116,"href":"https:\/\/digitalhistory.unite.it\/en\/wp-json\/wp\/v2\/pages\/7529\/revisions\/11116"}],"up":[{"embeddable":true,"href":"https:\/\/digitalhistory.unite.it\/en\/wp-json\/wp\/v2\/pages\/6683"}],"wp:attachment":[{"href":"https:\/\/digitalhistory.unite.it\/en\/wp-json\/wp\/v2\/media?parent=7529"}],"curies":[{"name":"wp","href":"https:\/\/api.w.org\/{rel}","templated":true}]}}