{"id":7532,"date":"2021-08-20T00:04:40","date_gmt":"2021-08-19T22:04:40","guid":{"rendered":"https:\/\/digitalhistory.unite.it\/rafael\/"},"modified":"2021-11-23T15:27:37","modified_gmt":"2021-11-23T14:27:37","slug":"rafael","status":"publish","type":"page","link":"https:\/\/digitalhistory.unite.it\/en\/territorios\/itinerarios-regionales\/duque-de-lerma\/toledo-valladolid-y-madrid\/rafael\/","title":{"rendered":"Rafael"},"content":{"rendered":"<h1>Rafael <\/h1>\n<div class=\"testo\">\n<p style=\"text-align: justify\"><img loading=\"lazy\" decoding=\"async\" src=\"https:\/\/digitalhistory.unite.it\/wp-content\/uploads\/2021\/08\/sanzio_00__fileminimizer__226x322.jpg\" width=\"226\" height=\"322\" alt=\"Raffaello\" align=\"left\">Rafael Sanzio (1483-1520) fue uno de los m\u00e1s grandes representantes del Renacimiento italiano, y en general, uno de los artistas m\u00e1s influyentes e imitados del arte occidental. Nacido en Urbino, fue hijo de Giovanni Santi (muerto en 1494), en cuyo taller recibi\u00f3 su primera formaci\u00f3n. Pronto continu\u00f3 su aprendizaje en el taller de Perugino, entre 1494 y 1498, al a\u00f1o siguiente se traslad\u00f3 a Citt\u00e0 di Castello, donde ya fue &#8220;maestro&#8221;. All\u00ed recibi\u00f3 su primer encargo: junto a Evangelista de Pian de Mileto, realiz\u00f3 de hecho, la <em>Pala del beato Nicola da Tolentino<\/em>, terminada en 1501. Desde entonces conocido y reclamado en toda Umbr\u00eda, a principios del siglo XVI comenz\u00f3 a viajar fuera de la regi\u00f3n, como su estancia en Siena (llamado por Pinturicchio) y en Florencia (1504-1508). Sin dejar de recibir comisiones de Umbr\u00eda y de otras partes del centro de Italia, Rafael finalmente se traslad\u00f3 a Roma en 1508, donde permanecer\u00eda hasta su muerte (1520). Particip\u00f3 as\u00ed en la gran obra de renovaci\u00f3n art\u00edstica y urban\u00edstica deseada por el Papa Julio II, en la que trabajaron otros grandes artistas como Miguel \u00c1ngel y Bramante. Confirmado en sus cargos por Le\u00f3n X, trabaj\u00f3 en la Sala de la Signatura (donde se encuentra la c\u00e9lebre <em>Escuela de Atenas<\/em>), pero tambi\u00e9n realiz\u00f3 comisiones privadas, sobre todo para Agostino Chigi. A los a\u00f1os romanos se remontan sus c\u00e9lebres retratos (como los de Baltasar Castiglione, Julio II y Le\u00f3n X), los grandes retablos (destacando, <em>El \u00c9xtasis de Santa Cecilia<\/em>) y los tapices de la Capilla Sixtina. Se dedic\u00f3 tambi\u00e9n a la f\u00e1brica de San Pedro, dise\u00f1ando, en su papel de arquitecto, diversos palacios y dando vida a un gran taller en Roma, capaz de realizar comisiones de gran calidad y en tiempo breve gracias a la ayuda de aprendices, disc\u00edpulos (de todos ellos, Giulio Romano), pero tambi\u00e9n de maestros ya reconocidos. Su \u00faltima obra, concluida por Giulio Romano, fue la <em>Transfiguraci\u00f3n<\/em>, expuesta en la c\u00e1mara ardiente del artista: \u00e9l fallec\u00eda el 6 de abril de 1520, viernes santo, con tan s\u00f3lo 37 a\u00f1os y su cuerpo se encuentra sepultado en el Pante\u00f3n.<\/p>\n<\/p><\/div>\n<p><\/p>\n","protected":false},"excerpt":{"rendered":"<p>Rafael Rafael Sanzio (1483-1520) fue uno de los m\u00e1s grandes representantes del Renacimiento italiano, y en general, uno de los artistas m\u00e1s influyentes e imitados del arte occidental. Nacido en Urbino, fue hijo de Giovanni Santi (muerto en 1494), en cuyo taller recibi\u00f3 su primera&hellip;<\/p>\n","protected":false},"author":1,"featured_media":0,"parent":6679,"menu_order":0,"comment_status":"closed","ping_status":"closed","template":"","meta":{"footnotes":""},"class_list":["post-7532","page","type-page","status-publish","hentry"],"_links":{"self":[{"href":"https:\/\/digitalhistory.unite.it\/en\/wp-json\/wp\/v2\/pages\/7532","targetHints":{"allow":["GET"]}}],"collection":[{"href":"https:\/\/digitalhistory.unite.it\/en\/wp-json\/wp\/v2\/pages"}],"about":[{"href":"https:\/\/digitalhistory.unite.it\/en\/wp-json\/wp\/v2\/types\/page"}],"author":[{"embeddable":true,"href":"https:\/\/digitalhistory.unite.it\/en\/wp-json\/wp\/v2\/users\/1"}],"replies":[{"embeddable":true,"href":"https:\/\/digitalhistory.unite.it\/en\/wp-json\/wp\/v2\/comments?post=7532"}],"version-history":[{"count":3,"href":"https:\/\/digitalhistory.unite.it\/en\/wp-json\/wp\/v2\/pages\/7532\/revisions"}],"predecessor-version":[{"id":11113,"href":"https:\/\/digitalhistory.unite.it\/en\/wp-json\/wp\/v2\/pages\/7532\/revisions\/11113"}],"up":[{"embeddable":true,"href":"https:\/\/digitalhistory.unite.it\/en\/wp-json\/wp\/v2\/pages\/6679"}],"wp:attachment":[{"href":"https:\/\/digitalhistory.unite.it\/en\/wp-json\/wp\/v2\/media?parent=7532"}],"curies":[{"name":"wp","href":"https:\/\/api.w.org\/{rel}","templated":true}]}}