{"id":7534,"date":"2021-08-20T00:04:40","date_gmt":"2021-08-19T22:04:40","guid":{"rendered":"https:\/\/digitalhistory.unite.it\/pedro-pablo-rubens\/"},"modified":"2021-11-23T15:27:37","modified_gmt":"2021-11-23T14:27:37","slug":"pedro-pablo-rubens","status":"publish","type":"page","link":"https:\/\/digitalhistory.unite.it\/en\/territorios\/itinerarios-regionales\/monasterios\/el-monasterio-de-las-descalzas-reales\/pedro-pablo-rubens\/","title":{"rendered":"Pedro Pablo Rubens"},"content":{"rendered":"<h1>Pedro Pablo Rubens <\/h1>\n<div class=\"testo\">\n<p style=\"text-align: justify\"><img loading=\"lazy\" decoding=\"async\" src=\"https:\/\/digitalhistory.unite.it\/wp-content\/uploads\/2021\/08\/peter_paul_rubens_-_self-portrait_-_wga20380__fileminimizer__251x340.jpg\" width=\"251\" height=\"340\" alt=\"Rubens\" align=\"left\">Rubens (1577-1640) fue uno de los principales pintores flamencos del Barroco. Su \u00e9xito se bas\u00f3 en la conjunci\u00f3n de diversos aspectos: por un lado, la perfecci\u00f3n de su t\u00e9cnica, con la riqueza de sus composiciones y el estudio psicol\u00f3gico de sus personajes. Por otro lado la variedad tem\u00e1tica de sus pinturas, desde temas mitol\u00f3gicos, religiosos, retratos, etc. Y por \u00faltimo su vinculaci\u00f3n a las altas esferas de poder, movi\u00e9ndose en el ambiente cortesano en el que comenz\u00f3 como paje en Amberes, pasando despu\u00e9s a estar al servicio de Vincenzo I Gonzaga, duque de Mantua. Despu\u00e9s, a\u00f1os m\u00e1s tarde, pas\u00f3 al servicio de los gobernadores de Flandes, el archiduque Alberto y la infanta Isabel Clara Eugenia, y por \u00faltimo tambi\u00e9n del monarca espa\u00f1ol Felipe IV. Trabaj\u00f3 como pintor en Flandes, Italia y Espa\u00f1a, recibiendo encargos de las principales cortes europeas. Sus obras, repartidas por todo el mundo, se muestran en los museos internacionales m\u00e1s importantes como la National Gallery de Londres, Museo del Prado, Louvre de Par\u00eds, etc.<\/p>\n<\/p><\/div>\n<p><\/p>\n","protected":false},"excerpt":{"rendered":"<p>Pedro Pablo Rubens Rubens (1577-1640) fue uno de los principales pintores flamencos del Barroco. Su \u00e9xito se bas\u00f3 en la conjunci\u00f3n de diversos aspectos: por un lado, la perfecci\u00f3n de su t\u00e9cnica, con la riqueza de sus composiciones y el estudio psicol\u00f3gico de sus personajes.&hellip;<\/p>\n","protected":false},"author":1,"featured_media":0,"parent":6683,"menu_order":0,"comment_status":"closed","ping_status":"closed","template":"","meta":{"footnotes":""},"class_list":["post-7534","page","type-page","status-publish","hentry"],"_links":{"self":[{"href":"https:\/\/digitalhistory.unite.it\/en\/wp-json\/wp\/v2\/pages\/7534","targetHints":{"allow":["GET"]}}],"collection":[{"href":"https:\/\/digitalhistory.unite.it\/en\/wp-json\/wp\/v2\/pages"}],"about":[{"href":"https:\/\/digitalhistory.unite.it\/en\/wp-json\/wp\/v2\/types\/page"}],"author":[{"embeddable":true,"href":"https:\/\/digitalhistory.unite.it\/en\/wp-json\/wp\/v2\/users\/1"}],"replies":[{"embeddable":true,"href":"https:\/\/digitalhistory.unite.it\/en\/wp-json\/wp\/v2\/comments?post=7534"}],"version-history":[{"count":3,"href":"https:\/\/digitalhistory.unite.it\/en\/wp-json\/wp\/v2\/pages\/7534\/revisions"}],"predecessor-version":[{"id":11117,"href":"https:\/\/digitalhistory.unite.it\/en\/wp-json\/wp\/v2\/pages\/7534\/revisions\/11117"}],"up":[{"embeddable":true,"href":"https:\/\/digitalhistory.unite.it\/en\/wp-json\/wp\/v2\/pages\/6683"}],"wp:attachment":[{"href":"https:\/\/digitalhistory.unite.it\/en\/wp-json\/wp\/v2\/media?parent=7534"}],"curies":[{"name":"wp","href":"https:\/\/api.w.org\/{rel}","templated":true}]}}