{"id":7613,"date":"2021-08-20T00:04:43","date_gmt":"2021-08-19T22:04:43","guid":{"rendered":"https:\/\/digitalhistory.unite.it\/mesina\/"},"modified":"2021-11-23T15:26:25","modified_gmt":"2021-11-23T14:26:25","slug":"mesina","status":"publish","type":"page","link":"https:\/\/digitalhistory.unite.it\/en\/temas\/residencias-nobiliarias\/branciforte\/raccuja\/mesina\/","title":{"rendered":"Mesina"},"content":{"rendered":"<h1>Mesina <\/h1>\n<div class=\"testo\">\n<p style=\"text-align: justify\"><img loading=\"lazy\" decoding=\"async\" src=\"https:\/\/digitalhistory.unite.it\/wp-content\/uploads\/2021\/08\/messina_2003_251x188.jpg\" width=\"251\" height=\"188\" alt=\"Messina\" align=\"left\">Primera colonia griega en Sicilia, Mesina fue fundada en el a\u00f1o 756 a.C. Ha pasado, a lo largo de los siglos, bajo la dominaci\u00f3n romana, bizantina, \u00e1rabe, normanda, sueva, angevina, aragonesa y espa\u00f1ola. La ciudad con el t\u00edtulo de capital del reino de Sicilia fue Palermo, pero Mesina, gracias a su puerto, fue uno de los centros de comercio m\u00e1s grandes en el Mar Mediterr\u00e1neo. La rivalidad desde hac\u00eda tiempo con Palermo, tambi\u00e9n basada en cuestiones econ\u00f3micas (el grano de Sicilia, representada por Palermo, y contrapuesta a la Sicilia de la seda a la que se dedicaba Mesina) dur\u00f3 durante todo el per\u00edodo del virreinato espa\u00f1ol. Entre 1674 y 1678 la ciudad se rebel\u00f3 contra el dominio espa\u00f1ol, estando a un paso de acabar bajo el dominio franc\u00e9s. Varios terremotos han afectado a la historia de Mesina: en particular, el de 1908, junto con el posterior tsunami, provoc\u00f3 unas 80.000 muertes (de una poblaci\u00f3n total de 140.000) y fue un da\u00f1o irreparable al patrimonio art\u00edstico y cultural de la ciudad. Entre los edificios destruidos, se encontraba tambi\u00e9n el colegio jesuita fundado, por primera vez en Italia, en 1549, siguiendo el ejemplo de uno de Gand\u00eda y por petici\u00f3n del virrey Juan de Vega. Constituido en un modelo para todos los colegios posteriores de la Compa\u00f1\u00eda en Italia.<\/p>\n<\/p><\/div>\n<p><\/p>\n","protected":false},"excerpt":{"rendered":"<p>Mesina Primera colonia griega en Sicilia, Mesina fue fundada en el a\u00f1o 756 a.C. Ha pasado, a lo largo de los siglos, bajo la dominaci\u00f3n romana, bizantina, \u00e1rabe, normanda, sueva, angevina, aragonesa y espa\u00f1ola. La ciudad con el t\u00edtulo de capital del reino de Sicilia&hellip;<\/p>\n","protected":false},"author":1,"featured_media":0,"parent":6759,"menu_order":0,"comment_status":"closed","ping_status":"closed","template":"","meta":{"footnotes":""},"class_list":["post-7613","page","type-page","status-publish","hentry"],"_links":{"self":[{"href":"https:\/\/digitalhistory.unite.it\/en\/wp-json\/wp\/v2\/pages\/7613","targetHints":{"allow":["GET"]}}],"collection":[{"href":"https:\/\/digitalhistory.unite.it\/en\/wp-json\/wp\/v2\/pages"}],"about":[{"href":"https:\/\/digitalhistory.unite.it\/en\/wp-json\/wp\/v2\/types\/page"}],"author":[{"embeddable":true,"href":"https:\/\/digitalhistory.unite.it\/en\/wp-json\/wp\/v2\/users\/1"}],"replies":[{"embeddable":true,"href":"https:\/\/digitalhistory.unite.it\/en\/wp-json\/wp\/v2\/comments?post=7613"}],"version-history":[{"count":3,"href":"https:\/\/digitalhistory.unite.it\/en\/wp-json\/wp\/v2\/pages\/7613\/revisions"}],"predecessor-version":[{"id":10356,"href":"https:\/\/digitalhistory.unite.it\/en\/wp-json\/wp\/v2\/pages\/7613\/revisions\/10356"}],"up":[{"embeddable":true,"href":"https:\/\/digitalhistory.unite.it\/en\/wp-json\/wp\/v2\/pages\/6759"}],"wp:attachment":[{"href":"https:\/\/digitalhistory.unite.it\/en\/wp-json\/wp\/v2\/media?parent=7613"}],"curies":[{"name":"wp","href":"https:\/\/api.w.org\/{rel}","templated":true}]}}