{"id":7638,"date":"2021-08-19T22:04:45","date_gmt":"2021-08-19T20:04:45","guid":{"rendered":"https:\/\/digitalhistory.unite.it\/i-pasos-in-eta-barocca\/"},"modified":"2021-11-23T15:26:46","modified_gmt":"2021-11-23T14:26:46","slug":"i-pasos-in-eta-barocca","status":"publish","type":"page","link":"https:\/\/digitalhistory.unite.it\/en\/temi\/feste-e-rituali\/la-settimana-santa-di-siviglia\/i-pasos-della-settimana-santa-di-siviglia\/i-pasos-in-eta-barocca\/","title":{"rendered":"I Pasos in et\u00e0 barocca"},"content":{"rendered":"<h1>I Pasos in et\u00e0 barocca <\/h1>\n<div class=\"testo\">\n<p style=\"text-align: justify\">Nel corso del XVII secolo, molti artisti barocchi realizzarono splendidi <em>pasos<\/em>, in cui riprodussero il dramma della Passione con realismo e compostezza, solennit\u00e0 e dinamismo. I primi esemplari&nbsp;erano di piccole dimensioni, poich\u00e9 destinati ad accogliere statue gi\u00e0 esistenti e di ridotte dimensioni. Col passare del tempo, per\u00f2, si iniziarono a costruire <em>pasos<\/em> pi\u00f9 grandi e pi\u00f9 preziosi. All&#8217;inizio, ogni Confraternita possedeva due <em>pasos<\/em> simili: uno dedicato al Cristo, l&#8217;altro alla Madonna. A lungo andare, per\u00f2, lo spirito di competizione spinse alcuni sodalizi a rinnovare e diversificare le rispettive immagini processionali. A partire dalla fine del XVII secolo, ad esempio, si diffuse la tendenza a commissionare la costruzione di nuove statue della Madonna Addolorata e ad incorporarle in una tipologia particolare di <em>paso<\/em>, detto <em>palio<\/em>, dal nome dell&#8217;imponente baldacchino che le sovrastava. Durante l&#8217;et\u00e0 barocca, i <em>pasos<\/em> diventarono i protagonisti assoluti di un nuovo modo di celebrare i riti che precedevano la Resurrezione. In questo stesso periodo, per\u00f2, crebbe lo spirito di emulazione tra Confraternite, e gli scontri tra quest&#8217;ultime e il potere politico-ecclesiastico. Durante la Pasqua del 1649, la citt\u00e0 di Siviglia&nbsp;fu sconvolta dal flagello della peste: le Confraternite si ritrovarono a contemplare l&#8217;immagine vera e spietata della morte, proprio nei giorni in cui sarebbe dovuta andare in scena la sua pi\u00f9 solenne e collaudata simulazione.<\/p>\n<\/div>\n<p><\/p>\n","protected":false},"excerpt":{"rendered":"<p>I Pasos in et\u00e0 barocca Nel corso del XVII secolo, molti artisti barocchi realizzarono splendidi pasos, in cui riprodussero il dramma della Passione con realismo e compostezza, solennit\u00e0 e dinamismo. I primi esemplari&nbsp;erano di piccole dimensioni, poich\u00e9 destinati ad accogliere statue gi\u00e0 esistenti e di&hellip;<\/p>\n","protected":false},"author":1,"featured_media":0,"parent":7034,"menu_order":0,"comment_status":"closed","ping_status":"closed","template":"","meta":{"footnotes":""},"class_list":["post-7638","page","type-page","status-publish","hentry"],"_links":{"self":[{"href":"https:\/\/digitalhistory.unite.it\/en\/wp-json\/wp\/v2\/pages\/7638","targetHints":{"allow":["GET"]}}],"collection":[{"href":"https:\/\/digitalhistory.unite.it\/en\/wp-json\/wp\/v2\/pages"}],"about":[{"href":"https:\/\/digitalhistory.unite.it\/en\/wp-json\/wp\/v2\/types\/page"}],"author":[{"embeddable":true,"href":"https:\/\/digitalhistory.unite.it\/en\/wp-json\/wp\/v2\/users\/1"}],"replies":[{"embeddable":true,"href":"https:\/\/digitalhistory.unite.it\/en\/wp-json\/wp\/v2\/comments?post=7638"}],"version-history":[{"count":2,"href":"https:\/\/digitalhistory.unite.it\/en\/wp-json\/wp\/v2\/pages\/7638\/revisions"}],"predecessor-version":[{"id":10576,"href":"https:\/\/digitalhistory.unite.it\/en\/wp-json\/wp\/v2\/pages\/7638\/revisions\/10576"}],"up":[{"embeddable":true,"href":"https:\/\/digitalhistory.unite.it\/en\/wp-json\/wp\/v2\/pages\/7034"}],"wp:attachment":[{"href":"https:\/\/digitalhistory.unite.it\/en\/wp-json\/wp\/v2\/media?parent=7638"}],"curies":[{"name":"wp","href":"https:\/\/api.w.org\/{rel}","templated":true}]}}