{"id":5810,"date":"2021-08-20T00:02:28","date_gmt":"2021-08-19T22:02:28","guid":{"rendered":"https:\/\/digitalhistory.unite.it\/"},"modified":"2021-11-23T15:29:17","modified_gmt":"2021-11-23T14:29:17","slug":"the-route-of-baroque-presentacion","status":"publish","type":"page","link":"https:\/\/digitalhistory.unite.it\/es\/the-route-of-baroque-presentacion\/","title":{"rendered":"The Route of Baroque &#8211; Presentaci\u00f3n"},"content":{"rendered":"<h1>The Route of Baroque &#8211; Presentaci\u00f3n <\/h1>\n<div class=\"testo\">\n<p style=\"text-align: center\">El Camino del Barroco en la Italia &#8220;espa\u00f1ola&#8221; y en Espa\u00f1a<\/p>\n<p style=\"text-align: justify\">  La Italia espa\u00f1ola y Espa\u00f1a han sido verdaderos motores de la cultura barroca en Europa y en el mundo. Conocer y amar el testimonio del barroco es un paso fundamental hacia la protecci\u00f3n y valorizaci\u00f3n de esta parte importante del legado cultural europeo.<\/p>\n<p style=\"text-align: justify\">El grupo de investigadores de la Universit\u00e0 degli Studi di Teramo que participa en el proyecto Enbach (European Network for the Baroque Cultural Heritage) tiene come objetivo proponer al m\u00e1s amplio p\u00fablico de la web itinerarios de turismo cultural que contribuyan a la difusi\u00f3n del conocimiento de la Edad Barroca en sus m\u00faltiples aspectos.<\/p>\n<p>  Las \u00e1reas geogr\u00e1ficas cubiertas son:<\/p>\n<ul>\n<li style=\"text-align: justify\">los territorios que formaron la llamada Italiana &#8220;espa\u00f1ola&#8221;, el Estado de Mil\u00e1n, el Reino de N\u00e1poles, el Reino de Sicilia y el Reino de Cerde\u00f1a que fueron gobernadas durante todo el siglo XVII por los monarcas de la casa de Habsburgo de Espa\u00f1a. Estos territorios coinciden hoy, en l\u00edneas generales, con las actuales regiones de Lombard\u00eda, Abruzo, Molise, Basilicata, Pulla, Campania, Calabria, Sicilia y Cerde\u00f1a.<\/li>\n<li style=\"text-align: justify\">Espa\u00f1a, a su vez compuesta, en el siglo XVII, por el Reino de Castilla y el Reino de Arag\u00f3n.<\/li>\n<\/ul>\n<p style=\"text-align: justify\">Estas \u00e1reas ten\u00edan fuertes v\u00ednculos no s\u00f3lo pol\u00edticos, sino tambi\u00e9n culturales, religiosos, econ\u00f3micos y sociales en el contexto de la Monarqu\u00eda espa\u00f1ola, formando el conjunto de los dominios gobernados por los Habsburgo de Espa\u00f1a de 1555 a 1700.<br \/>\nSi bien manten\u00edan leyes y costumbres diferentes y sin conocer ning\u00fan tipo de unificaci\u00f3n pol\u00edtica, jur\u00eddica o administrativa, los reinos italianos y espa\u00f1oles de los Habsburgo ten\u00edan &#8211; adem\u00e1s de la dinast\u00eda gobernante &#8211; algunos elementos importantes en com\u00fan: una densa red de relaciones econ\u00f3micas y financieras, as\u00ed como una intensa circulaci\u00f3n de ideas y personas.<\/p>\n<p style=\"text-align: justify\">Sobre esto se centra el inter\u00e9s de los estudiosos de la Universit\u00e0 degli Studi di Teramo, a fin de proporcionar herramientas para conocer y apreciar un universo transnacional de la intensa vida art\u00edstica y cultural, que tantas huellas de s\u00ed mismo ha dejado ante nuestros ojos.<\/p>\n<p>Nuestro trabajo&nbsp;<\/p>\n<p style=\"text-align: justify\">El objetivo que nos hemos planteado es la realizaci\u00f3n de circuitos tur\u00edsticos relacionados con la cultura del Barroco entre Italia y Espa\u00f1a. El desaf\u00edo de este trabajo es tratar de crear un lugar de encuentro virtual entre la investigaci\u00f3n hist\u00f3rica y el turismo cultural, un lugar donde los estudiosos de diferentes disciplinas hist\u00f3ricas puedan poner sus conocimientos cient\u00edficos al servicio de un p\u00fablico m\u00e1s amplio.<br \/>\nNuestra ambici\u00f3n es la de romper la pared comunicativa que parece elevarse entre especialistas y aquellas personas con simple curiosidad. Queremos capacitar a cualquier persona que utilice la web para que se beneficie de nuestro trabajo, bajo la forma de textos, im\u00e1genes, pel\u00edculas, sonidos, etc.<br \/>\nNo queremos centrar la atenci\u00f3n de los usuarios y de todas las personas interesadas solamente acerca de los lugares y aspectos de la herencia barroca m\u00e1s conocidos, sino que tratamos de sacar a la luz aquellos &#8211; y son muchos &#8211; que son poco o nada conocidos por el vasto p\u00fablico.<br \/>\nEl circuito on-line de la &#8220;Ruta del Barroco&#8221; permitir\u00e1 poner a disposici\u00f3n el conocimiento esencial para descubrir y visitar las obras, edificios y objetos de arte que a\u00fan existen en la actualidad y que pueden ser visitados y vistos en Italia y Espa\u00f1a. Del mismo modo que permitir\u00e1 conocer las fiestas y tradiciones populares, la gastronom\u00eda y formas de vida que tuvieron sus or\u00edgenes en \u00e9poca barroca.<\/p>\n<p style=\"text-align: justify\">Esperamos que todas las personas que naveguen por la web puedan utilizar la informaci\u00f3n ofrecida para construir de forma aut\u00f3noma rutas de turismo cultural en Espa\u00f1a y en Italia.<\/p>\n<p><img decoding=\"async\" src=\"https:\/\/digitalhistory.unite.it\/wp-content\/uploads\/2021\/08\/unite.png\" width=\"500\" height=\"NaN\" alt=\"Unite\" style=\"margin-left: auto;margin-right: auto\"><\/p>\n<\/div>\n","protected":false},"excerpt":{"rendered":"<p>The Route of Baroque &#8211; Presentaci\u00f3n El Camino del Barroco en la Italia &#8220;espa\u00f1ola&#8221; y en Espa\u00f1a La Italia espa\u00f1ola y Espa\u00f1a han sido verdaderos motores de la cultura barroca en Europa y en el mundo. Conocer y amar el testimonio del barroco es un&hellip;<\/p>\n","protected":false},"author":1,"featured_media":0,"parent":0,"menu_order":0,"comment_status":"closed","ping_status":"closed","template":"","meta":{"footnotes":""},"class_list":["post-5810","page","type-page","status-publish","hentry"],"_links":{"self":[{"href":"https:\/\/digitalhistory.unite.it\/es\/wp-json\/wp\/v2\/pages\/5810","targetHints":{"allow":["GET"]}}],"collection":[{"href":"https:\/\/digitalhistory.unite.it\/es\/wp-json\/wp\/v2\/pages"}],"about":[{"href":"https:\/\/digitalhistory.unite.it\/es\/wp-json\/wp\/v2\/types\/page"}],"author":[{"embeddable":true,"href":"https:\/\/digitalhistory.unite.it\/es\/wp-json\/wp\/v2\/users\/1"}],"replies":[{"embeddable":true,"href":"https:\/\/digitalhistory.unite.it\/es\/wp-json\/wp\/v2\/comments?post=5810"}],"version-history":[{"count":3,"href":"https:\/\/digitalhistory.unite.it\/es\/wp-json\/wp\/v2\/pages\/5810\/revisions"}],"predecessor-version":[{"id":12195,"href":"https:\/\/digitalhistory.unite.it\/es\/wp-json\/wp\/v2\/pages\/5810\/revisions\/12195"}],"wp:attachment":[{"href":"https:\/\/digitalhistory.unite.it\/es\/wp-json\/wp\/v2\/media?parent=5810"}],"curies":[{"name":"wp","href":"https:\/\/api.w.org\/{rel}","templated":true}]}}