{"id":5837,"date":"2021-08-19T22:02:30","date_gmt":"2021-08-19T20:02:30","guid":{"rendered":"https:\/\/digitalhistory.unite.it\/la-settimana-santa-di-malaga\/"},"modified":"2021-11-23T15:26:45","modified_gmt":"2021-11-23T14:26:45","slug":"la-settimana-santa-di-malaga","status":"publish","type":"page","link":"https:\/\/digitalhistory.unite.it\/es\/temi\/feste-e-rituali\/la-settimana-santa-di-malaga\/","title":{"rendered":"La Settimana Santa di Malaga"},"content":{"rendered":"<h1>La Settimana Santa di Malaga <\/h1>\n<div class=\"testo\">\n<p style=\"text-align: justify\"><img loading=\"lazy\" decoding=\"async\" src=\"https:\/\/digitalhistory.unite.it\/wp-content\/uploads\/2021\/08\/3_nuestro_padre_jes_s_a_su_entrada_en_jerusal_n_251x163.jpg\" width=\"251\" height=\"163\" alt=\"Malaga3\" align=\"left\">La Cattedrale di <a href=\"\/temi\/feste-e-rituali\/la-settimana-santa-di-siviglia\/i-pasos-della-settimana-santa-di-siviglia\/malaga\/\"> Malaga<\/a> \u00e8 il punto di arrivo per tutte le <a href=\"\/temi\/feste-e-rituali\/la-settimana-santa-di-malaga\/le-congregazioni-della-settimana-santa-di-malaga\/\"> Congregazioni della Settimana Santa<\/a> che compiono una stazione penitenziale dalla chiesa di appartenenza (o dalla Casa della Confraternita) al centro cittadino e alla Cattedrale. L&#8217;<em>Agrupaci\u00f3n<\/em> <em>de Cofrad\u00edas<\/em> (l&#8217;organismo di coordinamento che dal 1921 riunisce le congregazioni malague\u00f1e) controlla in modo scrupoloso il rispetto del percorso e dei tempi assegnati a ciascun sodalizio. L&#8217;attuale Piazza della Costituzione, invece, \u00e8 il luogo deputato all&#8217;incontro tra il Cristo Risorto e la Madonna, che si svolge la Domenica di Pasqua.<\/p>\n<p style=\"text-align: justify\">La storia travagliata del patrimonio artistico malague\u00f1o, costellata di distruzioni e rimaneggiamenti, fa s\u00ec che oggi la maggior parte delle <em>Cofrad\u00edas<\/em> e dei <a href=\"\/temi\/feste-e-rituali\/la-settimana-santa-di-malaga\/i-tronos-della-settimana-santa-di-malaga\/\"> <em>tronos<\/em><\/a> risalgano al XX secolo e che spesso anche le associazioni penitenziali pi\u00f9 antiche posseggano dei fercoli novecenteschi. Sempre per gli stessi motivi, accade che alcune Confraternite nate nel XX secolo abbiano ereditato dei <em>tronos<\/em> risalenti al XVIII e XIX secolo. Nonostante le sciagure della storia, il fedele o il turista che assister\u00e0 alla <em>Semana Santa<\/em> di Malaga potr\u00e0 ancora ammirare la sfilata di antiche Confraternite (XVI-XVIII secolo), gelose custodi di statue costruite durante l&#8217;et\u00e0 barocca (XVII-XVIII secolo).<\/p>\n<p style=\"text-align: justify\">Ogni corteo \u00e8 aperto dalla <em>Cruz Gu\u00eda<\/em> (la <em>Croce Guida<\/em>), scortata da due confratelli con le lanterne. La sfilata dei <em>tronos<\/em> \u00e8 preceduta dal passaggio di tutte le altre insegne della Confraternita (lo stendardo, il gonfalone, il libro delle regole, le trombette) e dagli A<em>c\u00f3l\u00edtos<\/em>, coloro che portano i candelabri e gli incensieri. Uno spettacolo che ha davvero pochi eguali in Europa, che tiene col fiato sospeso una citt\u00e0 intera per pi\u00f9 di una settimana, commuove e ammalia migliaia di fedeli e turisti.<\/p>\n<ul>\n<li><a href=\"\/temi\/feste-e-rituali\/la-settimana-santa-di-malaga\/la-storia-della-settimana-santa-di-malaga\/\"> La storia della Settimana Santa di Malaga<\/a><\/li>\n<li><a href=\"\/temi\/feste-e-rituali\/la-settimana-santa-di-malaga\/i-tronos-della-settimana-santa-di-malaga\/\"> I <em>tronos<\/em> della Settimana Santa di Malaga<\/a><\/li>\n<\/ul>\n<p style=\"text-align: justify\"><a href=\"\/temi\/feste-e-rituali\/la-settimana-santa-di-siviglia\/\"> &lt;&lt;&lt;&#8212;pagina precedente<\/a>&nbsp;&nbsp; <a href=\"\/temi\/feste-e-rituali\/la-settimana-santa-di-valladolid\/\" title=\"La Settimana Santa di Valladolid\">pagina seguente&#8212;&gt;&gt;&gt;<\/a><\/p>\n<\/div>\n<p><\/p>\n","protected":false},"excerpt":{"rendered":"<p>La Settimana Santa di Malaga La Cattedrale di Malaga \u00e8 il punto di arrivo per tutte le Congregazioni della Settimana Santa che compiono una stazione penitenziale dalla chiesa di appartenenza (o dalla Casa della Confraternita) al centro cittadino e alla Cattedrale. L&#8217;Agrupaci\u00f3n de Cofrad\u00edas (l&#8217;organismo&hellip;<\/p>\n","protected":false},"author":1,"featured_media":0,"parent":5819,"menu_order":0,"comment_status":"closed","ping_status":"closed","template":"","meta":{"footnotes":""},"class_list":["post-5837","page","type-page","status-publish","hentry"],"_links":{"self":[{"href":"https:\/\/digitalhistory.unite.it\/es\/wp-json\/wp\/v2\/pages\/5837","targetHints":{"allow":["GET"]}}],"collection":[{"href":"https:\/\/digitalhistory.unite.it\/es\/wp-json\/wp\/v2\/pages"}],"about":[{"href":"https:\/\/digitalhistory.unite.it\/es\/wp-json\/wp\/v2\/types\/page"}],"author":[{"embeddable":true,"href":"https:\/\/digitalhistory.unite.it\/es\/wp-json\/wp\/v2\/users\/1"}],"replies":[{"embeddable":true,"href":"https:\/\/digitalhistory.unite.it\/es\/wp-json\/wp\/v2\/comments?post=5837"}],"version-history":[{"count":3,"href":"https:\/\/digitalhistory.unite.it\/es\/wp-json\/wp\/v2\/pages\/5837\/revisions"}],"predecessor-version":[{"id":10565,"href":"https:\/\/digitalhistory.unite.it\/es\/wp-json\/wp\/v2\/pages\/5837\/revisions\/10565"}],"up":[{"embeddable":true,"href":"https:\/\/digitalhistory.unite.it\/es\/wp-json\/wp\/v2\/pages\/5819"}],"wp:attachment":[{"href":"https:\/\/digitalhistory.unite.it\/es\/wp-json\/wp\/v2\/media?parent=5837"}],"curies":[{"name":"wp","href":"https:\/\/api.w.org\/{rel}","templated":true}]}}