{"id":5872,"date":"2021-08-20T00:02:34","date_gmt":"2021-08-19T22:02:34","guid":{"rendered":"https:\/\/digitalhistory.unite.it\/maricruz-medina-sanchez\/"},"modified":"2021-11-23T15:26:24","modified_gmt":"2021-11-23T14:26:24","slug":"maricruz-medina-sanchez","status":"publish","type":"page","link":"https:\/\/digitalhistory.unite.it\/es\/racconta-il-tuo-barocco\/maricruz-medina-sanchez\/","title":{"rendered":"Maricruz Medina S\u00e1nchez, La rejer\u00eda barroca. La reja de la Colegiata de San Isidro el Real (Madrid)"},"content":{"rendered":"<h1>Maricruz Medina S\u00e1nchez, La rejer\u00eda barroca. La reja de la Colegiata de San Isidro el Real (Madrid) <\/h1>\n<div class=\"testo\">\n<p style=\"text-align: justify\" class=\"Cuerpo\">Se conoce como rejer\u00eda el arte de construir rejas, estructuras de barrotes de madera o met\u00e1licos cuya funci\u00f3n es proteger un espacio. Este elemento de separaci\u00f3n se diferencia de una puerta o una pared en que permite el paso de la luz, del aire a trav\u00e9s de ella. Comienzan a fabricarse en el rom\u00e1nico, para proteger vanos de puertas y ventanas, y viven un gran desarrollo en el g\u00f3tico, con el surgimiento de las rejas lienzo; estructuras de gran tama\u00f1o que permit\u00edan cerrar espacios mucho mayores, como eran los coros o el altar mayor de las iglesias y catedrales, gracias a la mejora de la tecnolog\u00eda del hierro. En el renacimiento, la rejer\u00eda vive su m\u00e1ximo apogeo, ya que se generaliza el deseo de protecci\u00f3n de los tesoros en las iglesias. Es la \u00e9poca de grandes rejeros, como Juan Franc\u00e9s o Francisco de Villalpando, que no s\u00f3lo se sirven de la forma, para crear complejos elementos decorativos, sino tambi\u00e9n del color y otros metales para enriquecer la estructura de hierro. Ya, en \u00e9poca barroca, la falta de recursos econ\u00f3micos del pa\u00eds y la escasez de metales, se deja notar en general en todas las artes decorativas y tambi\u00e9n en la rejer\u00eda, cuya producci\u00f3n disminuye enormemente. Las rejas est\u00e1n elaboradas con hierro de peor calidad que en \u00e9pocas anteriores y son mucho m\u00e1s sencillas y sobrias, sin decoraci\u00f3n, aparte de alguna moldura geom\u00e9trica. Pr\u00e1cticamente todos los ejemplares son de tipo vano o puerta, y terminan en medio punto.<\/p>\n<p style=\"text-align: justify\" class=\"Cuerpo\"><img loading=\"lazy\" decoding=\"async\" src=\"https:\/\/digitalhistory.unite.it\/wp-content\/uploads\/2021\/08\/fachada_de_la_colegiata_de_san_isidro_el_real_226x339.jpg\" width=\"226\" height=\"339\" alt=\"Colegiata\" align=\"left\">Uno de los m\u00e1ximos exponentes de la rejer\u00eda barroca es el conjunto conservado en la fachada de la Colegiata de San Isidro, ubicada en el Madrid de los Austrias, en la calle Toledo. Fue la catedral de Madrid desde 1885 hasta 1993, a\u00f1o en que se abri\u00f3 La Almudena. Este edificio es uno de los m\u00e1s singulares del Madrid del siglo XVII; comenz\u00f3 a construirse en 1622 siguiendo el modelo del Ges\u00fa en Roma ya que inicialmente perteneci\u00f3 a la compa\u00f1\u00eda de Jes\u00fas. Ha tenido una historia algo convulsa relacionada con el cambio de propietarios, por la expulsi\u00f3n y readmisi\u00f3n de los jesuitas y, por otra parte, relacionada con las p\u00e9rdidas sufridas durante la guerra civil, cuando se perdi\u00f3 un gran n\u00famero de sus obras de arte, como ocurri\u00f3 con el retablo mayor. No obstante, entre las que s\u00ed se conservaron se cuentan las rejas barrocas situadas en la fachada de la iglesia, cerrando las tres puertas que dan acceso al p\u00f3rtico. De las tres rejas destaca la central, de mayor tama\u00f1o, que termina en un arco de medio punto y muestra el escudo imperial de Mar\u00eda de Austria, mientras las laterales cierran vanos m\u00e1s bajos y rectangulares.<\/p>\n<p style=\"text-align: justify\"><img loading=\"lazy\" decoding=\"async\" src=\"https:\/\/digitalhistory.unite.it\/wp-content\/uploads\/2021\/08\/reja_principal_de_la_colegiata_226x339.jpg\" width=\"226\" height=\"339\" alt=\"Cancello\" align=\"left\">Las rejas se caracterizan por su barrotaje cil\u00edndrico, t\u00edpico de esta \u00e9poca, poco ornamentado con molduras, muy sencillo, ordenado en dos cuerpos (divisi\u00f3n horizontal) y el z\u00f3calo (cuerpo inferior) y por una \u00fanica calle (divisi\u00f3n vertical). La reja central culmina con un \u00e1tico en forma de arco de medio punto en el que se combinan los barrotes con los rayos sencillos, que terminan en punta, dirigidos hacia el escudo. Siendo una reja caracter\u00edstica de su \u00e9poca, se trata de un ejemplar de muy buena calidad, que nos refleja el nivel econ\u00f3mico de los jesuitas a principios del siglo XVII. Y esa calidad se demuestra en que todav\u00eda hoy se conserva en buen estado (tiene mucha suciedad provocada por las condiciones medioambientales, especialmente por el tr\u00e1fico rodado y los excrementos de paloma, as\u00ed como por la escasez de mantenimiento). Con todo, esta reja sigue en pie, con casi cuatrocientos a\u00f1os de historia, cumpliendo discretamente con su cometido de proteger la Colegiata, como tantas obras de rejer\u00eda barroca que conserva Madrid y que todo el que quiera, puede visitar.<\/p>\n<\/div>\n<p><\/p>\n","protected":false},"excerpt":{"rendered":"<p>Maricruz Medina S\u00e1nchez, La rejer\u00eda barroca. La reja de la Colegiata de San Isidro el Real (Madrid) Se conoce como rejer\u00eda el arte de construir rejas, estructuras de barrotes de madera o met\u00e1licos cuya funci\u00f3n es proteger un espacio. Este elemento de separaci\u00f3n se diferencia&hellip;<\/p>\n","protected":false},"author":1,"featured_media":0,"parent":5808,"menu_order":0,"comment_status":"closed","ping_status":"closed","template":"","meta":{"footnotes":""},"class_list":["post-5872","page","type-page","status-publish","hentry"],"_links":{"self":[{"href":"https:\/\/digitalhistory.unite.it\/es\/wp-json\/wp\/v2\/pages\/5872","targetHints":{"allow":["GET"]}}],"collection":[{"href":"https:\/\/digitalhistory.unite.it\/es\/wp-json\/wp\/v2\/pages"}],"about":[{"href":"https:\/\/digitalhistory.unite.it\/es\/wp-json\/wp\/v2\/types\/page"}],"author":[{"embeddable":true,"href":"https:\/\/digitalhistory.unite.it\/es\/wp-json\/wp\/v2\/users\/1"}],"replies":[{"embeddable":true,"href":"https:\/\/digitalhistory.unite.it\/es\/wp-json\/wp\/v2\/comments?post=5872"}],"version-history":[{"count":3,"href":"https:\/\/digitalhistory.unite.it\/es\/wp-json\/wp\/v2\/pages\/5872\/revisions"}],"predecessor-version":[{"id":10345,"href":"https:\/\/digitalhistory.unite.it\/es\/wp-json\/wp\/v2\/pages\/5872\/revisions\/10345"}],"up":[{"embeddable":true,"href":"https:\/\/digitalhistory.unite.it\/es\/wp-json\/wp\/v2\/pages\/5808"}],"wp:attachment":[{"href":"https:\/\/digitalhistory.unite.it\/es\/wp-json\/wp\/v2\/media?parent=5872"}],"curies":[{"name":"wp","href":"https:\/\/api.w.org\/{rel}","templated":true}]}}