{"id":5874,"date":"2021-08-20T00:02:34","date_gmt":"2021-08-19T22:02:34","guid":{"rendered":"https:\/\/digitalhistory.unite.it\/giuseppina-palmenta\/"},"modified":"2021-11-23T15:26:23","modified_gmt":"2021-11-23T14:26:23","slug":"giuseppina-palmenta","status":"publish","type":"page","link":"https:\/\/digitalhistory.unite.it\/es\/racconta-il-tuo-barocco\/giuseppina-palmenta\/","title":{"rendered":"Giuseppina Palmenta, La Cappella del Santissimo Sacramento nel Duomo di Reggio Calabria"},"content":{"rendered":"<h1>Giuseppina Palmenta, La Cappella del Santissimo Sacramento nel Duomo di Reggio Calabria <\/h1>\n<div class=\"testo\">\n<p style=\"text-align: justify\"><img loading=\"lazy\" decoding=\"async\" src=\"https:\/\/digitalhistory.unite.it\/wp-content\/uploads\/2021\/08\/55649_reggio_calabria_il_duomo_di_reggio_calabria_252x173.jpg\" width=\"252\" height=\"173\" alt=\"Palmenta 1\" align=\"left\">Presentare un luogo capace di poter raccontare il mio Barocco, \u00e8 stato per me cosa facile. Il luogo prescelto \u00e8 la cappella del Santissimo Sacramento, realizzata nel 1539 per volere del vescovo Agostino Gonzaga. Inizialmente dedicata alla Santissima Trinit\u00e0, fu successivamente convertita in &#8220;Congregazione del Santissimo Sacramento&#8221; nel 1548. La storia della Cattedrale (foto) e della cappella si intrecciano con quella della Citt\u00e0. Durante le invasioni dei Turchi del 1552 e del 1574 non fu risparmiata dagli incendi e dai saccheggi che colpirono duramente Reggio Calabria. L&#8217;intera Cattedrale sub\u00ec un&#8217;opera di ricostruzione dai vescovi che si sono succeduti tra il 1599 e il 1642. Nel 1655, i Rettori della Cappella affidarono al maestro scalpellino messinese Placido Brandamonte l&#8217;opera di abbellimento. L&#8217;opera fu terminata nell&#8217;agosto del 1655, durante il vescovado dello spagnolo Ibanez de Villanueva (1675-1695), che restaur\u00f2 la Cattedrale con forme barocche. Verso la fine del Settecento, essa era la pi\u00f9 bella cappella della grande cattedrale latina, d&#8217;origine normanna.<\/p>\n<p style=\"text-align: justify\">  <img loading=\"lazy\" decoding=\"async\" src=\"https:\/\/digitalhistory.unite.it\/wp-content\/uploads\/2021\/08\/altare_226x301.jpg\" width=\"226\" height=\"301\" alt=\"Palmenta 2\" align=\"left\">Il gusto barocco si avverte appena si varca la soglia. Ci si sente quasi avvolti dalla magnificenza dei marmi policromi che rivestono le pareti. La pala d&#8217;altare \u00e8 del pittore messinese Domenico Marol\u00ec e rappresenta &#8220;Il sacrificio di Melchisedech&#8221; &#8211; prefigurazione del sacrificio eucaristico. Come si diceva prima, del maestro messinese Placido Brandamonte \u00e8 la decorazione marmorea a tarsie, realizzata con molte variet\u00e0 di marmi a &#8220;mosaico fiorentino&#8221;, intarsi policromi damascati, che rivestono tutte le pareti con un effetto notevole. La decorazione inizia su un alto zoccolo di marmo rosso, e presenta nella parte inferiore grandi volute di racemi fioriti e uccelli, mentre nelle zone superiori, sulle lesene e sui pilastri angolari si impreziosisce di motivi pi\u00f9 piccoli e pi\u00f9 fitti. I motivi di tarsie policrome sono ripresi sulla balaustra a colonnine di marmo rosso che circonda su tre lati l&#8217;altare, e in una bordura che corre superiormente tutt&#8217;intorno, stretta fra un&#8217;alta fascia con putti reggifestoni e motivi fitomorfi su fondo scuro e l&#8217;importante cornice bianca terminale con ovali, dentelli e rosoni, che si ritrovano nel maestoso frontone spezzato. Le complesse tarsie figurate cedono a movenze geometrizzanti anteriori al resto della decorazione, in corrispondenza dell&#8217;altare, la cui struttura ricorda il robusto barocco romano. E&#8217; sormontato da quattro grandi e pregiate colonne monolitiche di portoro nero venato di giallo, che delimitano il quadro del pittore messinese Domenico Marol\u00ec. E&#8217; poggiato su quattro gradini ed \u00e8 cinto da una balaustrata.<\/p>\n<p style=\"text-align: justify\"><img loading=\"lazy\" decoding=\"async\" src=\"https:\/\/digitalhistory.unite.it\/wp-content\/uploads\/2021\/08\/paretedxat_226x301.jpg\" width=\"226\" height=\"301\" alt=\"Palmenta 3\" align=\"left\">Gli elementi decorativi sono di due tipi: uno con volute ed elementi fitomorfi, i quali spesso si intrecciano come nei laterali dell&#8217;altare, ai quali si devono pure aggiungere i cartigli, ed un altro di tipo simbolico costituito da elementi decorativi legati al significato eucaristico. Tralci d&#8217;uva si intrecciano alle volute dei cartigli lasciando pendere voluminosi grappoli d&#8217;uva, mentre tratti di lauro si sviluppano ai lati delle testine con significato in questo caso legato all&#8217;immortalit\u00e0. Successivi interventi di decorazione della Cappella si dovettero attuare tra la fine del Seicento e la prima met\u00e0 del Settecento. Il monumento fu gravemente colpito dai sismi che distrussero la citt\u00e0 di Reggio, quello del 1783 e quello del 1908. Il terremoto del 1783 inferse un duro colpo alla struttura architettonica nonch\u00e9 alla decorazione, che, venne ristrutturata, ma soprattutto ridecorata dal pittore messinese Domenico Giordano, decorazione pittorica oggi non pi\u00f9 esistente. Dopo il terremoto del 1908 la sorte della singola cappella segue quella dell&#8217;intera Cattedrale reggina: viene infatti demolita tutta la parte muraria lesionata e ricomposta accanto alla nuova basilica, attraverso un paziente recupero di tutto l&#8217;apparato decorativo marmoreo e degli oggetti mobili. Infine, durante la seconda guerra mondiale, l&#8217;opera doveva subire un nuovo insulto a causa della caduta al suo interno di uno spezzone incendiario, per cui venne sottoposta ad un ennesimo restauro, conclusosi nel 1965. Di rilevante interesse era la parte superiore della cona, sulla quale erano collocati, sui rispettivi timpani, due angeli sostenenti simboli mariani e delle palme. Altri due piccoli angeli reggiscudo poggiavano su piedistalli nella trabeazione retrostante. Al centro stava l&#8217;edicola contenuta fra i due timpani spezzati che perse la maggior parte del rivestimento decorativo con le scosse telluriche, entro la cui nicchia era ospitata la statua dell&#8217;Immacolata, al posto della quale oggi \u00e8 stata ricavata una finestra. Sulla parete di controfacciata erano le allegorie dipinte della Religione e della Fortezza. Si intravede sulla parete di ingresso la cantoria, anch&#8217;essa dipinta con delicati motivi neoclassici e con angeli recanti cartigli. Tali interventi sono stati riconnessi a Giordano, il quale avrebbe eseguito gli affreschi della cupola. La cappella del Ss Sacramento potrebbe bastare per riassumere nella sua storia tutta una vicenda culturale calabrese tragica, legata al susseguirsi dei terromoti che hanno depauperato il patrimonio artistico regionale e quello della provincia reggina in particolare.<\/p>\n<\/div>\n<p><\/p>\n","protected":false},"excerpt":{"rendered":"<p>Giuseppina Palmenta, La Cappella del Santissimo Sacramento nel Duomo di Reggio Calabria Presentare un luogo capace di poter raccontare il mio Barocco, \u00e8 stato per me cosa facile. Il luogo prescelto \u00e8 la cappella del Santissimo Sacramento, realizzata nel 1539 per volere del vescovo Agostino&hellip;<\/p>\n","protected":false},"author":1,"featured_media":0,"parent":5808,"menu_order":0,"comment_status":"closed","ping_status":"closed","template":"","meta":{"footnotes":""},"class_list":["post-5874","page","type-page","status-publish","hentry"],"_links":{"self":[{"href":"https:\/\/digitalhistory.unite.it\/es\/wp-json\/wp\/v2\/pages\/5874","targetHints":{"allow":["GET"]}}],"collection":[{"href":"https:\/\/digitalhistory.unite.it\/es\/wp-json\/wp\/v2\/pages"}],"about":[{"href":"https:\/\/digitalhistory.unite.it\/es\/wp-json\/wp\/v2\/types\/page"}],"author":[{"embeddable":true,"href":"https:\/\/digitalhistory.unite.it\/es\/wp-json\/wp\/v2\/users\/1"}],"replies":[{"embeddable":true,"href":"https:\/\/digitalhistory.unite.it\/es\/wp-json\/wp\/v2\/comments?post=5874"}],"version-history":[{"count":3,"href":"https:\/\/digitalhistory.unite.it\/es\/wp-json\/wp\/v2\/pages\/5874\/revisions"}],"predecessor-version":[{"id":10336,"href":"https:\/\/digitalhistory.unite.it\/es\/wp-json\/wp\/v2\/pages\/5874\/revisions\/10336"}],"up":[{"embeddable":true,"href":"https:\/\/digitalhistory.unite.it\/es\/wp-json\/wp\/v2\/pages\/5808"}],"wp:attachment":[{"href":"https:\/\/digitalhistory.unite.it\/es\/wp-json\/wp\/v2\/media?parent=5874"}],"curies":[{"name":"wp","href":"https:\/\/api.w.org\/{rel}","templated":true}]}}