{"id":5883,"date":"2021-08-20T00:02:35","date_gmt":"2021-08-19T22:02:35","guid":{"rendered":"https:\/\/digitalhistory.unite.it\/maria-turegano\/"},"modified":"2021-11-23T15:26:24","modified_gmt":"2021-11-23T14:26:24","slug":"maria-turegano","status":"publish","type":"page","link":"https:\/\/digitalhistory.unite.it\/es\/racconta-il-tuo-barocco\/maria-turegano\/","title":{"rendered":"Mar\u00eda Tur\u00e9gano, L&#8217;opera di Vincenzo Carducci"},"content":{"rendered":"<h1>Mar\u00eda Tur\u00e9gano, L&#8217;opera di Vincenzo Carducci <\/h1>\n<div class=\"testo\">\n<p style=\"text-align: justify\"><img loading=\"lazy\" decoding=\"async\" src=\"https:\/\/digitalhistory.unite.it\/wp-content\/uploads\/2021\/08\/vicente_carducho__by_vicente_carducho_250x304.jpg\" width=\"250\" height=\"304\" alt=\"Vincenzo Carducci\" align=\"left\">Per raccontare &#8220;il mio Barocco&#8221; ho scelto un pittore italiano che ha lavorato tutta la sua vita in Spagna; una figura che ci consente di metter in relazione i due Paesi durante il primo terzo del Seicento.<br \/>  Il pittore in questione \u00e8 Vincenzo Carducci (immagine). Nato a Firenze nel 1576\/78, parte ancora ragazzino per la Spagna con suo fratello Bartolomeo, pittore italiano di affreschi e di grandi <em>retablos<\/em>, che era stato chiamato alla Corte di Filippo II per lavorare a San Lorenzo del Escorial. Vincenzo si forma alla scuola del fratello maggiore, e nel 1609, quando Bartolomeo muore, lo sostituisce come pittore di corte, ottenendo il titolo di <em>pintor del rey<\/em> (di Filippo III e poi di Filippo IV).<br \/>  Carducci rappresenta la Scuola Barocca madrilena del primo terzo del XVII secolo. Questa scuola, che risulta esser molto influenzata dalla pittura italiana, appartiene alla corrente del Naturalismo, propria di questo periodo.<br \/>  Vincenzo lavora anche al servizio del duca di Lerma a Valladolid.<br \/>  Tra le sue opere spiccano:<\/p>\n<ul>\n<li>Il retablo <em>Predicaci\u00f3n de San Juan Bautista<\/em>, del Monasterio de San Francisco a Madrid;<\/li>\n<li>il retablo del Monasterio di Guadalupe, C\u00e1ceres;<\/li>\n<li>il retablo di Algete (distrutto nel 1936);<\/li>\n<li>il retablo di S. Ildefonso di Braojos (Madrid);<\/li>\n<li>il retablo di S. Antonio dei Portoghesi (Madrid);<\/li>\n<li>il retablo di S. Barbara per i mercedari scalzi (Madrid);<\/li>\n<li>retablo maggiore del Real Monasterio de la Encarnaci\u00f3n, Madrid;<\/li>\n<li><em>La victoria de Fleurus<\/em>, <em>La expugnaci\u00f3n de Rheinfelden<\/em> e <em>El socorro de la plaza de Constanza<\/em>, nel Palacio del Buen Retiro (Madrid).<\/li>\n<\/ul>\n<p style=\"text-align: justify\">Ma l&#8217;opera pi\u00f9 importante viene realizzata tra 1626 e 1632, su incarico del Priore Juan de Baeza, dell&#8217;ordine certosino del Monastero di El Paular (Madrid). Si tratta di una serie di 56 grandi quadri realizzati per esser collocati nel chiostro della Certosa Reale di Santa Mar\u00eda de El Paular. Tale monastero, che fu costruito in varie fasi tra il XI-XVI secolo, si trova vicino ad un paesino chiamato Rascafria, situato nella Valle di Lozoya, nella Sierra di Guadarrama, tra Madrid e Segovia. Oggi il monastero ospita un piccolo gruppo di monaci dell&#8217;ordine benedettino.<br \/>  Queste opere raccontano la vita del fondatore dell&#8217;ordine certosino, San Bruno di Colonia, e la storia dell&#8217;ordine stesso. Dopo la <em>desamortizaci\u00f3n<\/em> del 1835 i dipinti furono staccati e ripartiti tra vari musei e istituzioni spagnole, come ad esempio il Museo del Prado che ne conservava 17. Durante la Guerra Civile due dei cinquantasei quadri furono bruciati a Tortosa (Tarragona). Dopo nove anni di lavoro, grazie all&#8217;impegno dello studioso tedesco Werner Beutler e alla decisione dei responsabili del Museo del Prado, sono giunti a termine i restauri della serie completa dei quadri del Carducci. Inoltre, nel 2011 sono terminati anche i lavori di restauro e climatizzazione del chiostro del monastero. I dipinti sono stati cos\u00ec tutti riposti nel loro sito originario.<br \/>  Sempre nello stesso monastero si trovano altre due opere barocche, databili al XVIII secolo, e sono: l&#8217;altare di Churriguera, nella <em>Sala Capitular<\/em>; e il tabernacolo di Francisco Hurtado Izquierdola, nella <em>capilla del Sagrario<\/em>. In entrambe le sale si conservano inoltre alcune statue di diversi santi, come Santa Caterina, Sant&#8217;Agata, San Giovanni, Santa Lucia, e santi certosini, come San Bruno di Colonia, o Sant&#8217;Ugo da Lincoln. La maggior parte di esse sono attribuite a Pedro Duque y Cornejo (1677-1757).<\/p>\n<\/div>\n<p><\/p>\n","protected":false},"excerpt":{"rendered":"<p>Mar\u00eda Tur\u00e9gano, L&#8217;opera di Vincenzo Carducci Per raccontare &#8220;il mio Barocco&#8221; ho scelto un pittore italiano che ha lavorato tutta la sua vita in Spagna; una figura che ci consente di metter in relazione i due Paesi durante il primo terzo del Seicento. Il pittore&hellip;<\/p>\n","protected":false},"author":1,"featured_media":0,"parent":5808,"menu_order":0,"comment_status":"closed","ping_status":"closed","template":"","meta":{"footnotes":""},"class_list":["post-5883","page","type-page","status-publish","hentry"],"_links":{"self":[{"href":"https:\/\/digitalhistory.unite.it\/es\/wp-json\/wp\/v2\/pages\/5883","targetHints":{"allow":["GET"]}}],"collection":[{"href":"https:\/\/digitalhistory.unite.it\/es\/wp-json\/wp\/v2\/pages"}],"about":[{"href":"https:\/\/digitalhistory.unite.it\/es\/wp-json\/wp\/v2\/types\/page"}],"author":[{"embeddable":true,"href":"https:\/\/digitalhistory.unite.it\/es\/wp-json\/wp\/v2\/users\/1"}],"replies":[{"embeddable":true,"href":"https:\/\/digitalhistory.unite.it\/es\/wp-json\/wp\/v2\/comments?post=5883"}],"version-history":[{"count":3,"href":"https:\/\/digitalhistory.unite.it\/es\/wp-json\/wp\/v2\/pages\/5883\/revisions"}],"predecessor-version":[{"id":10344,"href":"https:\/\/digitalhistory.unite.it\/es\/wp-json\/wp\/v2\/pages\/5883\/revisions\/10344"}],"up":[{"embeddable":true,"href":"https:\/\/digitalhistory.unite.it\/es\/wp-json\/wp\/v2\/pages\/5808"}],"wp:attachment":[{"href":"https:\/\/digitalhistory.unite.it\/es\/wp-json\/wp\/v2\/media?parent=5883"}],"curies":[{"name":"wp","href":"https:\/\/api.w.org\/{rel}","templated":true}]}}