{"id":5908,"date":"2021-08-20T00:02:37","date_gmt":"2021-08-19T22:02:37","guid":{"rendered":"https:\/\/digitalhistory.unite.it\/territorios\/"},"modified":"2021-11-23T15:28:55","modified_gmt":"2021-11-23T14:28:55","slug":"territorios","status":"publish","type":"page","link":"https:\/\/digitalhistory.unite.it\/es\/territorios\/","title":{"rendered":"Territorios"},"content":{"rendered":"<h1>Territorios <\/h1>\n<div class=\"testo\">\n<p style=\"text-align: justify\">[english version]&nbsp;&nbsp; [<a href=\"\/territori\/\" title=\"Territori\">italian version<\/a>]<\/p>\n<p style=\"text-align: justify\">La secci\u00f3n &#8220;Territorios&#8221; ofrece la posibilidad de conocer numerosos aspectos del legado cultural del Barroco entre la Italia &#8220;espa\u00f1ola&#8221; y Espa\u00f1a.<\/p>\n<p style=\"text-align: justify\">Los circuitos tur\u00edsticos se dividen seg\u00fan el radio territorial de inter\u00e9s:<\/p>\n<ul>\n<li style=\"text-align: justify\">las ciudades y los pueblos son analizados en los &#8220;itinerarios urbanos&#8221;;<\/li>\n<li style=\"text-align: justify\">las \u00e1reas geogr\u00e1ficas m\u00e1s amplias en los &#8220;itinerarios regionales&#8221;;<\/li>\n<li style=\"text-align: justify\">los circuitos de extenso radio que van de Italia a Espa\u00f1a en los &#8220;itinerarios transnacionales&#8221;.<\/li>\n<\/ul><\/div>\n<p><\/p>\n","protected":false},"excerpt":{"rendered":"<p>Territorios [english version]&nbsp;&nbsp; [italian version] La secci\u00f3n &#8220;Territorios&#8221; ofrece la posibilidad de conocer numerosos aspectos del legado cultural del Barroco entre la Italia &#8220;espa\u00f1ola&#8221; y Espa\u00f1a. Los circuitos tur\u00edsticos se dividen seg\u00fan el radio territorial de inter\u00e9s: las ciudades y los pueblos son analizados en&hellip;<\/p>\n","protected":false},"author":1,"featured_media":0,"parent":0,"menu_order":0,"comment_status":"closed","ping_status":"closed","template":"","meta":{"footnotes":""},"class_list":["post-5908","page","type-page","status-publish","hentry"],"_links":{"self":[{"href":"https:\/\/digitalhistory.unite.it\/es\/wp-json\/wp\/v2\/pages\/5908","targetHints":{"allow":["GET"]}}],"collection":[{"href":"https:\/\/digitalhistory.unite.it\/es\/wp-json\/wp\/v2\/pages"}],"about":[{"href":"https:\/\/digitalhistory.unite.it\/es\/wp-json\/wp\/v2\/types\/page"}],"author":[{"embeddable":true,"href":"https:\/\/digitalhistory.unite.it\/es\/wp-json\/wp\/v2\/users\/1"}],"replies":[{"embeddable":true,"href":"https:\/\/digitalhistory.unite.it\/es\/wp-json\/wp\/v2\/comments?post=5908"}],"version-history":[{"count":2,"href":"https:\/\/digitalhistory.unite.it\/es\/wp-json\/wp\/v2\/pages\/5908\/revisions"}],"predecessor-version":[{"id":11965,"href":"https:\/\/digitalhistory.unite.it\/es\/wp-json\/wp\/v2\/pages\/5908\/revisions\/11965"}],"wp:attachment":[{"href":"https:\/\/digitalhistory.unite.it\/es\/wp-json\/wp\/v2\/media?parent=5908"}],"curies":[{"name":"wp","href":"https:\/\/api.w.org\/{rel}","templated":true}]}}