{"id":5909,"date":"2021-08-20T00:02:37","date_gmt":"2021-08-19T22:02:37","guid":{"rendered":"https:\/\/digitalhistory.unite.it\/itinerarios-urbanos\/"},"modified":"2021-11-23T15:29:07","modified_gmt":"2021-11-23T14:29:07","slug":"itinerarios-urbanos","status":"publish","type":"page","link":"https:\/\/digitalhistory.unite.it\/es\/territorios\/itinerarios-urbanos\/","title":{"rendered":"Itinerarios urbanos"},"content":{"rendered":"<h1>Itinerarios urbanos <\/h1>\n<div class=\"testo\">\n<h2>Lecce, la ciudad s\u00edmbolo del Barocco<\/h2>\n<ul>\n<li style=\"text-align: justify\"><a href=\"\/es\/territorios\/itinerarios-urbanos\/lecce\/plaza-de-san-oronzo\/\" title=\"Plaza de San Oronzo\">Plaza de San Oronzo y el poder del obispo Luigi Pappacoda<\/a><\/li>\n<li style=\"text-align: justify\"><a href=\"\/es\/territorios\/itinerarios-urbanos\/lecce\/duomo\/\" title=\"Duomo\">El <em>Duomo<\/em> y la transformaci\u00f3n urban\u00edstica proyectada por Pappacoda<\/a><\/li>\n<li style=\"text-align: justify\"><a href=\"\/es\/territorios\/itinerarios-urbanos\/lecce\/zimbalo\/\" title=\"Zimbalo\">Giuseppe Zimbalo: Bas\u00edlica di Santa Croce, Palacio de los Celestinos, Iglesia del Rosario<\/a><\/li>\n<li style=\"text-align: justify\"><a href=\"\/es\/territorios\/itinerarios-urbanos\/lecce\/seminario\/\" title=\"Seminario\">El seminario y la ciudad despu\u00e9s de Pappacoda<\/a><\/li>\n<li style=\"text-align: justify\"><a href=\"\/es\/territorios\/itinerarios-urbanos\/lecce\/cino\/\" title=\"Cino\">Giuseppe Cino: Palacio de los Celestinos, Iglesia del Carmen, Iglesia de Santa Chiara<\/a><\/li>\n<li style=\"text-align: justify\"><a href=\"\/es\/territorios\/itinerarios-urbanos\/lecce\/otros-restos\/\" title=\"Otros restos\">Otros restos de la Lecce barroca<\/a><\/li>\n<\/ul>\n<h2>Alcal\u00e1 de Henares y las huellas de un barroco jesu\u00edtico<\/h2>\n<ul>\n<li>\n<div style=\"text-align: justify\"><a href=\"\/es\/territorios\/itinerarios-urbanos\/alcala\/alcala-de-henares\/\" title=\"Alcal\u00e1 de Henares\">Alcal\u00e1 de Henares, ciudad cisneriana, cervantina y jesu\u00edtica<\/a><\/div>\n<\/li>\n<li>\n<div style=\"text-align: justify\"><a href=\"\/es\/territorios\/itinerarios-urbanos\/alcala\/ignacio-de-loyola\/\" title=\"Ignacio de Loyola\">Ignacio de Loyola y su legado en el Hospital de Antezana<\/a><\/div>\n<\/li>\n<li>\n<div style=\"text-align: justify\"><a href=\"\/es\/territorios\/itinerarios-urbanos\/alcala\/ermita\/\" title=\"Ermita\">La Ermita del Cristo de los Doctrinos sobre los cimientos del antiguo colegio jesuita<\/a><\/div>\n<\/li>\n<li>\n<div style=\"text-align: justify\"><a href=\"\/es\/territorios\/itinerarios-urbanos\/alcala\/colegio-maximo\/\" title=\"Colegio M\u00e1ximo\">El Colegio M\u00e1ximo de la Compa\u00f1\u00eda en Alcal\u00e1: un centro de estudios de referencia en el s. XVII<\/a><\/div>\n<\/li>\n<li>\n<div style=\"text-align: justify\"><a href=\"\/es\/territorios\/itinerarios-urbanos\/alcala\/iglesia\/\" title=\"Iglesia\">La Iglesia de los Jesuitas: a imagen y semejanza del Ges\u00f9 de Roma<\/a><\/div>\n<\/li>\n<li>\n<div style=\"text-align: justify\"><a href=\"\/es\/territorios\/itinerarios-urbanos\/alcala\/universidad-complutense\/\" title=\"Universidad Complutense\">Jesuitas en la Universidad Complutense de Alcal\u00e1 de Henares<\/a><\/div>\n<\/li>\n<\/ul>\n<h2>N\u00e1poles y el cardinal Ascanio Filomarino<\/h2>\n<ul>\n<li><a href=\"\/es\/territorios\/itinerarios-urbanos\/napoles-y-el-cardinal-ascanio-filomarino\/un-ambicioso-prelado\/\" title=\"Un ambicioso prelado\">Un ambicioso prelado y su pasi\u00f3n por el arte<\/a><\/li>\n<li><a href=\"\/es\/territorios\/itinerarios-urbanos\/napoles-y-el-cardinal-ascanio-filomarino\/el-cardenal-en-napoles-palacio-filomarino\/\" title=\"El cardenal en N\u00e1poles: Palacio Filomarino\">El cardenal en N\u00e1poles: Palacio Filomarino<\/a><\/li>\n<li><a href=\"\/es\/territorios\/itinerarios-urbanos\/napoles-y-el-cardinal-ascanio-filomarino\/el-palacio-arzobispal-y-la-catedral\/\" title=\"El Palacio arzobispal y la Catedral\">El Palacio arzobispal y la Catedral<\/a><\/li>\n<li><a href=\"\/es\/territorios\/itinerarios-urbanos\/napoles-y-el-cardinal-ascanio-filomarino\/filomarino-y-la-revuelta-de-masaniello\/\" title=\"Filomarino y la revuelta de Masaniello\">Filomarino y la revuelta de Masaniello<\/a><\/li>\n<li><a href=\"\/es\/territorios\/itinerarios-urbanos\/napoles-y-el-cardinal-ascanio-filomarino\/el-palacio-real\/\" title=\"El Palacio Real\">El Palacio Real<\/a><\/li>\n<li><a href=\"\/es\/territorios\/itinerarios-urbanos\/napoles-y-el-cardinal-ascanio-filomarino\/la-basilica-del-carmen-mayor\/\" title=\"La Bas\u00edlica del Carmen Mayor\">La Bas\u00edlica del Carmen Mayor<\/a><\/li>\n<li><a href=\"\/es\/territorios\/itinerarios-urbanos\/napoles-y-el-cardinal-ascanio-filomarino\/la-iglesia-de-los-santos-apostoles-y-la-capilla-filomarino\/\" title=\"La Iglesia de los Santos Ap\u00f3stoles y la capilla Filomarino\">La Iglesia de los Santos Ap\u00f3stoles y la capilla Filomarino<\/a><\/li>\n<\/ul>\n<h2>El Museo Nacional de Escultura de Valladolid<\/h2>\n<ul>\n<li style=\"text-align: justify\"><a href=\"\/es\/territorios\/itinerarios-urbanos\/museo-nacional-de-escultura-de-valladolid\/un-museo-centenario\/\" title=\"Un museo centenario\">Un museo centenario<\/a><\/li>\n<li style=\"text-align: justify\"><a href=\"\/es\/territorios\/itinerarios-urbanos\/museo-nacional-de-escultura-de-valladolid\/el-colegio-de-san-gregorio\/\" title=\"El Colegio de San Gregorio\">Las colecciones de escultura. El Colegio de San Gregorio y la Edad de Oro de la escultura espa\u00f1ola<\/a><\/li>\n<li style=\"text-align: justify\"><a href=\"\/es\/territorios\/itinerarios-urbanos\/museo-nacional-de-escultura-de-valladolid\/el-cristo-yacente-de-gregorio-fernandez\/\" title=\"El Cristo yacente de Gregorio Fern\u00e1ndez\">El &#8220;Cristo yacente&#8221; de Gregorio Fern\u00e1ndez<\/a><\/li>\n<li style=\"text-align: justify\"><a href=\"\/es\/territorios\/itinerarios-urbanos\/museo-nacional-de-escultura-de-valladolid\/la-magdalena-de-pedro-de-mena\/\" title=\"La Magdalena de Pedro de Mena\">La &#8220;Magdalena&#8221; de Pedro de Mena<\/a>&nbsp;<\/li>\n<li style=\"text-align: justify\"><a href=\"\/es\/territorios\/itinerarios-urbanos\/museo-nacional-de-escultura-de-valladolid\/santa-teresa-de-jesus-de-gregorio-fernandez\/\" title=\"Santa Teresa de Jes\u00fas de Gregorio Fern\u00e1ndez\">La &#8220;Santa Teresa de Jes\u00fas&#8221; de Gregorio Fern\u00e1ndez<\/a><\/li>\n<li style=\"text-align: justify\"><a href=\"\/es\/territorios\/itinerarios-urbanos\/museo-nacional-de-escultura-de-valladolid\/la-elevacion-de-la-cruz-de-francisco-del-rincon\/\" title=\"La Elevaci\u00f3n de la Cruz de Francisco del Rinc\u00f3n\">&#8220;La Elevaci\u00f3n de la Cruz&#8221; de Francisco del Rinc\u00f3n<\/a><\/li>\n<li style=\"text-align: justify\"><a href=\"\/es\/territorios\/itinerarios-urbanos\/museo-nacional-de-escultura-de-valladolid\/alegoria-de-la-virgen-inmaculada-di-juan-de-roelas\/\" title=\"Alegor\u00eda de la Virgen Inmaculada di Juan de Roelas\">La &#8220;Alegor\u00eda de la Virgen Inmaculada&#8221; de Juan de Roelas<\/a><\/li>\n<\/ul>\n<h2>Cosimo Fanzago y la N\u00e1poles barroca<\/h2>\n<ul>\n<li><a href=\"\/es\/territorios\/itinerarios-urbanos\/cosimo-fanzago\/napoles-y-las-obras-de-su-juventud\/\" title=\"N\u00e1poles y las obras de su juventud\">N\u00e1poles y las obras de su juventud<\/a><\/li>\n<li><a href=\"\/es\/territorios\/itinerarios-urbanos\/cosimo-fanzago\/la-cartuja-de-san-martin\/\" title=\"La Cartuja de San Mart\u00edn\">La Cartuja de San Mart\u00edn<\/a><\/li>\n<li><a href=\"\/es\/territorios\/itinerarios-urbanos\/cosimo-fanzago\/los-palacios\/\" title=\"Los Palacios\">Los Palacios<\/a><\/li>\n<li><a href=\"\/es\/territorios\/itinerarios-urbanos\/cosimo-fanzago\/las-iglesias-de-napoles-y-algunos-simbolos-de-la-ciudad\/\" title=\"Las Iglesias de N\u00e1poles y algunos s\u00edmbolos de la ciudad\">Las Iglesias de N\u00e1poles y algunos s\u00edmbolos de la ciudad<\/a><\/li>\n<li><a href=\"\/es\/territorios\/itinerarios-urbanos\/cosimo-fanzago\/fanzago-y-la-revuelta-de-masaniello\/\" title=\"Fanzago y la revuelta de Masaniello\">Fanzago y la revuelta de Masaniello<\/a><\/li>\n<li><a href=\"\/es\/territorios\/itinerarios-urbanos\/cosimo-fanzago\/la-obra-de-fanzago-fuera-de-napoles\/\" title=\"La obra de Fanzago fuera de N\u00e1poles\">La obra de Fanzago fuera de N\u00e1poles<\/a><\/li>\n<\/ul>\n<h2>Un jard\u00edn espa\u00f1ol a la italiana: el bosque centenario de los duques de B\u00e9jar<\/h2>\n<ul>\n<li>\n<div style=\"text-align: justify\"><a href=\"\/es\/territorios\/itinerarios-urbanos\/un-jardin-espanol-a-la-italiana\/la-nobleza-hispana-y-los-jardines\/\" title=\"La nobleza hispana y los jardines\">La nobleza hispana y los jardines:&nbsp;a semejanza de las villas italianas<\/a><\/div>\n<\/li>\n<li>\n<div style=\"text-align: justify\"><a href=\"\/es\/territorios\/itinerarios-urbanos\/un-jardin-espanol-a-la-italiana\/descripcion-de-el-bosque-de-bejar\/\" title=\"Descripci\u00f3n de &quot;El Bosque&quot; de B\u00e9jar\">Descripci\u00f3n de &#8220;El Bosque&#8221; de B\u00e9jar: importaci\u00f3n de un modelo italiano<\/a><\/div>\n<\/li>\n<li>\n<div style=\"text-align: justify\"><a href=\"\/es\/territorios\/itinerarios-urbanos\/un-jardin-espanol-a-la-italiana\/estanques-y-fuentes-en-el-bosque-de-bejar\/\" title=\"Estanques y fuentes en &quot;El Bosque&quot; de B\u00e9jar\">Estanques y fuentes en &#8220;El Bosque&#8221; de B\u00e9jar: el uso del agua en una villa cortesana<\/a><\/div>\n<\/li>\n<li>\n<div style=\"text-align: justify\"><a href=\"\/es\/territorios\/itinerarios-urbanos\/un-jardin-espanol-a-la-italiana\/el-poder-de-los-duques-de-bejar\/\" title=\"El poder de los Duques de B\u00e9jar\">El poder de los duques de B\u00e9jar en sus viviendas: su fortaleza y su palacio de recreo<\/a><\/div>\n<\/li>\n<li>\n<div style=\"text-align: justify\"><a href=\"\/es\/territorios\/itinerarios-urbanos\/un-jardin-espanol-a-la-italiana\/el-bosque-de-bejar\/\" title=\"El Bosque de B\u00e9jar\">El Bosque de B\u00e9jar: \u00bfvilla de recreo o lugar de explotaci\u00f3n econ\u00f3mica?<\/a><\/div>\n<\/li>\n<\/ul>\n<h2>Valladolid y los restos de su pasado barroco<\/h2>\n<ul>\n<li>\n<div><a href=\"\/es\/territorios\/itinerarios-urbanos\/valladolid\/iglesia-de-san-pablo\/\" title=\"Iglesia de San Pablo\">La iglesia de San Pablo y la historia de Valladolid en \u00c9poca Moderna<\/a><\/div>\n<\/li>\n<li>\n<div><a href=\"\/es\/territorios\/itinerarios-urbanos\/valladolid\/el-museo-nacional-de-escultura\/\" title=\"El Museo Nacional de Escultura\">El Museo Nacional de Escultura<\/a><\/div>\n<\/li>\n<li>\n<div><a href=\"\/es\/territorios\/itinerarios-urbanos\/valladolid\/universidad\/\" title=\"Universidad\">La Universidad<\/a><\/div>\n<\/li>\n<li>\n<div><a href=\"\/es\/territorios\/itinerarios-urbanos\/valladolid\/catedral\/\" title=\"Catedral\">La Catedral<\/a><\/div>\n<\/li>\n<li>\n<div><a href=\"\/es\/territorios\/itinerarios-urbanos\/valladolid\/iglesia-de-la-pasion\/\" title=\"Iglesia de la Pasi\u00f3n\">Iglesia de la Pasi\u00f3n, Iglesia de San Juan de Letr\u00e1n, Convento de los Agustinos Filipinos<\/a><\/div>\n<\/li>\n<\/ul><\/div>\n<p><\/p>\n","protected":false},"excerpt":{"rendered":"<p>Itinerarios urbanos Lecce, la ciudad s\u00edmbolo del Barocco Plaza de San Oronzo y el poder del obispo Luigi Pappacoda El Duomo y la transformaci\u00f3n urban\u00edstica proyectada por Pappacoda Giuseppe Zimbalo: Bas\u00edlica di Santa Croce, Palacio de los Celestinos, Iglesia del Rosario El seminario y la&hellip;<\/p>\n","protected":false},"author":1,"featured_media":0,"parent":5908,"menu_order":0,"comment_status":"closed","ping_status":"closed","template":"","meta":{"footnotes":""},"class_list":["post-5909","page","type-page","status-publish","hentry"],"_links":{"self":[{"href":"https:\/\/digitalhistory.unite.it\/es\/wp-json\/wp\/v2\/pages\/5909","targetHints":{"allow":["GET"]}}],"collection":[{"href":"https:\/\/digitalhistory.unite.it\/es\/wp-json\/wp\/v2\/pages"}],"about":[{"href":"https:\/\/digitalhistory.unite.it\/es\/wp-json\/wp\/v2\/types\/page"}],"author":[{"embeddable":true,"href":"https:\/\/digitalhistory.unite.it\/es\/wp-json\/wp\/v2\/users\/1"}],"replies":[{"embeddable":true,"href":"https:\/\/digitalhistory.unite.it\/es\/wp-json\/wp\/v2\/comments?post=5909"}],"version-history":[{"count":2,"href":"https:\/\/digitalhistory.unite.it\/es\/wp-json\/wp\/v2\/pages\/5909\/revisions"}],"predecessor-version":[{"id":12087,"href":"https:\/\/digitalhistory.unite.it\/es\/wp-json\/wp\/v2\/pages\/5909\/revisions\/12087"}],"up":[{"embeddable":true,"href":"https:\/\/digitalhistory.unite.it\/es\/wp-json\/wp\/v2\/pages\/5908"}],"wp:attachment":[{"href":"https:\/\/digitalhistory.unite.it\/es\/wp-json\/wp\/v2\/media?parent=5909"}],"curies":[{"name":"wp","href":"https:\/\/api.w.org\/{rel}","templated":true}]}}