{"id":5910,"date":"2021-08-20T00:02:37","date_gmt":"2021-08-19T22:02:37","guid":{"rendered":"https:\/\/digitalhistory.unite.it\/itinerarios-regionales\/"},"modified":"2021-11-23T15:29:00","modified_gmt":"2021-11-23T14:29:00","slug":"itinerarios-regionales","status":"publish","type":"page","link":"https:\/\/digitalhistory.unite.it\/es\/territorios\/itinerarios-regionales\/","title":{"rendered":"Itinerarios regionales"},"content":{"rendered":"<h1>Itinerarios regionales <\/h1>\n<div class=\"testo\">\n<h2>El Quijote barroco: entre realidad y ficci\u00f3n en Castilla La Mancha<\/h2>\n<ul>\n<li>\n<div style=\"text-align: justify\"><a href=\"\/es\/territorios\/itinerarios-regionales\/quijote\/una-novela-barroca\/\" title=\"Una novela barroca\">Una novela barroca que marc\u00f3 la historia de Espa\u00f1a<\/a><\/div>\n<\/li>\n<li>\n<div style=\"text-align: justify\"><a href=\"\/es\/territorios\/itinerarios-regionales\/quijote\/el-toboso-de-dulcinea\/\" title=\"El Toboso de Dulcinea\">Tras las huellas de una doncella: El Toboso de Dulcinea<\/a><\/div>\n<\/li>\n<li>\n<div style=\"text-align: justify\"><a href=\"\/es\/territorios\/itinerarios-regionales\/quijote\/los-molinos-de-viento\/\" title=\"Los molinos de viento\">Los gigantes de la Mancha: don Quijote y los molinos de viento<\/a><\/div>\n<\/li>\n<li>\n<div style=\"text-align: justify\"><a href=\"\/es\/territorios\/itinerarios-regionales\/quijote\/cervantes-en-alcazar-de-san-juan\/\" title=\"Cervantes en Alc\u00e1zar de San Juan\">Cervantes en Alc\u00e1zar de San Juan: una pol\u00e9mica de \u00e9poca barroca<\/a><\/div>\n<\/li>\n<li>\n<div style=\"text-align: justify\"><a href=\"\/es\/territorios\/itinerarios-regionales\/quijote\/fiestas-de-madridejos\/\" title=\"Fiestas de Madridejos\">Regreso a la \u00e9poca barroca de Don Quijote: las fiestas de Madridejos (Castilla La Mancha)<\/a><\/div>\n<\/li>\n<\/ul>\n<h2>El duque de Lerma y los lugares de su poder<\/h2>\n<ul>\n<li><a href=\"\/es\/territorios\/itinerarios-regionales\/duque-de-lerma\/denia\/\" title=\"Denia\">Denia y el ascenso de su marqu\u00e9s<\/a><\/li>\n<li><a href=\"\/es\/territorios\/itinerarios-regionales\/duque-de-lerma\/lerma\/\" title=\"Lerma\">Lerma y el inicio del valimiento<\/a><\/li>\n<li><a href=\"\/es\/territorios\/itinerarios-regionales\/duque-de-lerma\/valladolid\/\" title=\"Valladolid\">Valladolid y el traslado de la corte<\/a><\/li>\n<li><a href=\"\/es\/territorios\/itinerarios-regionales\/duque-de-lerma\/ventosilla\/\" title=\"Ventosilla\">Ventosilla, la plaza de san Pablo y la Casa de la Ribera<\/a><\/li>\n<li><a href=\"\/es\/territorios\/itinerarios-regionales\/duque-de-lerma\/toledo-valladolid-y-madrid\/\" title=\"Toledo, Valladolid y Madrid\">Mecenas y coleccionista: Toledo, Valladolid y Madrid<\/a><\/li>\n<li><a href=\"\/es\/territorios\/itinerarios-regionales\/duque-de-lerma\/la-plaza-mayor-de-madrid\/\" title=\"La Plaza Mayor de Madrid\">La Plaza Mayor de Madrid y el final del duque de Lerma<\/a><\/li>\n<li><a href=\"\/es\/territorios\/itinerarios-regionales\/duque-de-lerma\/fiestas-barrocas-de-lerma\/\" title=\"Fiestas barrocas de Lerma\">Las fiestas barrocas en honor a la corte del duque de Lerma<\/a><\/li>\n<\/ul>\n<h2><span style=\"text-align: justify\">Fundaciones de Reinas y damas: monasterios femeninos bajo patrocinio real<\/span><\/h2>\n<ul>\n<li style=\"text-align: justify\"><a href=\"\/es\/territorios\/itinerarios-regionales\/monasterios\/conventos-femeninos-en-epoca-barroca\/\" title=\"Conventos femeninos en \u00e9poca barroca\">Centros de poder y espiritualidad: los conventos femeninos en \u00e9poca barroca<\/a><\/li>\n<li style=\"text-align: justify\"><a href=\"\/es\/territorios\/itinerarios-regionales\/monasterios\/el-monasterio-de-las-descalzas-reales\/\" title=\"El Monasterio de las Descalzas Reales\">Una fundaci\u00f3n de la princesa Juana: El Monasterio de las Descalzas Reales<\/a><\/li>\n<li style=\"text-align: justify\"><a href=\"\/es\/territorios\/itinerarios-regionales\/monasterios\/el-convento-de-las-descalzas-reales-de-valladolid\/\" title=\"El convento de las Descalzas Reales de Valladolid\">La corte vallisoletana y el convento de las Descalzas Reales de Valladolid<\/a><\/li>\n<li style=\"text-align: justify\"><a href=\"\/es\/territorios\/itinerarios-regionales\/monasterios\/el-monasterio-de-la-encarnacion\/\" title=\"El Monasterio de la Encarnaci\u00f3n\">El proyecto de la reina Margarita de Austria: El Monasterio de la Encarnaci\u00f3n<\/a><\/li>\n<li style=\"text-align: justify\"><a href=\"\/es\/territorios\/itinerarios-regionales\/monasterios\/la-fundacion-de-los-duques-de-olivares-en-loeches\/\" title=\"La fundaci\u00f3n de los Duques de Olivares en Loeches\">Imitando a la realeza: la fundaci\u00f3n de los Duques de Olivares en Loeches<\/a><\/li>\n<\/ul>\n<h2>Las Plazas Mayores espa\u00f1olas y el Barroco<\/h2>\n<ul>\n<li><a href=\"\/es\/territorios\/itinerarios-regionales\/plazas-mayores\/el-origen-y-las-funciones-de-las-plazas-mayores\/\" title=\"El origen y las funciones de las Plazas Mayores\">El origen y las funciones de las Plazas Mayores<\/a><\/li>\n<li><a href=\"\/es\/territorios\/itinerarios-regionales\/plazas-mayores\/la-reconstruccion-de-la-plaza-mayor-de-valladolid\/\" title=\"La reconstrucci\u00f3n de la Plaza Mayor de Valladolid\">La reconstrucci\u00f3n de la Plaza Mayor de Valladolid<\/a><\/li>\n<li><a href=\"\/es\/territorios\/itinerarios-regionales\/plazas-mayores\/la-plaza-mayor-de-madrid\/\" title=\"La Plaza Mayor de Madrid\">La Plaza Mayor de Madrid<\/a><\/li>\n<li><a href=\"\/es\/territorios\/itinerarios-regionales\/plazas-mayores\/la-plaza-de-la-corredera-de-cordoba\/\" title=\"La Plaza de la Corredera de C\u00f3rdoba\">La Plaza de la Corredera de C\u00f3rdoba<\/a><\/li>\n<li><a href=\"\/es\/territorios\/itinerarios-regionales\/plazas-mayores\/la-plaza-mayor-de-salamanca\/\" title=\"La Plaza Mayor de Salamanca\">La Plaza Mayor de Salamanca<\/a><\/li>\n<li><a href=\"\/es\/territorios\/itinerarios-regionales\/plazas-mayores\/otros-ejemplos-burgos-y-plasencia\/\" title=\"Otros ejemplos: Burgos y Plasencia\">Otros ejemplos: Burgos y Plasencia<\/a><\/li>\n<\/ul>\n<h2>\u00d3rganos barrocos en la villa y corte de Madrid<\/h2>\n<ul>\n<li style=\"text-align: justify\"><a href=\"\/es\/territorios\/itinerarios-regionales\/organos\/diferentes-tipos\/\" title=\"Diferentes tipos\">Diferentes tipos de \u00f3rganos barrocos en la villa y corte de Madrid<\/a><\/li>\n<li style=\"text-align: justify\"><a href=\"\/es\/territorios\/itinerarios-regionales\/organos\/organo-de-santa-barbara\/\" title=\"\u00d3rgano de Santa B\u00e1rbara\">El barroco &#8220;napolitano&#8221; en la corte de los Borbones: el \u00f3rgano de Santa B\u00e1rbara<\/a><\/li>\n<li style=\"text-align: justify\"><a href=\"\/es\/territorios\/itinerarios-regionales\/organos\/organo-echevarria\/\" title=\"\u00d3rgano Echevarr\u00eda\">El \u00f3rgano &#8220;Echevarr\u00eda&#8221; de la catedral de Santa Mar\u00eda Magdalena (Getafe, Madrid)<\/a><\/li>\n<li style=\"text-align: justify\"><a href=\"\/es\/territorios\/itinerarios-regionales\/organos\/organo-churrigueresco\/\" title=\"\u00d3rgano Churrigueresco\">El \u00f3rgano &#8220;Churrigueresco&#8221; de la Iglesia de San Salvador (Legan\u00e9s, Madrid)<\/a><\/li>\n<li style=\"text-align: justify\"><a href=\"\/es\/territorios\/itinerarios-regionales\/organos\/organo-de-la-iglesia-de-ntra-sra-de-los-angeles\/\" title=\"\u00d3rgano de la Iglesia de Ntra. Sra. de los \u00c1ngeles\">El barroco &#8220;andaluz&#8221; del \u00f3rgano de la Iglesia de Ntra. Sra. de los \u00c1ngeles<\/a><\/li>\n<li style=\"text-align: justify\"><a href=\"\/es\/territorios\/itinerarios-regionales\/organos\/organo-de-ntra-sra-de-los-remedios\/\" title=\"\u00d3rgano de Ntra. Sra. de los Remedios\">El antiguo \u00f3rgano de Ntra. Sra. de los Remedios en Estremera (Madrid)<\/a><\/li>\n<\/ul>\n<h2>Guerra de Santos en Sicilia<\/h2>\n<ul>\n<li><a href=\"\/es\/territorios\/itinerarios-regionales\/guerra-de-santos\/religiosidad-conflictiva\/\" title=\"Religiosidad conflictiva\">Una religiosidad conflictiva<\/a><\/li>\n<li><a href=\"\/es\/territorios\/itinerarios-regionales\/guerra-de-santos\/palazzolo-acreide\/\" title=\"Palazzolo Acreide\">Palazzolo Acreide<\/a><\/li>\n<li><a href=\"\/es\/territorios\/itinerarios-regionales\/guerra-de-santos\/vizzini\/\" title=\"Vizzini\">Vizzini<\/a><\/li>\n<li><a href=\"\/es\/territorios\/itinerarios-regionales\/guerra-de-santos\/ragusa\/\" title=\"Ragusa\">Ragusa<\/a><\/li>\n<li><a href=\"\/es\/territorios\/itinerarios-regionales\/guerra-de-santos\/modica\/\" title=\"Modica\">M\u00f3dica<\/a><\/li>\n<\/ul><\/div>\n<p><\/p>\n","protected":false},"excerpt":{"rendered":"<p>Itinerarios regionales El Quijote barroco: entre realidad y ficci\u00f3n en Castilla La Mancha Una novela barroca que marc\u00f3 la historia de Espa\u00f1a Tras las huellas de una doncella: El Toboso de Dulcinea Los gigantes de la Mancha: don Quijote y los molinos de viento Cervantes&hellip;<\/p>\n","protected":false},"author":1,"featured_media":0,"parent":5908,"menu_order":0,"comment_status":"closed","ping_status":"closed","template":"","meta":{"footnotes":""},"class_list":["post-5910","page","type-page","status-publish","hentry"],"_links":{"self":[{"href":"https:\/\/digitalhistory.unite.it\/es\/wp-json\/wp\/v2\/pages\/5910","targetHints":{"allow":["GET"]}}],"collection":[{"href":"https:\/\/digitalhistory.unite.it\/es\/wp-json\/wp\/v2\/pages"}],"about":[{"href":"https:\/\/digitalhistory.unite.it\/es\/wp-json\/wp\/v2\/types\/page"}],"author":[{"embeddable":true,"href":"https:\/\/digitalhistory.unite.it\/es\/wp-json\/wp\/v2\/users\/1"}],"replies":[{"embeddable":true,"href":"https:\/\/digitalhistory.unite.it\/es\/wp-json\/wp\/v2\/comments?post=5910"}],"version-history":[{"count":2,"href":"https:\/\/digitalhistory.unite.it\/es\/wp-json\/wp\/v2\/pages\/5910\/revisions"}],"predecessor-version":[{"id":12016,"href":"https:\/\/digitalhistory.unite.it\/es\/wp-json\/wp\/v2\/pages\/5910\/revisions\/12016"}],"up":[{"embeddable":true,"href":"https:\/\/digitalhistory.unite.it\/es\/wp-json\/wp\/v2\/pages\/5908"}],"wp:attachment":[{"href":"https:\/\/digitalhistory.unite.it\/es\/wp-json\/wp\/v2\/media?parent=5910"}],"curies":[{"name":"wp","href":"https:\/\/api.w.org\/{rel}","templated":true}]}}