{"id":5911,"date":"2021-08-20T00:02:37","date_gmt":"2021-08-19T22:02:37","guid":{"rendered":"https:\/\/digitalhistory.unite.it\/itinerarios-internacionales\/"},"modified":"2021-11-23T15:28:55","modified_gmt":"2021-11-23T14:28:55","slug":"itinerarios-internacionales","status":"publish","type":"page","link":"https:\/\/digitalhistory.unite.it\/es\/territorios\/itinerarios-internacionales\/","title":{"rendered":"Itinerarios internacionales"},"content":{"rendered":"<h1>Itinerarios internacionales <\/h1>\n<div class=\"testo\">\n<h2>Estatuas ecuestres de reyes espa\u00f1oles<\/h2>\n<ul>\n<li><a href=\"\/es\/territorios\/itinerarios-internacionales\/estatuas-ecuestres-de-reyes-espanoles\/las-estatuas-ecuestres-y-la-monarquia-espanola\/\" title=\"Las estatuas ecuestres y la Monarqu\u00eda espa\u00f1ola\">Las estatuas ecuestres y la Monarqu\u00eda espa\u00f1ola<\/a><\/li>\n<li><a href=\"\/es\/territorios\/itinerarios-internacionales\/estatuas-ecuestres-de-reyes-espanoles\/felipe-iii-y-la-plaza-mayor-de-madrid\/\" title=\"Felipe III y la Plaza Mayor de Madrid\">Felipe III y la Plaza Mayor de Madrid<\/a><\/li>\n<li><a href=\"\/es\/territorios\/itinerarios-internacionales\/estatuas-ecuestres-de-reyes-espanoles\/felipe-iv-y-la-plaza-de-oriente-en-madrid\/\" title=\"Felipe IV y la Plaza de Oriente en Madrid\">Felipe IV y la Plaza de Oriente en Madrid<\/a><\/li>\n<li><a href=\"\/es\/territorios\/itinerarios-internacionales\/estatuas-ecuestres-de-reyes-espanoles\/una-excepcion-carlos-ii-y-una-particular-representacion\/\" title=\"Una excepci\u00f3n: Carlos II y una particular representaci\u00f3n\">Una excepci\u00f3n: Carlos II y una particular representaci\u00f3n<\/a><\/li>\n<li><a href=\"\/es\/territorios\/itinerarios-internacionales\/estatuas-ecuestres-de-reyes-espanoles\/felipe-v-y-una-estatua-perdida\/\" title=\"Felipe V y una estatua perdida\">Felipe V y una estatua perdida<\/a><\/li>\n<\/ul>\n<h2>Los genoveses entre Italia y Espa\u00f1a en \u00c9poca Barroca<\/h2>\n<ul>\n<li><a href=\"\/es\/territorios\/itinerarios-internacionales\/los-genoveses-entre-italia-y-espana-en-epoca-barroca\/una-comunidad-rica-y-potente\/\" title=\"Una comunidad rica y potente\">Una comunidad rica y potente<\/a><\/li>\n<li><a href=\"\/es\/territorios\/itinerarios-internacionales\/los-genoveses-entre-italia-y-espana-en-epoca-barroca\/la-iglesia-de-san-jorge-de-los-genoveses-en-palermo\/\" title=\"La iglesia de San Jorge de los Genoveses en Palermo\">La iglesia de San Jorge de los Genoveses en Palermo<\/a><\/li>\n<li><a href=\"\/es\/territorios\/itinerarios-internacionales\/los-genoveses-entre-italia-y-espana-en-epoca-barroca\/la-iglesia-de-san-jorge-de-los-genoveses-en-napoles\/\" title=\"La iglesia de San Jorge de los Genoveses en N\u00e1poles\">La iglesia de San Jorge de los Genoveses en N\u00e1poles<\/a><\/li>\n<li>\n<div style=\"text-align: left\"><a href=\"\/es\/territorios\/itinerarios-internacionales\/los-genoveses-entre-italia-y-espana-en-epoca-barroca\/los-genoveses-en-el-puerto-de-cadiz-siglo-xvii\/\" title=\"Los genoveses en el Puerto de C\u00e1diz (siglo XVII)\">Los genoveses en el Puerto de C\u00e1diz (siglo XVII)<\/a><\/div>\n<\/li>\n<li>\n<div style=\"text-align: left\"><a href=\"\/es\/territorios\/itinerarios-internacionales\/los-genoveses-entre-italia-y-espana-en-epoca-barroca\/capilla-de-la-parroquia-de-santa-cruz-cadiz\/\" title=\"Capilla de la Parroquia de Santa Cruz (C\u00e1diz)\">La capilla de los Genoveses de la Parroquia de Santa Cruz (C\u00e1diz)<\/a><\/div>\n<\/li>\n<li>\n<div style=\"text-align: left\"><a href=\"\/es\/territorios\/itinerarios-internacionales\/los-genoveses-entre-italia-y-espana-en-epoca-barroca\/esculturas-en-la-catedral-nueva-de-cadiz\/\" title=\"Esculturas en la Catedral Nueva de C\u00e1diz\">Esculturas de la escuela genovesa en la Catedral Nueva de C\u00e1diz<\/a><\/div>\n<\/li>\n<li>\n<div style=\"text-align: left\"><a href=\"\/es\/territorios\/itinerarios-internacionales\/los-genoveses-entre-italia-y-espana-en-epoca-barroca\/el-palacio-riquelme-y-la-cartuja-de-jerez\/\" title=\"El Palacio Riquelme y la Cartuja de Jerez\">El Palacio Riquelme y la Cartuja de Jerez<\/a><\/div>\n<\/li>\n<\/ul>\n<h2>La tradici\u00f3n del Bel\u00e9n napolitano entre N\u00e1poles y Espa\u00f1a<\/h2>\n<ul>\n<li><a href=\"\/es\/territorios\/itinerarios-internacionales\/belenes\/el-origen-del-belen-y-su-difusion\/\" title=\"El origen del Bel\u00e9n y su difusi\u00f3n\">El origen del Bel\u00e9n y su difusi\u00f3n<\/a><\/li>\n<li><a href=\"\/es\/territorios\/itinerarios-internacionales\/belenes\/via-san-gregorio-armeno-y-el-belen-napolitano\/\" title=\"V\u00eda San Gregorio Armeno y el Bel\u00e9n napolitano\">V\u00eda San Gregorio Armeno y el Bel\u00e9n napolitano<\/a><\/li>\n<li><a href=\"\/es\/territorios\/itinerarios-internacionales\/belenes\/belenes-napolitanos-en-el-sur-de-italia\/\" title=\"Belenes napolitanos en el sur de Italia\">Algunos ejemplos famosos de Belenes napolitanos en el sur de Italia<\/a><\/li>\n<li><a href=\"\/es\/territorios\/itinerarios-internacionales\/belenes\/carlos-iii-de-espana-y-los-belenes-napolitanos\/\" title=\"Carlos III de Espa\u00f1a y los Belenes napolitanos\">Carlos III de Espa\u00f1a y su gusto por los Belenes napolitanos<\/a><\/li>\n<li><a href=\"\/es\/territorios\/itinerarios-internacionales\/belenes\/belenes-napolitanos-de-la-nobleza-espanola-i\/\" title=\"Belenes Napolitanos de la nobleza espa\u00f1ola (I)\">Belenes napolitanos de la nobleza espa\u00f1ola (I)<\/a><\/li>\n<li><a href=\"\/es\/territorios\/itinerarios-internacionales\/belenes\/belenes-napolitanos-de-la-nobleza-espanola-ii\/\" title=\"Belenes Napolitanos de la nobleza espa\u00f1ola (II)\">Belenes napolitanos de la nobleza espa\u00f1ola (II)<\/a><\/li>\n<li><a href=\"\/es\/territorios\/itinerarios-internacionales\/belenes\/el-belen-napolitano-del-museo-nacional-de-escultura-de-valladolid\/\" title=\"El Bel\u00e9n Napolitano del Museo Nacional de Escultura de Valladolid\"> El Bel\u00e9n napolitano del Museo Nacional de Escultura de Valladolid<\/a><\/li>\n<\/ul>\n<p>&nbsp;<\/p>\n<\/p><\/div>\n<p><\/p>\n","protected":false},"excerpt":{"rendered":"<p>Itinerarios internacionales Estatuas ecuestres de reyes espa\u00f1oles Las estatuas ecuestres y la Monarqu\u00eda espa\u00f1ola Felipe III y la Plaza Mayor de Madrid Felipe IV y la Plaza de Oriente en Madrid Una excepci\u00f3n: Carlos II y una particular representaci\u00f3n Felipe V y una estatua perdida&hellip;<\/p>\n","protected":false},"author":1,"featured_media":0,"parent":5908,"menu_order":0,"comment_status":"closed","ping_status":"closed","template":"","meta":{"footnotes":""},"class_list":["post-5911","page","type-page","status-publish","hentry"],"_links":{"self":[{"href":"https:\/\/digitalhistory.unite.it\/es\/wp-json\/wp\/v2\/pages\/5911","targetHints":{"allow":["GET"]}}],"collection":[{"href":"https:\/\/digitalhistory.unite.it\/es\/wp-json\/wp\/v2\/pages"}],"about":[{"href":"https:\/\/digitalhistory.unite.it\/es\/wp-json\/wp\/v2\/types\/page"}],"author":[{"embeddable":true,"href":"https:\/\/digitalhistory.unite.it\/es\/wp-json\/wp\/v2\/users\/1"}],"replies":[{"embeddable":true,"href":"https:\/\/digitalhistory.unite.it\/es\/wp-json\/wp\/v2\/comments?post=5911"}],"version-history":[{"count":2,"href":"https:\/\/digitalhistory.unite.it\/es\/wp-json\/wp\/v2\/pages\/5911\/revisions"}],"predecessor-version":[{"id":11966,"href":"https:\/\/digitalhistory.unite.it\/es\/wp-json\/wp\/v2\/pages\/5911\/revisions\/11966"}],"up":[{"embeddable":true,"href":"https:\/\/digitalhistory.unite.it\/es\/wp-json\/wp\/v2\/pages\/5908"}],"wp:attachment":[{"href":"https:\/\/digitalhistory.unite.it\/es\/wp-json\/wp\/v2\/media?parent=5911"}],"curies":[{"name":"wp","href":"https:\/\/api.w.org\/{rel}","templated":true}]}}