{"id":5914,"date":"2021-08-20T00:02:37","date_gmt":"2021-08-19T22:02:37","guid":{"rendered":"https:\/\/digitalhistory.unite.it\/conservatorios\/"},"modified":"2021-11-23T15:28:46","modified_gmt":"2021-11-23T14:28:46","slug":"conservatorios","status":"publish","type":"page","link":"https:\/\/digitalhistory.unite.it\/es\/temas\/conservatorios\/","title":{"rendered":"Conservatorios"},"content":{"rendered":"<h1>Conservatorios <\/h1>\n<div class=\"testo\">\n<h2>Los conservatorios de N\u00e1poles en \u00c9poca Moderna<\/h2>\n<ul>\n<li><a href=\"\/es\/temas\/conservatorios\/panorama-musical\/\" title=\"Panorama musical\">El panorama musical en la N\u00e1poles espa\u00f1ola<\/a><\/li>\n<li><a href=\"\/es\/temas\/conservatorios\/conservatorios\/\" title=\"Conservatorios\">Los conservatorios napolitanos en \u00c9poca Moderna<\/a><\/li>\n<li><a href=\"\/es\/temas\/conservatorios\/santa-maria-de-loreto\/\" title=\"Santa Maria de Loreto\">El conservatorio de Santa Mar\u00eda de Loreto<\/a><\/li>\n<li><a href=\"\/es\/temas\/conservatorios\/pieta-dei-turchini\/\" title=\"Piet\u00e0 dei Turchini\">El conservatorio de la Piet\u00e0 dei Turchini<\/a><\/li>\n<li><a href=\"\/es\/temas\/conservatorios\/poveri-di-gesu-cristo\/\" title=\"Poveri di Ges\u00f9 Cristo\">El conservatorio de los Poveri di Ges\u00f9 Cristo<\/a><\/li>\n<li><a href=\"\/es\/temas\/conservatorios\/santonofrio-a-porta-capuana\/\" title=\"Sant'Onofrio a Porta Capuana\">El conservatorio de Sant&#8217;Onofrio&nbsp;a Porta Capuana<\/a><\/li>\n<li><a href=\"\/es\/temas\/conservatorios\/siglo-xix\/\" title=\"Siglo XIX\">Los conservatorios napolitanos en el siglo XIX<\/a><\/li>\n<\/ul>\n<h2>Lamentaciones, Miserere y Cuarenta Horas<\/h2>\n<ul>\n<li><a href=\"\/es\/temas\/conservatorios\/lamentaciones\/\" title=\"Lamentaciones\">Las Lamentaciones<\/a><\/li>\n<li><a href=\"\/es\/temas\/conservatorios\/el-miserere\/\" title=\"El Miserere\">El Miserere<\/a><\/li>\n<li><a href=\"\/es\/temas\/conservatorios\/selecchy\/\" title=\"Selecchy\">El Miserere de Selecchy<\/a><\/li>\n<li><a href=\"\/es\/temas\/conservatorios\/alessandro-scarlatti\/\" title=\"Alessandro Scarlatti\">Alessandro Scarlatti<\/a><\/li>\n<li><a href=\"\/es\/temas\/conservatorios\/las-cuarenta-horas\/\" title=\"Las Cuarenta Horas\">Las Cuarenta Horas<\/a><\/li>\n<\/ul>\n<h2>M\u00fasica barroca<\/h2>\n<ul>\n<li>&nbsp;<a href=\"\/es\/temas\/conservatorios\/la-exhibicion-del-coro-nisea\/\" title=\"La exhibici\u00f3n del coro Nisea\">La exhibici\u00f3n del coro Nisea de Teramo (14 abril 2014)<\/a><\/li>\n<\/ul><\/div>\n<p><\/p>\n","protected":false},"excerpt":{"rendered":"<p>Conservatorios Los conservatorios de N\u00e1poles en \u00c9poca Moderna El panorama musical en la N\u00e1poles espa\u00f1ola Los conservatorios napolitanos en \u00c9poca Moderna El conservatorio de Santa Mar\u00eda de Loreto El conservatorio de la Piet\u00e0 dei Turchini El conservatorio de los Poveri di Ges\u00f9 Cristo El conservatorio&hellip;<\/p>\n","protected":false},"author":1,"featured_media":0,"parent":5912,"menu_order":0,"comment_status":"closed","ping_status":"closed","template":"","meta":{"footnotes":""},"class_list":["post-5914","page","type-page","status-publish","hentry"],"_links":{"self":[{"href":"https:\/\/digitalhistory.unite.it\/es\/wp-json\/wp\/v2\/pages\/5914","targetHints":{"allow":["GET"]}}],"collection":[{"href":"https:\/\/digitalhistory.unite.it\/es\/wp-json\/wp\/v2\/pages"}],"about":[{"href":"https:\/\/digitalhistory.unite.it\/es\/wp-json\/wp\/v2\/types\/page"}],"author":[{"embeddable":true,"href":"https:\/\/digitalhistory.unite.it\/es\/wp-json\/wp\/v2\/users\/1"}],"replies":[{"embeddable":true,"href":"https:\/\/digitalhistory.unite.it\/es\/wp-json\/wp\/v2\/comments?post=5914"}],"version-history":[{"count":2,"href":"https:\/\/digitalhistory.unite.it\/es\/wp-json\/wp\/v2\/pages\/5914\/revisions"}],"predecessor-version":[{"id":11862,"href":"https:\/\/digitalhistory.unite.it\/es\/wp-json\/wp\/v2\/pages\/5914\/revisions\/11862"}],"up":[{"embeddable":true,"href":"https:\/\/digitalhistory.unite.it\/es\/wp-json\/wp\/v2\/pages\/5912"}],"wp:attachment":[{"href":"https:\/\/digitalhistory.unite.it\/es\/wp-json\/wp\/v2\/media?parent=5914"}],"curies":[{"name":"wp","href":"https:\/\/api.w.org\/{rel}","templated":true}]}}