{"id":5915,"date":"2021-08-20T00:02:37","date_gmt":"2021-08-19T22:02:37","guid":{"rendered":"https:\/\/digitalhistory.unite.it\/residencias-nobiliarias\/"},"modified":"2021-11-23T15:28:50","modified_gmt":"2021-11-23T14:28:50","slug":"residencias-nobiliarias","status":"publish","type":"page","link":"https:\/\/digitalhistory.unite.it\/es\/temas\/residencias-nobiliarias\/","title":{"rendered":"Residencias nobiliarias"},"content":{"rendered":"<h1>Residencias nobiliarias <\/h1>\n<div class=\"testo\">\n<h2>La forma de vida aristocr\u00e1tica en \u00e9poca barroca. Itinerarios tur\u00edsticos y culturales entre Italia y Espa\u00f1a<\/h2>\n<ul>\n<li><a href=\"\/es\/temas\/residencias-nobiliarias\/la-forma-de-vida-aristocratica-en-epoca-barroca\/la-vida-aristocratica-en-epoca-barroca\/\" title=\"La vida aristocr\u00e1tica en \u00e9poca barroca\">La vida aristocr\u00e1tica en \u00e9poca barroca<\/a><\/li>\n<li><a href=\"\/es\/temas\/residencias-nobiliarias\/la-forma-de-vida-aristocratica-en-epoca-barroca\/la-morada-en-el-feudo\/\" title=\"La morada en el feudo\">La morada en el feudo<\/a><\/li>\n<li><a href=\"\/es\/temas\/residencias-nobiliarias\/la-forma-de-vida-aristocratica-en-epoca-barroca\/reestructuraciones-de-castillos-y-fortalezas\/\" title=\"Reestructuraciones de castillos y fortalezas\">Reestructuraciones de castillos y fortalezas<\/a><\/li>\n<li><a href=\"\/es\/temas\/residencias-nobiliarias\/la-forma-de-vida-aristocratica-en-epoca-barroca\/las-moradas-en-las-ciudades-capitales\/\" title=\"Las moradas en las ciudades capitales\">Las moradas en las ciudades capitales<\/a><\/li>\n<li><a href=\"\/es\/temas\/residencias-nobiliarias\/la-forma-de-vida-aristocratica-en-epoca-barroca\/las-villas-extramuros\/\" title=\"Las villas extramuros\">Las villas extramuros<\/a><\/li>\n<li><a href=\"\/es\/temas\/residencias-nobiliarias\/la-forma-de-vida-aristocratica-en-epoca-barroca\/las-residencias-rurales-y-las-casas-de-caza\/\" title=\"Las residencias rurales y las casas de caza\">Las residencias rurales y las casas de caza<\/a><\/li>\n<\/ul>\n<h2>Desde Calabria a N\u00e1poles: los Ruffo di Bagnara<\/h2>\n<ul>\n<li><a href=\"\/es\/temas\/residencias-nobiliarias\/ruffo\/la-familia-ruffo\/\" title=\"La familia Ruffo\">La familia Ruffo<\/a><\/li>\n<li><a href=\"\/es\/temas\/residencias-nobiliarias\/ruffo\/bagnara\/\" title=\"Bagnara\">La Calabria de los Ruffo: Bagnara<\/a><\/li>\n<li><a href=\"\/es\/temas\/residencias-nobiliarias\/ruffo\/san-lucido-maida-fiumara-di-muro\/\" title=\"San Lucido, Maida, Fiumara di Muro\">La Calabria de los Ruffo: San Lucido, Maida, Fiumara di Muro<\/a><\/li>\n<li><a href=\"\/es\/temas\/residencias-nobiliarias\/ruffo\/motta-san-giovanni-y-amendolea\/\" title=\"Motta San Giovanni y Amendolea\">La Calabria de los Ruffo: Motta San Giovanni y Amendolea<\/a><\/li>\n<li><a href=\"\/es\/temas\/residencias-nobiliarias\/ruffo\/entre-molise-y-basilicata-baranello-y-ruoti\/\" title=\"Entre Molise y Basilicata: Baranello y Ruoti\">Entre Molise y Basilicata: Baranello y Ruoti<\/a><\/li>\n<li><a href=\"\/es\/temas\/residencias-nobiliarias\/ruffo\/las-posesiones-en-campana-el-feudo-de-santantimo\/\" title=\"Las posesiones en Campa\u00f1a: el feudo de Sant'Antimo\">Las posesiones en Campa\u00f1a: el feudo de Sant&#8217;Antimo<\/a><\/li>\n<li><a href=\"\/es\/temas\/residencias-nobiliarias\/ruffo\/el-paso-a-napoles\/\" title=\"El paso a N\u00e1poles\">El paso a N\u00e1poles<\/a><\/li>\n<li><a href=\"\/es\/temas\/residencias-nobiliarias\/ruffo\/el-palacio-de-portici\/\" title=\"El Palacio de Portici\">El Palacio de Portici<\/a><\/li>\n<\/ul>\n<h2>Tras las huellas de los Acquaviva<\/h2>\n<ul>\n<li style=\"text-align: justify\"><a href=\"\/es\/temas\/residencias-nobiliarias\/acquaviva\/la-familia-acquaviva\/\" title=\"La familia Acquaviva\">La familia Acquaviva<\/a><\/li>\n<li style=\"text-align: justify\"><a href=\"\/es\/temas\/residencias-nobiliarias\/acquaviva\/atri-y-el-palacio-acquaviva-primera-parte\/\" title=\"Atri y el Palacio Acquaviva (primera parte)\">El coraz\u00f3n abruzzense del ducado: Atri y el Palacio Acquaviva (primera parte)<\/a><\/li>\n<li style=\"text-align: justify\"><a href=\"\/es\/temas\/residencias-nobiliarias\/acquaviva\/atri-y-el-palacio-acquaviva-segunda-parte\/\" title=\"Atri y el Palacio Acquaviva (segunda parte)\">El coraz\u00f3n abruzzense del ducado: Atri y el Palacio Acquaviva (segunda parte)<\/a><\/li>\n<li style=\"text-align: justify\"><a href=\"\/es\/temas\/residencias-nobiliarias\/acquaviva\/otras-posesiones-en-abruzzo\/\" title=\"Otras posesiones en Abruzzo\">Otras posesiones en Abruzzo<\/a><\/li>\n<li style=\"text-align: justify\"><a href=\"\/es\/temas\/residencias-nobiliarias\/acquaviva\/los-dominios-puglieses-conversano\/\" title=\"Los dominios puglieses: Conversano\">Los dominios puglieses: Conversano<\/a><\/li>\n<li style=\"text-align: justify\"><a href=\"\/es\/temas\/residencias-nobiliarias\/acquaviva\/los-dominios-puglieses-marchione-y-alberobello\/\" title=\"Los dominios puglieses: Marchione y Alberobello\">Los dominios puglieses: Marchione y Alberobello<\/a><\/li>\n<li style=\"text-align: justify\"><a href=\"\/es\/temas\/residencias-nobiliarias\/acquaviva\/a-la-conquista-de-la-capital-el-palacio-urbano-de-napoles\/\" title=\"A la conquista de la capital: el palacio urbano de N\u00e1poles\">A la conquista de la capital: el palacio urbano de N\u00e1poles<\/a><\/li>\n<\/ul>\n<h2>La familia Branciforte<\/h2>\n<ul>\n<li><a href=\"\/es\/temas\/residencias-nobiliarias\/branciforte\/la-primera-familia-del-reino-de-sicilia\/\" title=\"La primera familia del Reino de Sicilia\">La primera familia del Reino de Sicilia<\/a><\/li>\n<li><a href=\"\/es\/temas\/residencias-nobiliarias\/branciforte\/butera\/\" title=\"Butera\">Butera<\/a><\/li>\n<li><a href=\"\/es\/temas\/residencias-nobiliarias\/branciforte\/raccuja\/\" title=\"Raccuja\">Raccuja<\/a><\/li>\n<li><a href=\"\/es\/temas\/residencias-nobiliarias\/branciforte\/leonforte\/\" title=\"Leonforte\">Leonforte<\/a><\/li>\n<li><a href=\"\/es\/temas\/residencias-nobiliarias\/branciforte\/palermo\/\" title=\"Palermo\">Palermo<\/a><\/li>\n<li><a href=\"\/es\/temas\/residencias-nobiliarias\/branciforte\/bagheria\/\" title=\"Bagheria\">Bagheria<\/a><\/li>\n<\/ul>\n<h2>Desde Francia a Andaluc\u00eda: los marqueses de Benamej\u00ed<\/h2>\n<ul>\n<li><a href=\"\/es\/temas\/residencias-nobiliarias\/benameji\/ecija\/\" title=\"\u00c9cija\">\u00c9cija<\/a><\/li>\n<li><a href=\"\/es\/temas\/residencias-nobiliarias\/benameji\/cordoba-y-alcala-del-valle\/\" title=\"C\u00f3rdoba y Alcal\u00e1 del Valle\">C\u00f3rdoba y Alcal\u00e1 del Valle<\/a><\/li>\n<\/ul>\n<h2>La Andaluc\u00eda de los Duques de Feria<\/h2>\n<ul>\n<li><a href=\"\/es\/temas\/residencias-nobiliarias\/la-andalucia-de-los-duques-de-feria\/posadas-cordoba\/\" title=\"Posadas (C\u00f3rdoba)\">Posadas (C\u00f3rdoba)<\/a><\/li>\n<li><a href=\"\/es\/temas\/residencias-nobiliarias\/la-andalucia-de-los-duques-de-feria\/zafra\/\" title=\"Zafra\">Zafra<\/a><\/li>\n<\/ul>\n<h2>Los palacios de los duques de Medinaceli<\/h2>\n<ul>\n<li><a href=\"\/es\/temas\/residencias-nobiliarias\/los-palacios-de-los-duques-de-medinaceli\/medinaceli-soria\/\" title=\"Medinaceli (Soria)\">Medinaceli (Soria)<\/a><\/li>\n<li><a href=\"\/es\/temas\/residencias-nobiliarias\/los-palacios-de-los-duques-de-medinaceli\/puente-genil-montilla-segorbe\/\" title=\"Puente Genil, Montilla, Segorbe\">Puente Genil, Montilla, Segorbe<\/a><\/li>\n<\/ul>\n<h2>Las Asturias de los condes de Toreno<\/h2>\n<ul>\n<li><a href=\"\/es\/temas\/residencias-nobiliarias\/condes-de-toreno\/los-condes-de-toreno-y-su-palacio-de-oviedo\/\" title=\"Los Condes de Toreno y su palacio de Oviedo\">Los condes de Toreno y su palacio de Oviedo<\/a><\/li>\n<li><a href=\"\/es\/temas\/residencias-nobiliarias\/condes-de-toreno\/los-palacios-asturianos-de-los-condes-de-toreno\/\" title=\"Los palacios asturianos de los Condes de Toreno\">Los palacios asturianos de los condes de Toreno<\/a><\/li>\n<\/ul><\/div>\n<p><\/p>\n","protected":false},"excerpt":{"rendered":"<p>Residencias nobiliarias La forma de vida aristocr\u00e1tica en \u00e9poca barroca. Itinerarios tur\u00edsticos y culturales entre Italia y Espa\u00f1a La vida aristocr\u00e1tica en \u00e9poca barroca La morada en el feudo Reestructuraciones de castillos y fortalezas Las moradas en las ciudades capitales Las villas extramuros Las residencias&hellip;<\/p>\n","protected":false},"author":1,"featured_media":0,"parent":5912,"menu_order":0,"comment_status":"closed","ping_status":"closed","template":"","meta":{"footnotes":""},"class_list":["post-5915","page","type-page","status-publish","hentry"],"_links":{"self":[{"href":"https:\/\/digitalhistory.unite.it\/es\/wp-json\/wp\/v2\/pages\/5915","targetHints":{"allow":["GET"]}}],"collection":[{"href":"https:\/\/digitalhistory.unite.it\/es\/wp-json\/wp\/v2\/pages"}],"about":[{"href":"https:\/\/digitalhistory.unite.it\/es\/wp-json\/wp\/v2\/types\/page"}],"author":[{"embeddable":true,"href":"https:\/\/digitalhistory.unite.it\/es\/wp-json\/wp\/v2\/users\/1"}],"replies":[{"embeddable":true,"href":"https:\/\/digitalhistory.unite.it\/es\/wp-json\/wp\/v2\/comments?post=5915"}],"version-history":[{"count":3,"href":"https:\/\/digitalhistory.unite.it\/es\/wp-json\/wp\/v2\/pages\/5915\/revisions"}],"predecessor-version":[{"id":11914,"href":"https:\/\/digitalhistory.unite.it\/es\/wp-json\/wp\/v2\/pages\/5915\/revisions\/11914"}],"up":[{"embeddable":true,"href":"https:\/\/digitalhistory.unite.it\/es\/wp-json\/wp\/v2\/pages\/5912"}],"wp:attachment":[{"href":"https:\/\/digitalhistory.unite.it\/es\/wp-json\/wp\/v2\/media?parent=5915"}],"curies":[{"name":"wp","href":"https:\/\/api.w.org\/{rel}","templated":true}]}}