{"id":5917,"date":"2021-08-20T00:02:37","date_gmt":"2021-08-19T22:02:37","guid":{"rendered":"https:\/\/digitalhistory.unite.it\/vida-material\/"},"modified":"2021-11-23T15:28:54","modified_gmt":"2021-11-23T14:28:54","slug":"vida-material","status":"publish","type":"page","link":"https:\/\/digitalhistory.unite.it\/es\/temas\/vida-material\/","title":{"rendered":"Vida material"},"content":{"rendered":"<h1>Vida material <\/h1>\n<div class=\"testo\">\n<h2>Testigos de la vida cotidiana: el mobiliario espa\u00f1ol de \u00e9poca barroca<\/h2>\n<ul>\n<li style=\"text-align: justify\"><a href=\"\/es\/temas\/vida-material\/muebles\/los-muebles-barrocos\/\" title=\"Los muebles barrocos\">Los muebles barrocos y su pervivencia hoy<\/a><\/li>\n<li style=\"text-align: justify\"><span style=\"text-align: justify\"><a href=\"\/es\/temas\/vida-material\/muebles\/papeleras-y-escritorios\/\" title=\"Papeleras y escritorios\">Guardando la documentaci\u00f3n secreta: las papeleras y escritorios de \u00e9poca barroca<\/a><\/span><\/li>\n<li style=\"text-align: justify\"><span style=\"text-align: justify\"><a href=\"\/es\/temas\/vida-material\/muebles\/camas\/\" title=\"Camas\">El descanso pl\u00e1cido durante el barroco espa\u00f1ol: las camas<\/a><\/span><\/li>\n<li style=\"text-align: justify\"><span style=\"text-align: justify\"><a href=\"\/es\/temas\/vida-material\/muebles\/sillas-sillones-y-sillas-de-mano\/\" title=\"Sillas, sillones y sillas de mano\">Formas inmutables en el tiempo: sillas, sillones y sillas de mano<\/a><\/span><\/li>\n<li style=\"text-align: justify\"><span style=\"text-align: justify\"><a href=\"\/es\/temas\/vida-material\/muebles\/braseros-lamparas-y-espejos\/\" title=\"Braseros, l\u00e1mparas y espejos\">Peque\u00f1os muebles: braseros, l\u00e1mparas y espejos<\/a><\/span><\/li>\n<\/ul><\/div>\n<p><\/p>\n","protected":false},"excerpt":{"rendered":"<p>Vida material Testigos de la vida cotidiana: el mobiliario espa\u00f1ol de \u00e9poca barroca Los muebles barrocos y su pervivencia hoy Guardando la documentaci\u00f3n secreta: las papeleras y escritorios de \u00e9poca barroca El descanso pl\u00e1cido durante el barroco espa\u00f1ol: las camas Formas inmutables en el tiempo:&hellip;<\/p>\n","protected":false},"author":1,"featured_media":0,"parent":5912,"menu_order":0,"comment_status":"closed","ping_status":"closed","template":"","meta":{"footnotes":""},"class_list":["post-5917","page","type-page","status-publish","hentry"],"_links":{"self":[{"href":"https:\/\/digitalhistory.unite.it\/es\/wp-json\/wp\/v2\/pages\/5917","targetHints":{"allow":["GET"]}}],"collection":[{"href":"https:\/\/digitalhistory.unite.it\/es\/wp-json\/wp\/v2\/pages"}],"about":[{"href":"https:\/\/digitalhistory.unite.it\/es\/wp-json\/wp\/v2\/types\/page"}],"author":[{"embeddable":true,"href":"https:\/\/digitalhistory.unite.it\/es\/wp-json\/wp\/v2\/users\/1"}],"replies":[{"embeddable":true,"href":"https:\/\/digitalhistory.unite.it\/es\/wp-json\/wp\/v2\/comments?post=5917"}],"version-history":[{"count":2,"href":"https:\/\/digitalhistory.unite.it\/es\/wp-json\/wp\/v2\/pages\/5917\/revisions"}],"predecessor-version":[{"id":11958,"href":"https:\/\/digitalhistory.unite.it\/es\/wp-json\/wp\/v2\/pages\/5917\/revisions\/11958"}],"up":[{"embeddable":true,"href":"https:\/\/digitalhistory.unite.it\/es\/wp-json\/wp\/v2\/pages\/5912"}],"wp:attachment":[{"href":"https:\/\/digitalhistory.unite.it\/es\/wp-json\/wp\/v2\/media?parent=5917"}],"curies":[{"name":"wp","href":"https:\/\/api.w.org\/{rel}","templated":true}]}}